{"id":1928,"date":"2025-02-28T12:32:25","date_gmt":"2025-02-28T11:32:25","guid":{"rendered":"https:\/\/www.domsvitania.sk\/?page_id=1928"},"modified":"2025-07-10T13:32:37","modified_gmt":"2025-07-10T11:32:37","slug":"homepage","status":"publish","type":"page","link":"https:\/\/www.domsvitania.sk\/?page_id=1928","title":{"rendered":"Dom Svitania, n.o."},"content":{"rendered":"\n<div class=\"wp-block-cover is-light\"><img loading=\"lazy\" decoding=\"async\" width=\"2048\" height=\"1050\" class=\"wp-block-cover__image-background wp-image-1926\" alt=\"\" src=\"https:\/\/www.domsvitania.sk\/wp-content\/uploads\/2008\/03\/IMG-20250228-WA0001-1.jpg\" data-object-fit=\"cover\" srcset=\"https:\/\/www.domsvitania.sk\/wp-content\/uploads\/2008\/03\/IMG-20250228-WA0001-1.jpg 2048w, https:\/\/www.domsvitania.sk\/wp-content\/uploads\/2008\/03\/IMG-20250228-WA0001-1-300x154.jpg 300w, https:\/\/www.domsvitania.sk\/wp-content\/uploads\/2008\/03\/IMG-20250228-WA0001-1-600x308.jpg 600w, https:\/\/www.domsvitania.sk\/wp-content\/uploads\/2008\/03\/IMG-20250228-WA0001-1-1024x525.jpg 1024w, https:\/\/www.domsvitania.sk\/wp-content\/uploads\/2008\/03\/IMG-20250228-WA0001-1-768x394.jpg 768w, https:\/\/www.domsvitania.sk\/wp-content\/uploads\/2008\/03\/IMG-20250228-WA0001-1-1536x788.jpg 1536w, https:\/\/www.domsvitania.sk\/wp-content\/uploads\/2008\/03\/IMG-20250228-WA0001-1-32x16.jpg 32w, https:\/\/www.domsvitania.sk\/wp-content\/uploads\/2008\/03\/IMG-20250228-WA0001-1-48x25.jpg 48w, https:\/\/www.domsvitania.sk\/wp-content\/uploads\/2008\/03\/IMG-20250228-WA0001-1-64x33.jpg 64w\" sizes=\"auto, (max-width: 2048px) 100vw, 2048px\" \/><span aria-hidden=\"true\" class=\"wp-block-cover__background has-background-dim-0 has-background-dim\" style=\"background-color:#7f7772\"><\/span><div class=\"wp-block-cover__inner-container is-layout-flow wp-block-cover-is-layout-flow\">\n<p class=\"has-text-align-center has-large-font-size has-white-color has-text-color\"><strong>O n\u00e1s  \ud83d\ude42<\/strong><\/p>\n\n\n\n<div class=\"wp-block-buttons is-content-justification-center is-layout-flex wp-container-core-buttons-is-layout-16018d1d wp-block-buttons-is-layout-flex\">\n<div class=\"wp-block-button\"><a class=\"wp-block-button__link wp-element-button\" href=\"https:\/\/www.domsvitania.sk\/?p=13\">Dobr\u00e9 vedie\u0165!<\/a><\/div>\n<\/div>\n<\/div><\/div>\n\n\n\n<div class=\"wp-block-cover is-light\"><img loading=\"lazy\" decoding=\"async\" width=\"2560\" height=\"2394\" class=\"wp-block-cover__image-background wp-image-1984\" alt=\"\" src=\"https:\/\/www.domsvitania.sk\/wp-content\/uploads\/2025\/02\/20241220_134228-reh-scaled.jpg\" data-object-fit=\"cover\" srcset=\"https:\/\/www.domsvitania.sk\/wp-content\/uploads\/2025\/02\/20241220_134228-reh-scaled.jpg 2560w, https:\/\/www.domsvitania.sk\/wp-content\/uploads\/2025\/02\/20241220_134228-reh-300x281.jpg 300w, https:\/\/www.domsvitania.sk\/wp-content\/uploads\/2025\/02\/20241220_134228-reh-scaled-600x561.jpg 600w, https:\/\/www.domsvitania.sk\/wp-content\/uploads\/2025\/02\/20241220_134228-reh-1024x958.jpg 1024w, https:\/\/www.domsvitania.sk\/wp-content\/uploads\/2025\/02\/20241220_134228-reh-768x718.jpg 768w, https:\/\/www.domsvitania.sk\/wp-content\/uploads\/2025\/02\/20241220_134228-reh-1536x1437.jpg 1536w, https:\/\/www.domsvitania.sk\/wp-content\/uploads\/2025\/02\/20241220_134228-reh-2048x1916.jpg 2048w, https:\/\/www.domsvitania.sk\/wp-content\/uploads\/2025\/02\/20241220_134228-reh-32x30.jpg 32w, https:\/\/www.domsvitania.sk\/wp-content\/uploads\/2025\/02\/20241220_134228-reh-48x45.jpg 48w, https:\/\/www.domsvitania.sk\/wp-content\/uploads\/2025\/02\/20241220_134228-reh-64x60.jpg 64w\" sizes=\"auto, (max-width: 2560px) 100vw, 2560px\" \/><span aria-hidden=\"true\" class=\"wp-block-cover__background has-background-dim-0 has-background-dim\" style=\"background-color:#826b5c\"><\/span><div class=\"wp-block-cover__inner-container is-layout-flow wp-block-cover-is-layout-flow\">\n<p class=\"has-text-align-center has-large-font-size has-white-color has-text-color\"><strong>Vitajte u n\u00e1s v rehabilita\u010dnom stredisku \ud83d\ude42<\/strong><\/p>\n\n\n\n<div class=\"wp-block-buttons is-content-justification-center is-layout-flex wp-container-core-buttons-is-layout-16018d1d wp-block-buttons-is-layout-flex\">\n<div class=\"wp-block-button\"><a class=\"wp-block-button__link wp-element-button\" href=\"https:\/\/www.domsvitania.sk\/?cat=2\">Na\u0161e aktivity!<\/a><\/div>\n<\/div>\n<\/div><\/div>\n\n\n\n<div class=\"wp-block-cover is-light\"><img loading=\"lazy\" decoding=\"async\" width=\"1920\" height=\"1280\" class=\"wp-block-cover__image-background wp-image-1930\" alt=\"\" src=\"https:\/\/www.domsvitania.sk\/wp-content\/uploads\/2025\/02\/other-small.jpg\" data-object-fit=\"cover\" srcset=\"https:\/\/www.domsvitania.sk\/wp-content\/uploads\/2025\/02\/other-small.jpg 1920w, https:\/\/www.domsvitania.sk\/wp-content\/uploads\/2025\/02\/other-small-300x200.jpg 300w, https:\/\/www.domsvitania.sk\/wp-content\/uploads\/2025\/02\/other-small-600x400.jpg 600w, https:\/\/www.domsvitania.sk\/wp-content\/uploads\/2025\/02\/other-small-1024x683.jpg 1024w, https:\/\/www.domsvitania.sk\/wp-content\/uploads\/2025\/02\/other-small-768x512.jpg 768w, https:\/\/www.domsvitania.sk\/wp-content\/uploads\/2025\/02\/other-small-1536x1024.jpg 1536w, https:\/\/www.domsvitania.sk\/wp-content\/uploads\/2025\/02\/other-small-32x21.jpg 32w, https:\/\/www.domsvitania.sk\/wp-content\/uploads\/2025\/02\/other-small-48x32.jpg 48w, https:\/\/www.domsvitania.sk\/wp-content\/uploads\/2025\/02\/other-small-64x43.jpg 64w\" sizes=\"auto, (max-width: 1920px) 100vw, 1920px\" \/><span aria-hidden=\"true\" class=\"wp-block-cover__background has-background-dim-0 has-background-dim\"><\/span><div class=\"wp-block-cover__inner-container is-layout-flow wp-block-cover-is-layout-flow\">\n<p class=\"has-text-align-center has-large-font-size has-white-color has-text-color\"><strong>Eshop<\/strong><\/p>\n\n\n\n<div class=\"wp-block-buttons is-content-justification-center is-layout-flex wp-container-core-buttons-is-layout-16018d1d wp-block-buttons-is-layout-flex\">\n<div class=\"wp-block-button\"><a class=\"wp-block-button__link wp-element-button\" href=\"https:\/\/www.domsvitania.sk\/?page_id=550\">Go shopping!<\/a><\/div>\n<\/div>\n<\/div><\/div>\n\n\n\n<ul class=\"wp-block-social-links alignleft is-layout-flex wp-block-social-links-is-layout-flex\"><\/ul>\n\n\n\n<ul class=\"wp-block-social-links aligncenter has-huge-icon-size is-content-justification-right is-layout-flex wp-container-core-social-links-is-layout-765c4724 wp-block-social-links-is-layout-flex\"><li class=\"wp-social-link wp-social-link-facebook  wp-block-social-link\"><a href=\"https:\/\/www.facebook.com\/domsvitaniask\" class=\"wp-block-social-link-anchor\"><svg width=\"24\" height=\"24\" viewBox=\"0 0 24 24\" version=\"1.1\" xmlns=\"http:\/\/www.w3.org\/2000\/svg\" aria-hidden=\"true\" focusable=\"false\"><path d=\"M12 2C6.5 2 2 6.5 2 12c0 5 3.7 9.1 8.4 9.9v-7H7.9V12h2.5V9.8c0-2.5 1.5-3.9 3.8-3.9 1.1 0 2.2.2 2.2.2v2.5h-1.3c-1.2 0-1.6.8-1.6 1.6V12h2.8l-.4 2.9h-2.3v7C18.3 21.1 22 17 22 12c0-5.5-4.5-10-10-10z\"><\/path><\/svg><span class=\"wp-block-social-link-label screen-reader-text\">Facebook<\/span><\/a><\/li><\/ul>\n\n\n\n<h2 class=\"wp-block-heading\"><\/h2>\n\n\n\n<div class=\"wp-block-columns is-layout-flex wp-container-core-columns-is-layout-9d6595d7 wp-block-columns-is-layout-flex\">\n<div class=\"wp-block-column is-layout-flow wp-block-column-is-layout-flow\" style=\"flex-basis:100%\">\n<div class=\"wp-block-group alignfull\"><div class=\"wp-block-group__inner-container is-layout-constrained wp-block-group-is-layout-constrained\">\n<div class=\"wp-block-group alignfull\"><div class=\"wp-block-group__inner-container is-layout-constrained wp-block-group-is-layout-constrained\">\n<details class=\"wp-block-details alignfull is-layout-flow wp-block-details-is-layout-flow\"><summary><\/summary>\n<div class=\"wp-block-group\"><div class=\"wp-block-group__inner-container is-layout-constrained wp-block-group-is-layout-constrained\"><ul class=\"wp-block-latest-posts__list wp-block-latest-posts\"><li><a class=\"wp-block-latest-posts__post-title\" href=\"https:\/\/www.domsvitania.sk\/?p=3359\">Janu\u00e1r pln\u00fd o\u010dak\u00e1van\u00ed<\/a><\/li>\n<li><a class=\"wp-block-latest-posts__post-title\" href=\"https:\/\/www.domsvitania.sk\/?p=3290\">December pln\u00fd v\u010faky<\/a><\/li>\n<li><a class=\"wp-block-latest-posts__post-title\" href=\"https:\/\/www.domsvitania.sk\/?p=3151\">Novembrov\u00e1 svie\u010dka slobody &#8211; november u n\u00e1s v Dome Svitania\ud83d\udd6f\ufe0f<\/a><\/li>\n<li><a class=\"wp-block-latest-posts__post-title\" href=\"https:\/\/www.domsvitania.sk\/?p=3085\">Podporte na\u0161e hodnoty \u2013 venujte % podiel z Va\u0161ich dan\u00ed Domu Svitania!<\/a><\/li>\n<li><a class=\"wp-block-latest-posts__post-title\" href=\"https:\/\/www.domsvitania.sk\/?p=3017\">A je tu Okt\u00f3ber!<\/a><\/li>\n<\/ul><\/div><\/div>\n<\/details>\n<\/div><\/div>\n<\/div><\/div>\n<\/div>\n<\/div>\n\n\n\n<p><\/p>\n","protected":false},"excerpt":{"rendered":"","protected":false},"author":1,"featured_media":1926,"parent":0,"menu_order":0,"comment_status":"closed","ping_status":"closed","template":"","meta":{"_kad_post_transparent":"","_kad_post_title":"","_kad_post_layout":"","_kad_post_sidebar_id":"","_kad_post_content_style":"","_kad_post_vertical_padding":"","_kad_post_feature":"","_kad_post_feature_position":"","_kad_post_header":false,"_kad_post_footer":false,"_kad_post_classname":"","footnotes":""},"class_list":["post-1928","page","type-page","status-publish","has-post-thumbnail","hentry"],"yoast_head":"<!-- This site is optimized with the Yoast SEO plugin v26.7 - https:\/\/yoast.com\/wordpress\/plugins\/seo\/ -->\n<title>Dom Svitania, n.o. - Dom Svitania<\/title>\n<meta name=\"robots\" content=\"index, follow, max-snippet:-1, max-image-preview:large, max-video-preview:-1\" \/>\n<link rel=\"canonical\" href=\"https:\/\/www.domsvitania.sk\/?page_id=1928\" \/>\n<meta property=\"og:locale\" content=\"sk_SK\" \/>\n<meta property=\"og:type\" content=\"article\" \/>\n<meta property=\"og:title\" content=\"Dom Svitania, n.o. - Dom Svitania\" \/>\n<meta property=\"og:url\" content=\"https:\/\/www.domsvitania.sk\/?page_id=1928\" \/>\n<meta property=\"og:site_name\" content=\"Dom Svitania\" \/>\n<meta property=\"article:publisher\" content=\"https:\/\/www.facebook.com\/domsvitaniask\" \/>\n<meta property=\"article:modified_time\" content=\"2025-07-10T11:32:37+00:00\" \/>\n<meta property=\"og:image\" content=\"https:\/\/www.domsvitania.sk\/wp-content\/uploads\/2008\/03\/IMG-20250228-WA0001-1.jpg\" \/>\n\t<meta property=\"og:image:width\" content=\"2048\" \/>\n\t<meta property=\"og:image:height\" content=\"1050\" \/>\n\t<meta property=\"og:image:type\" content=\"image\/jpeg\" \/>\n<meta name=\"twitter:card\" content=\"summary_large_image\" \/>\n<meta name=\"twitter:label1\" content=\"Predpokladan\u00fd \u010das \u010d\u00edtania\" \/>\n\t<meta name=\"twitter:data1\" content=\"1 min\u00fata\" \/>\n<script type=\"application\/ld+json\" class=\"yoast-schema-graph\">{\"@context\":\"https:\/\/schema.org\",\"@graph\":[{\"@type\":[\"WebPage\",\"CollectionPage\"],\"@id\":\"https:\/\/www.domsvitania.sk\/?page_id=1928\",\"url\":\"https:\/\/www.domsvitania.sk\/?page_id=1928\",\"name\":\"Dom Svitania, n.o. - Dom Svitania\",\"isPartOf\":{\"@id\":\"https:\/\/www.domsvitania.sk\/#website\"},\"primaryImageOfPage\":{\"@id\":\"https:\/\/www.domsvitania.sk\/?page_id=1928#primaryimage\"},\"image\":{\"@id\":\"https:\/\/www.domsvitania.sk\/?page_id=1928#primaryimage\"},\"thumbnailUrl\":\"https:\/\/www.domsvitania.sk\/wp-content\/uploads\/2008\/03\/IMG-20250228-WA0001-1.jpg\",\"datePublished\":\"2025-02-28T11:32:25+00:00\",\"dateModified\":\"2025-07-10T11:32:37+00:00\",\"breadcrumb\":{\"@id\":\"https:\/\/www.domsvitania.sk\/?page_id=1928#breadcrumb\"},\"inLanguage\":\"sk-SK\"},{\"@type\":\"ImageObject\",\"inLanguage\":\"sk-SK\",\"@id\":\"https:\/\/www.domsvitania.sk\/?page_id=1928#primaryimage\",\"url\":\"https:\/\/www.domsvitania.sk\/wp-content\/uploads\/2008\/03\/IMG-20250228-WA0001-1.jpg\",\"contentUrl\":\"https:\/\/www.domsvitania.sk\/wp-content\/uploads\/2008\/03\/IMG-20250228-WA0001-1.jpg\",\"width\":2048,\"height\":1050},{\"@type\":\"BreadcrumbList\",\"@id\":\"https:\/\/www.domsvitania.sk\/?page_id=1928#breadcrumb\",\"itemListElement\":[{\"@type\":\"ListItem\",\"position\":1,\"name\":\"Domovsk\u00e1 str\u00e1nka\",\"item\":\"https:\/\/www.domsvitania.sk\/\"},{\"@type\":\"ListItem\",\"position\":2,\"name\":\"Dom Svitania, n.o.\"}]},{\"@type\":\"WebSite\",\"@id\":\"https:\/\/www.domsvitania.sk\/#website\",\"url\":\"https:\/\/www.domsvitania.sk\/\",\"name\":\"Dom Svitania\",\"description\":\"Rehabilita\u010dn\u00e9 stredisko a chr\u00e1nen\u00e1 diel\u0148a\",\"publisher\":{\"@id\":\"https:\/\/www.domsvitania.sk\/#organization\"},\"potentialAction\":[{\"@type\":\"SearchAction\",\"target\":{\"@type\":\"EntryPoint\",\"urlTemplate\":\"https:\/\/www.domsvitania.sk\/?s={search_term_string}\"},\"query-input\":{\"@type\":\"PropertyValueSpecification\",\"valueRequired\":true,\"valueName\":\"search_term_string\"}}],\"inLanguage\":\"sk-SK\"},{\"@type\":\"Organization\",\"@id\":\"https:\/\/www.domsvitania.sk\/#organization\",\"name\":\"Dom Svitania, n.o.\",\"url\":\"https:\/\/www.domsvitania.sk\/\",\"logo\":{\"@type\":\"ImageObject\",\"inLanguage\":\"sk-SK\",\"@id\":\"https:\/\/www.domsvitania.sk\/#\/schema\/logo\/image\/\",\"url\":\"https:\/\/www.domsvitania.sk\/wp-content\/uploads\/2023\/01\/dom_svitania_logo.jpg\",\"contentUrl\":\"https:\/\/www.domsvitania.sk\/wp-content\/uploads\/2023\/01\/dom_svitania_logo.jpg\",\"width\":243,\"height\":208,\"caption\":\"Dom Svitania, n.o.\"},\"image\":{\"@id\":\"https:\/\/www.domsvitania.sk\/#\/schema\/logo\/image\/\"},\"sameAs\":[\"https:\/\/www.facebook.com\/domsvitaniask\",\"https:\/\/www.instagram.com\/domsvitania\"]}]}<\/script>\n<!-- \/ Yoast SEO plugin. -->","yoast_head_json":{"title":"Dom Svitania, n.o. - Dom Svitania","robots":{"index":"index","follow":"follow","max-snippet":"max-snippet:-1","max-image-preview":"max-image-preview:large","max-video-preview":"max-video-preview:-1"},"canonical":"https:\/\/www.domsvitania.sk\/?page_id=1928","og_locale":"sk_SK","og_type":"article","og_title":"Dom Svitania, n.o. - Dom Svitania","og_url":"https:\/\/www.domsvitania.sk\/?page_id=1928","og_site_name":"Dom Svitania","article_publisher":"https:\/\/www.facebook.com\/domsvitaniask","article_modified_time":"2025-07-10T11:32:37+00:00","og_image":[{"width":2048,"height":1050,"url":"https:\/\/www.domsvitania.sk\/wp-content\/uploads\/2008\/03\/IMG-20250228-WA0001-1.jpg","type":"image\/jpeg"}],"twitter_card":"summary_large_image","twitter_misc":{"Predpokladan\u00fd \u010das \u010d\u00edtania":"1 min\u00fata"},"schema":{"@context":"https:\/\/schema.org","@graph":[{"@type":["WebPage","CollectionPage"],"@id":"https:\/\/www.domsvitania.sk\/?page_id=1928","url":"https:\/\/www.domsvitania.sk\/?page_id=1928","name":"Dom Svitania, n.o. - Dom Svitania","isPartOf":{"@id":"https:\/\/www.domsvitania.sk\/#website"},"primaryImageOfPage":{"@id":"https:\/\/www.domsvitania.sk\/?page_id=1928#primaryimage"},"image":{"@id":"https:\/\/www.domsvitania.sk\/?page_id=1928#primaryimage"},"thumbnailUrl":"https:\/\/www.domsvitania.sk\/wp-content\/uploads\/2008\/03\/IMG-20250228-WA0001-1.jpg","datePublished":"2025-02-28T11:32:25+00:00","dateModified":"2025-07-10T11:32:37+00:00","breadcrumb":{"@id":"https:\/\/www.domsvitania.sk\/?page_id=1928#breadcrumb"},"inLanguage":"sk-SK"},{"@type":"ImageObject","inLanguage":"sk-SK","@id":"https:\/\/www.domsvitania.sk\/?page_id=1928#primaryimage","url":"https:\/\/www.domsvitania.sk\/wp-content\/uploads\/2008\/03\/IMG-20250228-WA0001-1.jpg","contentUrl":"https:\/\/www.domsvitania.sk\/wp-content\/uploads\/2008\/03\/IMG-20250228-WA0001-1.jpg","width":2048,"height":1050},{"@type":"BreadcrumbList","@id":"https:\/\/www.domsvitania.sk\/?page_id=1928#breadcrumb","itemListElement":[{"@type":"ListItem","position":1,"name":"Domovsk\u00e1 str\u00e1nka","item":"https:\/\/www.domsvitania.sk\/"},{"@type":"ListItem","position":2,"name":"Dom Svitania, n.o."}]},{"@type":"WebSite","@id":"https:\/\/www.domsvitania.sk\/#website","url":"https:\/\/www.domsvitania.sk\/","name":"Dom Svitania","description":"Rehabilita\u010dn\u00e9 stredisko a chr\u00e1nen\u00e1 diel\u0148a","publisher":{"@id":"https:\/\/www.domsvitania.sk\/#organization"},"potentialAction":[{"@type":"SearchAction","target":{"@type":"EntryPoint","urlTemplate":"https:\/\/www.domsvitania.sk\/?s={search_term_string}"},"query-input":{"@type":"PropertyValueSpecification","valueRequired":true,"valueName":"search_term_string"}}],"inLanguage":"sk-SK"},{"@type":"Organization","@id":"https:\/\/www.domsvitania.sk\/#organization","name":"Dom Svitania, n.o.","url":"https:\/\/www.domsvitania.sk\/","logo":{"@type":"ImageObject","inLanguage":"sk-SK","@id":"https:\/\/www.domsvitania.sk\/#\/schema\/logo\/image\/","url":"https:\/\/www.domsvitania.sk\/wp-content\/uploads\/2023\/01\/dom_svitania_logo.jpg","contentUrl":"https:\/\/www.domsvitania.sk\/wp-content\/uploads\/2023\/01\/dom_svitania_logo.jpg","width":243,"height":208,"caption":"Dom Svitania, n.o."},"image":{"@id":"https:\/\/www.domsvitania.sk\/#\/schema\/logo\/image\/"},"sameAs":["https:\/\/www.facebook.com\/domsvitaniask","https:\/\/www.instagram.com\/domsvitania"]}]}},"jetpack_sharing_enabled":true,"_links":{"self":[{"href":"https:\/\/www.domsvitania.sk\/index.php?rest_route=\/wp\/v2\/pages\/1928","targetHints":{"allow":["GET"]}}],"collection":[{"href":"https:\/\/www.domsvitania.sk\/index.php?rest_route=\/wp\/v2\/pages"}],"about":[{"href":"https:\/\/www.domsvitania.sk\/index.php?rest_route=\/wp\/v2\/types\/page"}],"author":[{"embeddable":true,"href":"https:\/\/www.domsvitania.sk\/index.php?rest_route=\/wp\/v2\/users\/1"}],"replies":[{"embeddable":true,"href":"https:\/\/www.domsvitania.sk\/index.php?rest_route=%2Fwp%2Fv2%2Fcomments&post=1928"}],"version-history":[{"count":22,"href":"https:\/\/www.domsvitania.sk\/index.php?rest_route=\/wp\/v2\/pages\/1928\/revisions"}],"predecessor-version":[{"id":2015,"href":"https:\/\/www.domsvitania.sk\/index.php?rest_route=\/wp\/v2\/pages\/1928\/revisions\/2015"}],"wp:featuredmedia":[{"embeddable":true,"href":"https:\/\/www.domsvitania.sk\/index.php?rest_route=\/wp\/v2\/media\/1926"}],"wp:attachment":[{"href":"https:\/\/www.domsvitania.sk\/index.php?rest_route=%2Fwp%2Fv2%2Fmedia&parent=1928"}],"curies":[{"name":"wp","href":"https:\/\/api.w.org\/{rel}","templated":true}]}}