{"id":1241,"date":"2023-01-24T10:56:37","date_gmt":"2023-01-24T09:56:37","guid":{"rendered":"https:\/\/www.domsvitania.sk\/?post_type=product&#038;p=1241"},"modified":"2026-03-03T08:28:09","modified_gmt":"2026-03-03T07:28:09","slug":"psik","status":"publish","type":"product","link":"https:\/\/www.domsvitania.sk\/?product=psik","title":{"rendered":"Psik od Dominika"},"content":{"rendered":"<p data-start=\"21\" data-end=\"97\">\ud83d\udc36 <strong data-start=\"24\" data-end=\"94\">Ps\u00edk \u2013 ru\u010dne \u0161it\u00fd kamar\u00e1t pre mal\u00fdch aj ve\u013ek\u00fdch milovn\u00edkov zvierat<\/strong> \ud83d\udc36<\/p>\n<p data-start=\"99\" data-end=\"463\">Tento rozko\u0161n\u00fd <strong data-start=\"114\" data-end=\"143\">ps\u00edk in\u0161pirovan\u00fd teri\u00e9rom<\/strong> je vern\u00fdm spolo\u010dn\u00edkom pre deti, ktor\u00e9 miluj\u00fa zvieratk\u00e1, ale aj mil\u00fd doplnok pre dospel\u00fdch ps\u00ed\u010dkarov, ktor\u00ed ocenia ru\u010dn\u00fa pr\u00e1cu s du\u0161ou. Ka\u017ed\u00fd ps\u00edk je <strong data-start=\"321\" data-end=\"333\">origin\u00e1l<\/strong>, vyroben\u00fd <strong data-start=\"344\" data-end=\"370\">Jankou alebo Dominikom<\/strong>, dvoma v\u00fdnimo\u010dn\u00fdmi \u013eu\u010fmi so zdravotn\u00fdm znev\u00fdhodnen\u00edm, ktor\u00ed svojou tvorbou rozd\u00e1vaj\u00fa rados\u0165.<\/p>\n<p data-start=\"465\" data-end=\"568\">Ka\u017ed\u00fd ps\u00edk m\u00e1 <strong data-start=\"479\" data-end=\"525\">vlastn\u00fd v\u00fdraz, kombin\u00e1ciu l\u00e1tok a osobnos\u0165<\/strong> \u2013 presne ako skuto\u010dn\u00ed \u0161tvornoh\u00ed priatelia.<\/p>\n<p data-start=\"570\" data-end=\"602\">\ud83e\uddf5 <strong data-start=\"573\" data-end=\"600\">Pre\u010do si ho zamilujete?<\/strong><\/p>\n<ul data-start=\"603\" data-end=\"900\">\n<li data-start=\"603\" data-end=\"654\">\n<p data-start=\"605\" data-end=\"654\"><strong data-start=\"605\" data-end=\"624\">Unik\u00e1tny dizajn<\/strong> \u2013 \u017eiadny kus nie je rovnak\u00fd<\/p>\n<\/li>\n<li data-start=\"655\" data-end=\"695\">\n<p data-start=\"657\" data-end=\"695\">M\u00e4ku\u010dk\u00fd a bezpe\u010dn\u00fd aj pre najmen\u0161\u00edch<\/p>\n<\/li>\n<li data-start=\"696\" data-end=\"757\">\n<p data-start=\"698\" data-end=\"757\">Skvel\u00fd dar\u010dek pre <strong data-start=\"716\" data-end=\"755\">milovn\u00edkov ps\u00edkov a hand made tvorby<\/strong><\/p>\n<\/li>\n<li data-start=\"758\" data-end=\"814\">\n<p data-start=\"760\" data-end=\"814\">Vyroben\u00fd s l\u00e1skou, trpezlivos\u0165ou a d\u00f4razom na detail<\/p>\n<\/li>\n<li data-start=\"815\" data-end=\"900\">\n<p data-start=\"817\" data-end=\"900\">K\u00fapou podpor\u00edte Janku alebo Dominika a ich cestu cez tvorenie k zmyslupln\u00e9mu \u017eivotu<\/p>\n<\/li>\n<\/ul>\n<p data-start=\"902\" data-end=\"1003\">\ud83c\udf81 <strong data-start=\"905\" data-end=\"913\">Tip:<\/strong> Vhodn\u00fd do postie\u013eky, ako dekor\u00e1cia alebo ako dar\u010dek pre ps\u00ed\u010dkarku \u010di ps\u00ed\u010dk\u00e1ra.<\/p>\n<p data-start=\"902\" data-end=\"1003\">Adoptujte si svojho ru\u010dne \u0161it\u00e9ho teri\u00e9ra e\u0161te dnes! \ud83d\udc3e<\/p>\n","protected":false},"excerpt":{"rendered":"<p>\ud83d\udc36 Ps\u00edk \u2013 ru\u010dne \u0161it\u00fd kamar\u00e1t pre mal\u00fdch aj ve\u013ek\u00fdch milovn\u00edkov zvierat \ud83d\udc36 Tento rozko\u0161n\u00fd ps\u00edk in\u0161pirovan\u00fd teri\u00e9rom je vern\u00fdm spolo\u010dn\u00edkom pre deti, ktor\u00e9 miluj\u00fa zvieratk\u00e1, ale aj mil\u00fd doplnok pre dospel\u00fdch ps\u00ed\u010dkarov, ktor\u00ed ocenia ru\u010dn\u00fa pr\u00e1cu s du\u0161ou. Ka\u017ed\u00fd ps\u00edk je origin\u00e1l, vyroben\u00fd Jankou alebo Dominikom, dvoma v\u00fdnimo\u010dn\u00fdmi \u013eu\u010fmi so zdravotn\u00fdm znev\u00fdhodnen\u00edm, ktor\u00ed svojou&#8230;<\/p>\n","protected":false},"featured_media":2124,"comment_status":"closed","ping_status":"closed","template":"","meta":{"_kad_post_transparent":"default","_kad_post_title":"","_kad_post_layout":"default","_kad_post_sidebar_id":"","_kad_post_content_style":"default","_kad_post_vertical_padding":"default","_kad_post_feature":"","_kad_post_feature_position":"","_kad_post_header":false,"_kad_post_footer":false,"_kad_post_classname":""},"product_brand":[],"product_cat":[38],"product_tag":[46],"class_list":{"0":"post-1241","1":"product","2":"type-product","3":"status-publish","4":"has-post-thumbnail","6":"product_cat-nase-hracky-s-laskou-vyrabane","7":"product_tag-vyrobky-z-latky-4","9":"first","10":"instock","11":"shipping-taxable","12":"purchasable","13":"product-type-simple","14":"entry","15":"content-bg","16":"loop-entry"},"yoast_head":"<!-- This site is optimized with the Yoast SEO plugin v26.7 - https:\/\/yoast.com\/wordpress\/plugins\/seo\/ -->\n<title>Psik od Dominika - Dom Svitania<\/title>\n<meta name=\"robots\" content=\"index, follow, max-snippet:-1, max-image-preview:large, max-video-preview:-1\" \/>\n<link rel=\"canonical\" href=\"https:\/\/www.domsvitania.sk\/?product=psik\" \/>\n<meta property=\"og:locale\" content=\"sk_SK\" \/>\n<meta property=\"og:type\" content=\"article\" \/>\n<meta property=\"og:title\" content=\"Psik od Dominika - Dom Svitania\" \/>\n<meta property=\"og:description\" content=\"\ud83d\udc36 Ps\u00edk \u2013 ru\u010dne \u0161it\u00fd kamar\u00e1t pre mal\u00fdch aj ve\u013ek\u00fdch milovn\u00edkov zvierat \ud83d\udc36 Tento rozko\u0161n\u00fd ps\u00edk in\u0161pirovan\u00fd teri\u00e9rom je vern\u00fdm spolo\u010dn\u00edkom pre deti, ktor\u00e9 miluj\u00fa zvieratk\u00e1, ale aj mil\u00fd doplnok pre dospel\u00fdch ps\u00ed\u010dkarov, ktor\u00ed ocenia ru\u010dn\u00fa pr\u00e1cu s du\u0161ou. Ka\u017ed\u00fd ps\u00edk je origin\u00e1l, vyroben\u00fd Jankou alebo Dominikom, dvoma v\u00fdnimo\u010dn\u00fdmi \u013eu\u010fmi so zdravotn\u00fdm znev\u00fdhodnen\u00edm, ktor\u00ed svojou...\" \/>\n<meta property=\"og:url\" content=\"https:\/\/www.domsvitania.sk\/?product=psik\" \/>\n<meta property=\"og:site_name\" content=\"Dom Svitania\" \/>\n<meta property=\"article:publisher\" content=\"https:\/\/www.facebook.com\/domsvitaniask\" \/>\n<meta property=\"article:modified_time\" content=\"2026-03-03T07:28:09+00:00\" \/>\n<meta property=\"og:image\" content=\"https:\/\/www.domsvitania.sk\/wp-content\/uploads\/2023\/01\/503777102_1224405916391446_4308554960304581501_n.jpg\" \/>\n\t<meta property=\"og:image:width\" content=\"1000\" \/>\n\t<meta property=\"og:image:height\" content=\"750\" \/>\n\t<meta property=\"og:image:type\" content=\"image\/jpeg\" \/>\n<meta name=\"twitter:card\" content=\"summary_large_image\" \/>\n<meta name=\"twitter:label1\" content=\"Predpokladan\u00fd \u010das \u010d\u00edtania\" \/>\n\t<meta name=\"twitter:data1\" content=\"1 min\u00fata\" \/>\n<script type=\"application\/ld+json\" class=\"yoast-schema-graph\">{\"@context\":\"https:\/\/schema.org\",\"@graph\":[{\"@type\":\"WebPage\",\"@id\":\"https:\/\/www.domsvitania.sk\/?product=psik\",\"url\":\"https:\/\/www.domsvitania.sk\/?product=psik\",\"name\":\"Psik od Dominika - Dom Svitania\",\"isPartOf\":{\"@id\":\"https:\/\/www.domsvitania.sk\/#website\"},\"primaryImageOfPage\":{\"@id\":\"https:\/\/www.domsvitania.sk\/?product=psik#primaryimage\"},\"image\":{\"@id\":\"https:\/\/www.domsvitania.sk\/?product=psik#primaryimage\"},\"thumbnailUrl\":\"https:\/\/www.domsvitania.sk\/wp-content\/uploads\/2023\/01\/503777102_1224405916391446_4308554960304581501_n.jpg\",\"datePublished\":\"2023-01-24T09:56:37+00:00\",\"dateModified\":\"2026-03-03T07:28:09+00:00\",\"breadcrumb\":{\"@id\":\"https:\/\/www.domsvitania.sk\/?product=psik#breadcrumb\"},\"inLanguage\":\"sk-SK\",\"potentialAction\":[{\"@type\":\"ReadAction\",\"target\":[\"https:\/\/www.domsvitania.sk\/?product=psik\"]}]},{\"@type\":\"ImageObject\",\"inLanguage\":\"sk-SK\",\"@id\":\"https:\/\/www.domsvitania.sk\/?product=psik#primaryimage\",\"url\":\"https:\/\/www.domsvitania.sk\/wp-content\/uploads\/2023\/01\/503777102_1224405916391446_4308554960304581501_n.jpg\",\"contentUrl\":\"https:\/\/www.domsvitania.sk\/wp-content\/uploads\/2023\/01\/503777102_1224405916391446_4308554960304581501_n.jpg\",\"width\":1000,\"height\":750},{\"@type\":\"BreadcrumbList\",\"@id\":\"https:\/\/www.domsvitania.sk\/?product=psik#breadcrumb\",\"itemListElement\":[{\"@type\":\"ListItem\",\"position\":1,\"name\":\"Domovsk\u00e1 str\u00e1nka\",\"item\":\"https:\/\/www.domsvitania.sk\/\"},{\"@type\":\"ListItem\",\"position\":2,\"name\":\"E-shop\",\"item\":\"https:\/\/www.domsvitania.sk\/?page_id=550\"},{\"@type\":\"ListItem\",\"position\":3,\"name\":\"Psik od Dominika\"}]},{\"@type\":\"WebSite\",\"@id\":\"https:\/\/www.domsvitania.sk\/#website\",\"url\":\"https:\/\/www.domsvitania.sk\/\",\"name\":\"Dom Svitania\",\"description\":\"Rehabilita\u010dn\u00e9 stredisko a chr\u00e1nen\u00e1 diel\u0148a\",\"publisher\":{\"@id\":\"https:\/\/www.domsvitania.sk\/#organization\"},\"potentialAction\":[{\"@type\":\"SearchAction\",\"target\":{\"@type\":\"EntryPoint\",\"urlTemplate\":\"https:\/\/www.domsvitania.sk\/?s={search_term_string}\"},\"query-input\":{\"@type\":\"PropertyValueSpecification\",\"valueRequired\":true,\"valueName\":\"search_term_string\"}}],\"inLanguage\":\"sk-SK\"},{\"@type\":\"Organization\",\"@id\":\"https:\/\/www.domsvitania.sk\/#organization\",\"name\":\"Dom Svitania, n.o.\",\"url\":\"https:\/\/www.domsvitania.sk\/\",\"logo\":{\"@type\":\"ImageObject\",\"inLanguage\":\"sk-SK\",\"@id\":\"https:\/\/www.domsvitania.sk\/#\/schema\/logo\/image\/\",\"url\":\"https:\/\/www.domsvitania.sk\/wp-content\/uploads\/2023\/01\/dom_svitania_logo.jpg\",\"contentUrl\":\"https:\/\/www.domsvitania.sk\/wp-content\/uploads\/2023\/01\/dom_svitania_logo.jpg\",\"width\":243,\"height\":208,\"caption\":\"Dom Svitania, n.o.\"},\"image\":{\"@id\":\"https:\/\/www.domsvitania.sk\/#\/schema\/logo\/image\/\"},\"sameAs\":[\"https:\/\/www.facebook.com\/domsvitaniask\",\"https:\/\/www.instagram.com\/domsvitania\"]}]}<\/script>\n<!-- \/ Yoast SEO plugin. -->","yoast_head_json":{"title":"Psik od Dominika - Dom Svitania","robots":{"index":"index","follow":"follow","max-snippet":"max-snippet:-1","max-image-preview":"max-image-preview:large","max-video-preview":"max-video-preview:-1"},"canonical":"https:\/\/www.domsvitania.sk\/?product=psik","og_locale":"sk_SK","og_type":"article","og_title":"Psik od Dominika - Dom Svitania","og_description":"\ud83d\udc36 Ps\u00edk \u2013 ru\u010dne \u0161it\u00fd kamar\u00e1t pre mal\u00fdch aj ve\u013ek\u00fdch milovn\u00edkov zvierat \ud83d\udc36 Tento rozko\u0161n\u00fd ps\u00edk in\u0161pirovan\u00fd teri\u00e9rom je vern\u00fdm spolo\u010dn\u00edkom pre deti, ktor\u00e9 miluj\u00fa zvieratk\u00e1, ale aj mil\u00fd doplnok pre dospel\u00fdch ps\u00ed\u010dkarov, ktor\u00ed ocenia ru\u010dn\u00fa pr\u00e1cu s du\u0161ou. Ka\u017ed\u00fd ps\u00edk je origin\u00e1l, vyroben\u00fd Jankou alebo Dominikom, dvoma v\u00fdnimo\u010dn\u00fdmi \u013eu\u010fmi so zdravotn\u00fdm znev\u00fdhodnen\u00edm, ktor\u00ed svojou...","og_url":"https:\/\/www.domsvitania.sk\/?product=psik","og_site_name":"Dom Svitania","article_publisher":"https:\/\/www.facebook.com\/domsvitaniask","article_modified_time":"2026-03-03T07:28:09+00:00","og_image":[{"width":1000,"height":750,"url":"https:\/\/www.domsvitania.sk\/wp-content\/uploads\/2023\/01\/503777102_1224405916391446_4308554960304581501_n.jpg","type":"image\/jpeg"}],"twitter_card":"summary_large_image","twitter_misc":{"Predpokladan\u00fd \u010das \u010d\u00edtania":"1 min\u00fata"},"schema":{"@context":"https:\/\/schema.org","@graph":[{"@type":"WebPage","@id":"https:\/\/www.domsvitania.sk\/?product=psik","url":"https:\/\/www.domsvitania.sk\/?product=psik","name":"Psik od Dominika - Dom Svitania","isPartOf":{"@id":"https:\/\/www.domsvitania.sk\/#website"},"primaryImageOfPage":{"@id":"https:\/\/www.domsvitania.sk\/?product=psik#primaryimage"},"image":{"@id":"https:\/\/www.domsvitania.sk\/?product=psik#primaryimage"},"thumbnailUrl":"https:\/\/www.domsvitania.sk\/wp-content\/uploads\/2023\/01\/503777102_1224405916391446_4308554960304581501_n.jpg","datePublished":"2023-01-24T09:56:37+00:00","dateModified":"2026-03-03T07:28:09+00:00","breadcrumb":{"@id":"https:\/\/www.domsvitania.sk\/?product=psik#breadcrumb"},"inLanguage":"sk-SK","potentialAction":[{"@type":"ReadAction","target":["https:\/\/www.domsvitania.sk\/?product=psik"]}]},{"@type":"ImageObject","inLanguage":"sk-SK","@id":"https:\/\/www.domsvitania.sk\/?product=psik#primaryimage","url":"https:\/\/www.domsvitania.sk\/wp-content\/uploads\/2023\/01\/503777102_1224405916391446_4308554960304581501_n.jpg","contentUrl":"https:\/\/www.domsvitania.sk\/wp-content\/uploads\/2023\/01\/503777102_1224405916391446_4308554960304581501_n.jpg","width":1000,"height":750},{"@type":"BreadcrumbList","@id":"https:\/\/www.domsvitania.sk\/?product=psik#breadcrumb","itemListElement":[{"@type":"ListItem","position":1,"name":"Domovsk\u00e1 str\u00e1nka","item":"https:\/\/www.domsvitania.sk\/"},{"@type":"ListItem","position":2,"name":"E-shop","item":"https:\/\/www.domsvitania.sk\/?page_id=550"},{"@type":"ListItem","position":3,"name":"Psik od Dominika"}]},{"@type":"WebSite","@id":"https:\/\/www.domsvitania.sk\/#website","url":"https:\/\/www.domsvitania.sk\/","name":"Dom Svitania","description":"Rehabilita\u010dn\u00e9 stredisko a chr\u00e1nen\u00e1 diel\u0148a","publisher":{"@id":"https:\/\/www.domsvitania.sk\/#organization"},"potentialAction":[{"@type":"SearchAction","target":{"@type":"EntryPoint","urlTemplate":"https:\/\/www.domsvitania.sk\/?s={search_term_string}"},"query-input":{"@type":"PropertyValueSpecification","valueRequired":true,"valueName":"search_term_string"}}],"inLanguage":"sk-SK"},{"@type":"Organization","@id":"https:\/\/www.domsvitania.sk\/#organization","name":"Dom Svitania, n.o.","url":"https:\/\/www.domsvitania.sk\/","logo":{"@type":"ImageObject","inLanguage":"sk-SK","@id":"https:\/\/www.domsvitania.sk\/#\/schema\/logo\/image\/","url":"https:\/\/www.domsvitania.sk\/wp-content\/uploads\/2023\/01\/dom_svitania_logo.jpg","contentUrl":"https:\/\/www.domsvitania.sk\/wp-content\/uploads\/2023\/01\/dom_svitania_logo.jpg","width":243,"height":208,"caption":"Dom Svitania, n.o."},"image":{"@id":"https:\/\/www.domsvitania.sk\/#\/schema\/logo\/image\/"},"sameAs":["https:\/\/www.facebook.com\/domsvitaniask","https:\/\/www.instagram.com\/domsvitania"]}]}},"jetpack_sharing_enabled":true,"_links":{"self":[{"href":"https:\/\/www.domsvitania.sk\/index.php?rest_route=\/wp\/v2\/product\/1241","targetHints":{"allow":["GET"]}}],"collection":[{"href":"https:\/\/www.domsvitania.sk\/index.php?rest_route=\/wp\/v2\/product"}],"about":[{"href":"https:\/\/www.domsvitania.sk\/index.php?rest_route=\/wp\/v2\/types\/product"}],"replies":[{"embeddable":true,"href":"https:\/\/www.domsvitania.sk\/index.php?rest_route=%2Fwp%2Fv2%2Fcomments&post=1241"}],"wp:featuredmedia":[{"embeddable":true,"href":"https:\/\/www.domsvitania.sk\/index.php?rest_route=\/wp\/v2\/media\/2124"}],"wp:attachment":[{"href":"https:\/\/www.domsvitania.sk\/index.php?rest_route=%2Fwp%2Fv2%2Fmedia&parent=1241"}],"wp:term":[{"taxonomy":"product_brand","embeddable":true,"href":"https:\/\/www.domsvitania.sk\/index.php?rest_route=%2Fwp%2Fv2%2Fproduct_brand&post=1241"},{"taxonomy":"product_cat","embeddable":true,"href":"https:\/\/www.domsvitania.sk\/index.php?rest_route=%2Fwp%2Fv2%2Fproduct_cat&post=1241"},{"taxonomy":"product_tag","embeddable":true,"href":"https:\/\/www.domsvitania.sk\/index.php?rest_route=%2Fwp%2Fv2%2Fproduct_tag&post=1241"}],"curies":[{"name":"wp","href":"https:\/\/api.w.org\/{rel}","templated":true}]}}