{"id":1641,"date":"2024-09-04T12:53:11","date_gmt":"2024-09-04T10:53:11","guid":{"rendered":"https:\/\/www.domsvitania.sk\/?post_type=product&#038;p=1641"},"modified":"2026-01-15T18:10:25","modified_gmt":"2026-01-15T17:10:25","slug":"auto-draft-kopia","status":"publish","type":"product","link":"https:\/\/www.domsvitania.sk\/?product=auto-draft-kopia","title":{"rendered":"Ru\u010dne ma\u013eovan\u00e1 z\u00e1sterka"},"content":{"rendered":"<p data-start=\"290\" data-end=\"359\">\ud83d\udc69\u200d\ud83c\udfa8 <strong data-start=\"296\" data-end=\"353\">Ru\u010dne ma\u013eovan\u00e1 z\u00e1stera \u2013 limitovan\u00e1 ed\u00edcia s pr\u00edbehom<\/strong> \ud83d\udc69\u200d\ud83c\udfa8<\/p>\n<p data-start=\"361\" data-end=\"540\">T\u00e1to v\u00fdnimo\u010dn\u00e1 <strong data-start=\"376\" data-end=\"440\">z\u00e1stera je v\u00fdsledkom spolupr\u00e1ce \u0161ikovn\u00fdch r\u00fak a ve\u013ek\u00fdch s\u0155dc<\/strong>. U\u0161ila ju na\u0161a Majka, ktor\u00e1 aj napriek zdravotn\u00e9mu znev\u00fdhodneniu tvor\u00ed s rados\u0165ou a prec\u00edznos\u0165ou.<\/p>\n<p data-start=\"542\" data-end=\"753\">Mot\u00edv na z\u00e1stere navrhla a spolu s <strong>na\u0161ou Pa\u0165kou<\/strong> (mladou \u017eenou na voz\u00edku) ru\u010dne nama\u013eovala <strong data-start=\"626\" data-end=\"653\">pani Danka Ondrei\u010dkov\u00e1<\/strong> \u2013 zn\u00e1ma slovensk\u00e1 ilustr\u00e1torka, ktorej l\u00e1skav\u00fd a hrav\u00fd rukopis m\u00f4\u017eete c\u00edti\u0165 v ka\u017edom \u0165ahu \u0161tetca.<\/p>\n<p data-start=\"755\" data-end=\"970\">\u017dia\u013e, Danka n\u00e1s u\u017e opustila\u2026 a my si o to viac v\u00e1\u017eime, \u017ee v\u00e1m m\u00f4\u017eeme pon\u00faknu\u0165 <strong data-start=\"833\" data-end=\"890\">posledn\u00e9 kusy tejto z\u00e1stery s jej origin\u00e1lnym mot\u00edvom<\/strong>. Ka\u017ed\u00fd je nenahradite\u013en\u00fdm k\u00faskom, v ktorom zost\u00e1va k\u00fasok jej du\u0161e a tvorivosti.<\/p>\n<p data-start=\"972\" data-end=\"1006\">\ud83e\uddf5 <strong data-start=\"975\" data-end=\"1004\">\u010c\u00edm je z\u00e1stera v\u00fdnimo\u010dn\u00e1?<\/strong><\/p>\n<ul data-start=\"1007\" data-end=\"1370\">\n<li data-start=\"1007\" data-end=\"1066\">\n<p data-start=\"1009\" data-end=\"1066\"><strong data-start=\"1009\" data-end=\"1040\">Ru\u010dne \u0161it\u00e1 a ru\u010dne ma\u013eovan\u00e1<\/strong> \u2013 ka\u017ed\u00fd kus je origin\u00e1l<\/p>\n<\/li>\n<li data-start=\"1067\" data-end=\"1123\">\n<p data-start=\"1069\" data-end=\"1123\">Spojenie pr\u00e1ce troch \u017eien: Majky, Pa\u0165ky a pani Danky \/ Baru\u0161<\/p>\n<\/li>\n<li data-start=\"1124\" data-end=\"1184\">\n<p data-start=\"1126\" data-end=\"1184\"><strong data-start=\"1126\" data-end=\"1147\">Limitovan\u00e1 ed\u00edcia<\/strong> \u2013 posledn\u00e9 kusy s p\u00f4vodn\u00fdm mot\u00edvom<\/p>\n<\/li>\n<li data-start=\"1185\" data-end=\"1289\">\n<p data-start=\"1187\" data-end=\"1289\">Praktick\u00e1, ale z\u00e1rove\u0148 umeleck\u00e1 \u2013 <strong data-start=\"1221\" data-end=\"1243\">ide\u00e1lna ako dar\u010dek<\/strong> alebo kr\u00e1sny doplnok do kuchyne \u010di ateli\u00e9ru<\/p>\n<\/li>\n<li data-start=\"1290\" data-end=\"1370\">\n<p data-start=\"1292\" data-end=\"1370\"><strong data-start=\"1292\" data-end=\"1324\">v Dankinom dizajne <\/strong>pokra\u010duje <strong data-start=\"1356\" data-end=\"1370\">na\u0161a Baru\u0161\u00a0<\/strong><\/p>\n<\/li>\n<\/ul>\n<p data-start=\"1372\" data-end=\"1453\">\ud83c\udfa8 <strong data-start=\"1375\" data-end=\"1453\">Z\u00e1stera, ktor\u00e1 rozpr\u00e1va pr\u00edbeh \u2013 o spolupr\u00e1ci, odvahe, talente a pamiatke.<\/strong><\/p>\n<p data-start=\"1455\" data-end=\"1642\">\ud83d\udccf <em data-start=\"1458\" data-end=\"1513\">Rozmery: univerz\u00e1lna ve\u013ekos\u0165 s nastavite\u013en\u00fdm viazan\u00edm<\/em><br data-start=\"1513\" data-end=\"1516\" \/>\ud83c\udf81 <em data-start=\"1519\" data-end=\"1587\">Ka\u017ed\u00e1 z\u00e1stera je ozna\u010den\u00e1 ako ru\u010dne ma\u013eovan\u00e1, vhodn\u00e1 aj ako dar\u010dek<\/em><br data-start=\"1587\" data-end=\"1590\" \/>\ud83e\uddfc <em data-start=\"1593\" data-end=\"1642\">Odpor\u00fa\u010dame \u0161etrn\u00e9 ru\u010dn\u00e9 pranie z rubovej strany<\/em><\/p>\n","protected":false},"excerpt":{"rendered":"<p>\ud83d\udc69\u200d\ud83c\udfa8 Ru\u010dne ma\u013eovan\u00e1 z\u00e1stera \u2013 limitovan\u00e1 ed\u00edcia s pr\u00edbehom \ud83d\udc69\u200d\ud83c\udfa8 T\u00e1to v\u00fdnimo\u010dn\u00e1 z\u00e1stera je v\u00fdsledkom spolupr\u00e1ce \u0161ikovn\u00fdch r\u00fak a ve\u013ek\u00fdch s\u0155dc. U\u0161ila ju na\u0161a Majka, ktor\u00e1 aj napriek zdravotn\u00e9mu znev\u00fdhodneniu tvor\u00ed s rados\u0165ou a prec\u00edznos\u0165ou. Mot\u00edv na z\u00e1stere navrhla a spolu s na\u0161ou Pa\u0165kou (mladou \u017eenou na voz\u00edku) ru\u010dne nama\u013eovala pani Danka Ondrei\u010dkov\u00e1 \u2013 zn\u00e1ma&#8230;<\/p>\n","protected":false},"featured_media":1642,"comment_status":"closed","ping_status":"closed","template":"","meta":{"_kad_post_transparent":"default","_kad_post_title":"","_kad_post_layout":"default","_kad_post_sidebar_id":"","_kad_post_content_style":"default","_kad_post_vertical_padding":"default","_kad_post_feature":"","_kad_post_feature_position":"","_kad_post_header":false,"_kad_post_footer":false,"_kad_post_classname":""},"product_brand":[],"product_cat":[63],"product_tag":[],"class_list":{"0":"post-1641","1":"product","2":"type-product","3":"status-publish","4":"has-post-thumbnail","6":"product_cat-kuchynski-pomocnici","8":"first","9":"onbackorder","10":"shipping-taxable","11":"purchasable","12":"product-type-simple","13":"entry","14":"content-bg","15":"loop-entry"},"yoast_head":"<!-- This site is optimized with the Yoast SEO plugin v26.7 - https:\/\/yoast.com\/wordpress\/plugins\/seo\/ -->\n<title>Ru\u010dne ma\u013eovan\u00e1 z\u00e1sterka - Dom Svitania<\/title>\n<meta name=\"robots\" content=\"index, follow, max-snippet:-1, max-image-preview:large, max-video-preview:-1\" \/>\n<link rel=\"canonical\" href=\"https:\/\/www.domsvitania.sk\/?product=auto-draft-kopia\" \/>\n<meta property=\"og:locale\" content=\"sk_SK\" \/>\n<meta property=\"og:type\" content=\"article\" \/>\n<meta property=\"og:title\" content=\"Ru\u010dne ma\u013eovan\u00e1 z\u00e1sterka - Dom Svitania\" \/>\n<meta property=\"og:description\" content=\"\ud83d\udc69\u200d\ud83c\udfa8 Ru\u010dne ma\u013eovan\u00e1 z\u00e1stera \u2013 limitovan\u00e1 ed\u00edcia s pr\u00edbehom \ud83d\udc69\u200d\ud83c\udfa8 T\u00e1to v\u00fdnimo\u010dn\u00e1 z\u00e1stera je v\u00fdsledkom spolupr\u00e1ce \u0161ikovn\u00fdch r\u00fak a ve\u013ek\u00fdch s\u0155dc. U\u0161ila ju na\u0161a Majka, ktor\u00e1 aj napriek zdravotn\u00e9mu znev\u00fdhodneniu tvor\u00ed s rados\u0165ou a prec\u00edznos\u0165ou. Mot\u00edv na z\u00e1stere navrhla a spolu s na\u0161ou Pa\u0165kou (mladou \u017eenou na voz\u00edku) ru\u010dne nama\u013eovala pani Danka Ondrei\u010dkov\u00e1 \u2013 zn\u00e1ma...\" \/>\n<meta property=\"og:url\" content=\"https:\/\/www.domsvitania.sk\/?product=auto-draft-kopia\" \/>\n<meta property=\"og:site_name\" content=\"Dom Svitania\" \/>\n<meta property=\"article:publisher\" content=\"https:\/\/www.facebook.com\/domsvitaniask\" \/>\n<meta property=\"article:modified_time\" content=\"2026-01-15T17:10:25+00:00\" \/>\n<meta property=\"og:image\" content=\"https:\/\/www.domsvitania.sk\/wp-content\/uploads\/2024\/09\/rucne-malovana-zasterka.jpg\" \/>\n\t<meta property=\"og:image:width\" content=\"796\" \/>\n\t<meta property=\"og:image:height\" content=\"1064\" \/>\n\t<meta property=\"og:image:type\" content=\"image\/jpeg\" \/>\n<meta name=\"twitter:card\" content=\"summary_large_image\" \/>\n<meta name=\"twitter:label1\" content=\"Predpokladan\u00fd \u010das \u010d\u00edtania\" \/>\n\t<meta name=\"twitter:data1\" content=\"2 min\u00faty\" \/>\n<script type=\"application\/ld+json\" class=\"yoast-schema-graph\">{\"@context\":\"https:\/\/schema.org\",\"@graph\":[{\"@type\":\"WebPage\",\"@id\":\"https:\/\/www.domsvitania.sk\/?product=auto-draft-kopia\",\"url\":\"https:\/\/www.domsvitania.sk\/?product=auto-draft-kopia\",\"name\":\"Ru\u010dne ma\u013eovan\u00e1 z\u00e1sterka - Dom Svitania\",\"isPartOf\":{\"@id\":\"https:\/\/www.domsvitania.sk\/#website\"},\"primaryImageOfPage\":{\"@id\":\"https:\/\/www.domsvitania.sk\/?product=auto-draft-kopia#primaryimage\"},\"image\":{\"@id\":\"https:\/\/www.domsvitania.sk\/?product=auto-draft-kopia#primaryimage\"},\"thumbnailUrl\":\"https:\/\/www.domsvitania.sk\/wp-content\/uploads\/2024\/09\/rucne-malovana-zasterka.jpg\",\"datePublished\":\"2024-09-04T10:53:11+00:00\",\"dateModified\":\"2026-01-15T17:10:25+00:00\",\"breadcrumb\":{\"@id\":\"https:\/\/www.domsvitania.sk\/?product=auto-draft-kopia#breadcrumb\"},\"inLanguage\":\"sk-SK\",\"potentialAction\":[{\"@type\":\"ReadAction\",\"target\":[\"https:\/\/www.domsvitania.sk\/?product=auto-draft-kopia\"]}]},{\"@type\":\"ImageObject\",\"inLanguage\":\"sk-SK\",\"@id\":\"https:\/\/www.domsvitania.sk\/?product=auto-draft-kopia#primaryimage\",\"url\":\"https:\/\/www.domsvitania.sk\/wp-content\/uploads\/2024\/09\/rucne-malovana-zasterka.jpg\",\"contentUrl\":\"https:\/\/www.domsvitania.sk\/wp-content\/uploads\/2024\/09\/rucne-malovana-zasterka.jpg\",\"width\":796,\"height\":1064},{\"@type\":\"BreadcrumbList\",\"@id\":\"https:\/\/www.domsvitania.sk\/?product=auto-draft-kopia#breadcrumb\",\"itemListElement\":[{\"@type\":\"ListItem\",\"position\":1,\"name\":\"Domovsk\u00e1 str\u00e1nka\",\"item\":\"https:\/\/www.domsvitania.sk\/\"},{\"@type\":\"ListItem\",\"position\":2,\"name\":\"E-shop\",\"item\":\"https:\/\/www.domsvitania.sk\/?page_id=550\"},{\"@type\":\"ListItem\",\"position\":3,\"name\":\"Ru\u010dne ma\u013eovan\u00e1 z\u00e1sterka\"}]},{\"@type\":\"WebSite\",\"@id\":\"https:\/\/www.domsvitania.sk\/#website\",\"url\":\"https:\/\/www.domsvitania.sk\/\",\"name\":\"Dom Svitania\",\"description\":\"Rehabilita\u010dn\u00e9 stredisko a chr\u00e1nen\u00e1 diel\u0148a\",\"publisher\":{\"@id\":\"https:\/\/www.domsvitania.sk\/#organization\"},\"potentialAction\":[{\"@type\":\"SearchAction\",\"target\":{\"@type\":\"EntryPoint\",\"urlTemplate\":\"https:\/\/www.domsvitania.sk\/?s={search_term_string}\"},\"query-input\":{\"@type\":\"PropertyValueSpecification\",\"valueRequired\":true,\"valueName\":\"search_term_string\"}}],\"inLanguage\":\"sk-SK\"},{\"@type\":\"Organization\",\"@id\":\"https:\/\/www.domsvitania.sk\/#organization\",\"name\":\"Dom Svitania, n.o.\",\"url\":\"https:\/\/www.domsvitania.sk\/\",\"logo\":{\"@type\":\"ImageObject\",\"inLanguage\":\"sk-SK\",\"@id\":\"https:\/\/www.domsvitania.sk\/#\/schema\/logo\/image\/\",\"url\":\"https:\/\/www.domsvitania.sk\/wp-content\/uploads\/2023\/01\/dom_svitania_logo.jpg\",\"contentUrl\":\"https:\/\/www.domsvitania.sk\/wp-content\/uploads\/2023\/01\/dom_svitania_logo.jpg\",\"width\":243,\"height\":208,\"caption\":\"Dom Svitania, n.o.\"},\"image\":{\"@id\":\"https:\/\/www.domsvitania.sk\/#\/schema\/logo\/image\/\"},\"sameAs\":[\"https:\/\/www.facebook.com\/domsvitaniask\",\"https:\/\/www.instagram.com\/domsvitania\"]}]}<\/script>\n<!-- \/ Yoast SEO plugin. -->","yoast_head_json":{"title":"Ru\u010dne ma\u013eovan\u00e1 z\u00e1sterka - Dom Svitania","robots":{"index":"index","follow":"follow","max-snippet":"max-snippet:-1","max-image-preview":"max-image-preview:large","max-video-preview":"max-video-preview:-1"},"canonical":"https:\/\/www.domsvitania.sk\/?product=auto-draft-kopia","og_locale":"sk_SK","og_type":"article","og_title":"Ru\u010dne ma\u013eovan\u00e1 z\u00e1sterka - Dom Svitania","og_description":"\ud83d\udc69\u200d\ud83c\udfa8 Ru\u010dne ma\u013eovan\u00e1 z\u00e1stera \u2013 limitovan\u00e1 ed\u00edcia s pr\u00edbehom \ud83d\udc69\u200d\ud83c\udfa8 T\u00e1to v\u00fdnimo\u010dn\u00e1 z\u00e1stera je v\u00fdsledkom spolupr\u00e1ce \u0161ikovn\u00fdch r\u00fak a ve\u013ek\u00fdch s\u0155dc. U\u0161ila ju na\u0161a Majka, ktor\u00e1 aj napriek zdravotn\u00e9mu znev\u00fdhodneniu tvor\u00ed s rados\u0165ou a prec\u00edznos\u0165ou. Mot\u00edv na z\u00e1stere navrhla a spolu s na\u0161ou Pa\u0165kou (mladou \u017eenou na voz\u00edku) ru\u010dne nama\u013eovala pani Danka Ondrei\u010dkov\u00e1 \u2013 zn\u00e1ma...","og_url":"https:\/\/www.domsvitania.sk\/?product=auto-draft-kopia","og_site_name":"Dom Svitania","article_publisher":"https:\/\/www.facebook.com\/domsvitaniask","article_modified_time":"2026-01-15T17:10:25+00:00","og_image":[{"width":796,"height":1064,"url":"https:\/\/www.domsvitania.sk\/wp-content\/uploads\/2024\/09\/rucne-malovana-zasterka.jpg","type":"image\/jpeg"}],"twitter_card":"summary_large_image","twitter_misc":{"Predpokladan\u00fd \u010das \u010d\u00edtania":"2 min\u00faty"},"schema":{"@context":"https:\/\/schema.org","@graph":[{"@type":"WebPage","@id":"https:\/\/www.domsvitania.sk\/?product=auto-draft-kopia","url":"https:\/\/www.domsvitania.sk\/?product=auto-draft-kopia","name":"Ru\u010dne ma\u013eovan\u00e1 z\u00e1sterka - Dom Svitania","isPartOf":{"@id":"https:\/\/www.domsvitania.sk\/#website"},"primaryImageOfPage":{"@id":"https:\/\/www.domsvitania.sk\/?product=auto-draft-kopia#primaryimage"},"image":{"@id":"https:\/\/www.domsvitania.sk\/?product=auto-draft-kopia#primaryimage"},"thumbnailUrl":"https:\/\/www.domsvitania.sk\/wp-content\/uploads\/2024\/09\/rucne-malovana-zasterka.jpg","datePublished":"2024-09-04T10:53:11+00:00","dateModified":"2026-01-15T17:10:25+00:00","breadcrumb":{"@id":"https:\/\/www.domsvitania.sk\/?product=auto-draft-kopia#breadcrumb"},"inLanguage":"sk-SK","potentialAction":[{"@type":"ReadAction","target":["https:\/\/www.domsvitania.sk\/?product=auto-draft-kopia"]}]},{"@type":"ImageObject","inLanguage":"sk-SK","@id":"https:\/\/www.domsvitania.sk\/?product=auto-draft-kopia#primaryimage","url":"https:\/\/www.domsvitania.sk\/wp-content\/uploads\/2024\/09\/rucne-malovana-zasterka.jpg","contentUrl":"https:\/\/www.domsvitania.sk\/wp-content\/uploads\/2024\/09\/rucne-malovana-zasterka.jpg","width":796,"height":1064},{"@type":"BreadcrumbList","@id":"https:\/\/www.domsvitania.sk\/?product=auto-draft-kopia#breadcrumb","itemListElement":[{"@type":"ListItem","position":1,"name":"Domovsk\u00e1 str\u00e1nka","item":"https:\/\/www.domsvitania.sk\/"},{"@type":"ListItem","position":2,"name":"E-shop","item":"https:\/\/www.domsvitania.sk\/?page_id=550"},{"@type":"ListItem","position":3,"name":"Ru\u010dne ma\u013eovan\u00e1 z\u00e1sterka"}]},{"@type":"WebSite","@id":"https:\/\/www.domsvitania.sk\/#website","url":"https:\/\/www.domsvitania.sk\/","name":"Dom Svitania","description":"Rehabilita\u010dn\u00e9 stredisko a chr\u00e1nen\u00e1 diel\u0148a","publisher":{"@id":"https:\/\/www.domsvitania.sk\/#organization"},"potentialAction":[{"@type":"SearchAction","target":{"@type":"EntryPoint","urlTemplate":"https:\/\/www.domsvitania.sk\/?s={search_term_string}"},"query-input":{"@type":"PropertyValueSpecification","valueRequired":true,"valueName":"search_term_string"}}],"inLanguage":"sk-SK"},{"@type":"Organization","@id":"https:\/\/www.domsvitania.sk\/#organization","name":"Dom Svitania, n.o.","url":"https:\/\/www.domsvitania.sk\/","logo":{"@type":"ImageObject","inLanguage":"sk-SK","@id":"https:\/\/www.domsvitania.sk\/#\/schema\/logo\/image\/","url":"https:\/\/www.domsvitania.sk\/wp-content\/uploads\/2023\/01\/dom_svitania_logo.jpg","contentUrl":"https:\/\/www.domsvitania.sk\/wp-content\/uploads\/2023\/01\/dom_svitania_logo.jpg","width":243,"height":208,"caption":"Dom Svitania, n.o."},"image":{"@id":"https:\/\/www.domsvitania.sk\/#\/schema\/logo\/image\/"},"sameAs":["https:\/\/www.facebook.com\/domsvitaniask","https:\/\/www.instagram.com\/domsvitania"]}]}},"jetpack_sharing_enabled":true,"_links":{"self":[{"href":"https:\/\/www.domsvitania.sk\/index.php?rest_route=\/wp\/v2\/product\/1641","targetHints":{"allow":["GET"]}}],"collection":[{"href":"https:\/\/www.domsvitania.sk\/index.php?rest_route=\/wp\/v2\/product"}],"about":[{"href":"https:\/\/www.domsvitania.sk\/index.php?rest_route=\/wp\/v2\/types\/product"}],"replies":[{"embeddable":true,"href":"https:\/\/www.domsvitania.sk\/index.php?rest_route=%2Fwp%2Fv2%2Fcomments&post=1641"}],"wp:featuredmedia":[{"embeddable":true,"href":"https:\/\/www.domsvitania.sk\/index.php?rest_route=\/wp\/v2\/media\/1642"}],"wp:attachment":[{"href":"https:\/\/www.domsvitania.sk\/index.php?rest_route=%2Fwp%2Fv2%2Fmedia&parent=1641"}],"wp:term":[{"taxonomy":"product_brand","embeddable":true,"href":"https:\/\/www.domsvitania.sk\/index.php?rest_route=%2Fwp%2Fv2%2Fproduct_brand&post=1641"},{"taxonomy":"product_cat","embeddable":true,"href":"https:\/\/www.domsvitania.sk\/index.php?rest_route=%2Fwp%2Fv2%2Fproduct_cat&post=1641"},{"taxonomy":"product_tag","embeddable":true,"href":"https:\/\/www.domsvitania.sk\/index.php?rest_route=%2Fwp%2Fv2%2Fproduct_tag&post=1641"}],"curies":[{"name":"wp","href":"https:\/\/api.w.org\/{rel}","templated":true}]}}