{"id":2135,"date":"2025-07-11T15:06:32","date_gmt":"2025-07-11T13:06:32","guid":{"rendered":"https:\/\/www.domsvitania.sk\/?post_type=product&#038;p=2135"},"modified":"2026-01-15T18:09:47","modified_gmt":"2026-01-15T17:09:47","slug":"taska-s-rastlinnym-vzorom-od-nasej-janky","status":"publish","type":"product","link":"https:\/\/www.domsvitania.sk\/?product=taska-s-rastlinnym-vzorom-od-nasej-janky","title":{"rendered":"Ta\u0161ka s rastlinn\u00fdm vzorom od na\u0161ej Janky"},"content":{"rendered":"<p data-start=\"21\" data-end=\"94\">\ud83e\uddf5 <strong data-start=\"24\" data-end=\"91\">Ru\u010dne vy\u0161\u00edvan\u00e1 ta\u0161ka od Janky \u2013 ta\u0161ka, ktor\u00e1 rozpr\u00e1va pr\u00edbeh<\/strong> \ud83e\uddf5<\/p>\n<p data-start=\"96\" data-end=\"424\">T\u00e1to ta\u0161ka nie je len praktick\u00fdm doplnkom \u2013 je to <strong data-start=\"146\" data-end=\"167\">mal\u00fd k\u00fasok umenia<\/strong>, ktor\u00fd vznikol v ruk\u00e1ch na\u0161ej <strong data-start=\"198\" data-end=\"235\">Janky so zdravotn\u00fdm znev\u00fdhodnen\u00edm<\/strong>. Ka\u017ed\u00fd steh je d\u00f4kazom trpezlivosti, \u0161ikovnosti a radosti z tvorby. Janka do v\u00fd\u0161ivky vklad\u00e1 nielen svoj talent, ale aj svoj osobit\u00fd poh\u013ead na svet \u2013 a pr\u00e1ve to rob\u00ed ka\u017ed\u00fa ta\u0161ku v\u00fdnimo\u010dnou.<\/p>\n<p data-start=\"426\" data-end=\"458\">\ud83c\udfa8 <strong data-start=\"429\" data-end=\"456\">Pre\u010do si ju zamilujete?<\/strong><\/p>\n<ul data-start=\"459\" data-end=\"773\">\n<li data-start=\"459\" data-end=\"530\">\n<p data-start=\"461\" data-end=\"530\">Ka\u017ed\u00e1 ta\u0161ka je <strong data-start=\"476\" data-end=\"488\">origin\u00e1l<\/strong> \u2013 jedine\u010dn\u00fd vzor, \u017eiadna s\u00e9riov\u00e1 v\u00fdroba<\/p>\n<\/li>\n<li data-start=\"531\" data-end=\"590\">\n<p data-start=\"533\" data-end=\"590\"><strong data-start=\"533\" data-end=\"559\">Prec\u00edzna ru\u010dn\u00e1 v\u00fd\u0161ivka<\/strong>, ktor\u00e1 zaujme na prv\u00fd poh\u013ead<\/p>\n<\/li>\n<li data-start=\"591\" data-end=\"653\">\n<p data-start=\"593\" data-end=\"653\">Vhodn\u00e1 ako <strong data-start=\"604\" data-end=\"614\">dar\u010dek<\/strong> pre milovn\u00edkov poctivej ru\u010dnej pr\u00e1ce<\/p>\n<\/li>\n<li data-start=\"654\" data-end=\"720\">\n<p data-start=\"656\" data-end=\"720\">Praktick\u00e1, pevn\u00e1 a \u0161t\u00fdlov\u00e1 \u2013 do mesta, na n\u00e1kup aj ako kabelka<\/p>\n<\/li>\n<li data-start=\"721\" data-end=\"773\">\n<p data-start=\"723\" data-end=\"773\">K\u00fapou podporujete Janku a jej kr\u00e1snu tvoriv\u00fa cestu<\/p>\n<\/li>\n<\/ul>\n<p data-start=\"775\" data-end=\"836\">\ud83d\udc5c <strong data-start=\"778\" data-end=\"836\">Pre \u013eud\u00ed, ktor\u00ed chc\u00fa nosi\u0165 nie\u010do s du\u0161ou \u2013 nie z p\u00e1su.<\/strong><\/p>\n<p data-start=\"838\" data-end=\"959\">\ud83e\uddfc <em data-start=\"927\" data-end=\"959\">Odpor\u00fa\u010dame \u0161etrn\u00e9 ru\u010dn\u00e9 pranie<\/em><\/p>\n<p data-start=\"961\" data-end=\"1114\"><strong data-start=\"961\" data-end=\"1006\">Ru\u010dne vyroben\u00e9 s l\u00e1skou. Vy\u0161\u00edvan\u00e9 srdcom.<\/strong><br data-start=\"1006\" data-end=\"1009\" \/>Vyberte si k\u00fasok, ktor\u00fd v\u00e1s bude te\u0161i\u0165 ka\u017ed\u00fd de\u0148 \u2013 alebo darujte niekomu, kto si zasl\u00fa\u017ei nie\u010do v\u00fdnimo\u010dn\u00e9.<\/p>\n","protected":false},"excerpt":{"rendered":"<p>\ud83e\uddf5 Ru\u010dne vy\u0161\u00edvan\u00e1 ta\u0161ka od Janky \u2013 ta\u0161ka, ktor\u00e1 rozpr\u00e1va pr\u00edbeh \ud83e\uddf5 T\u00e1to ta\u0161ka nie je len praktick\u00fdm doplnkom \u2013 je to mal\u00fd k\u00fasok umenia, ktor\u00fd vznikol v ruk\u00e1ch na\u0161ej Janky so zdravotn\u00fdm znev\u00fdhodnen\u00edm. Ka\u017ed\u00fd steh je d\u00f4kazom trpezlivosti, \u0161ikovnosti a radosti z tvorby. Janka do v\u00fd\u0161ivky vklad\u00e1 nielen svoj talent, ale aj svoj osobit\u00fd&#8230;<\/p>\n","protected":false},"featured_media":2444,"comment_status":"closed","ping_status":"closed","template":"","meta":{"_kad_post_transparent":"default","_kad_post_title":"","_kad_post_layout":"default","_kad_post_sidebar_id":"","_kad_post_content_style":"default","_kad_post_vertical_padding":"default","_kad_post_feature":"","_kad_post_feature_position":"","_kad_post_header":false,"_kad_post_footer":false,"_kad_post_classname":""},"product_brand":[],"product_cat":[66],"product_tag":[],"class_list":{"0":"post-2135","1":"product","2":"type-product","3":"status-publish","4":"has-post-thumbnail","6":"product_cat-male-radosti-na-kazdodenne-nosenie","8":"first","9":"onbackorder","10":"shipping-taxable","11":"purchasable","12":"product-type-simple","13":"entry","14":"content-bg","15":"loop-entry"},"yoast_head":"<!-- This site is optimized with the Yoast SEO plugin v26.7 - https:\/\/yoast.com\/wordpress\/plugins\/seo\/ -->\n<title>Ta\u0161ka s rastlinn\u00fdm vzorom od na\u0161ej Janky - Dom Svitania<\/title>\n<meta name=\"robots\" content=\"index, follow, max-snippet:-1, max-image-preview:large, max-video-preview:-1\" \/>\n<link rel=\"canonical\" href=\"https:\/\/www.domsvitania.sk\/?product=taska-s-rastlinnym-vzorom-od-nasej-janky\" \/>\n<meta property=\"og:locale\" content=\"sk_SK\" \/>\n<meta property=\"og:type\" content=\"article\" \/>\n<meta property=\"og:title\" content=\"Ta\u0161ka s rastlinn\u00fdm vzorom od na\u0161ej Janky - Dom Svitania\" \/>\n<meta property=\"og:description\" content=\"\ud83e\uddf5 Ru\u010dne vy\u0161\u00edvan\u00e1 ta\u0161ka od Janky \u2013 ta\u0161ka, ktor\u00e1 rozpr\u00e1va pr\u00edbeh \ud83e\uddf5 T\u00e1to ta\u0161ka nie je len praktick\u00fdm doplnkom \u2013 je to mal\u00fd k\u00fasok umenia, ktor\u00fd vznikol v ruk\u00e1ch na\u0161ej Janky so zdravotn\u00fdm znev\u00fdhodnen\u00edm. Ka\u017ed\u00fd steh je d\u00f4kazom trpezlivosti, \u0161ikovnosti a radosti z tvorby. Janka do v\u00fd\u0161ivky vklad\u00e1 nielen svoj talent, ale aj svoj osobit\u00fd...\" \/>\n<meta property=\"og:url\" content=\"https:\/\/www.domsvitania.sk\/?product=taska-s-rastlinnym-vzorom-od-nasej-janky\" \/>\n<meta property=\"og:site_name\" content=\"Dom Svitania\" \/>\n<meta property=\"article:publisher\" content=\"https:\/\/www.facebook.com\/domsvitaniask\" \/>\n<meta property=\"article:modified_time\" content=\"2026-01-15T17:09:47+00:00\" \/>\n<meta property=\"og:image\" content=\"https:\/\/www.domsvitania.sk\/wp-content\/uploads\/2025\/07\/IMG_20251001_084440-scaled.jpg\" \/>\n\t<meta property=\"og:image:width\" content=\"2560\" \/>\n\t<meta property=\"og:image:height\" content=\"1920\" \/>\n\t<meta property=\"og:image:type\" content=\"image\/jpeg\" \/>\n<meta name=\"twitter:card\" content=\"summary_large_image\" \/>\n<meta name=\"twitter:label1\" content=\"Predpokladan\u00fd \u010das \u010d\u00edtania\" \/>\n\t<meta name=\"twitter:data1\" content=\"2 min\u00faty\" \/>\n<script type=\"application\/ld+json\" class=\"yoast-schema-graph\">{\"@context\":\"https:\/\/schema.org\",\"@graph\":[{\"@type\":\"WebPage\",\"@id\":\"https:\/\/www.domsvitania.sk\/?product=taska-s-rastlinnym-vzorom-od-nasej-janky\",\"url\":\"https:\/\/www.domsvitania.sk\/?product=taska-s-rastlinnym-vzorom-od-nasej-janky\",\"name\":\"Ta\u0161ka s rastlinn\u00fdm vzorom od na\u0161ej Janky - Dom Svitania\",\"isPartOf\":{\"@id\":\"https:\/\/www.domsvitania.sk\/#website\"},\"primaryImageOfPage\":{\"@id\":\"https:\/\/www.domsvitania.sk\/?product=taska-s-rastlinnym-vzorom-od-nasej-janky#primaryimage\"},\"image\":{\"@id\":\"https:\/\/www.domsvitania.sk\/?product=taska-s-rastlinnym-vzorom-od-nasej-janky#primaryimage\"},\"thumbnailUrl\":\"https:\/\/www.domsvitania.sk\/wp-content\/uploads\/2025\/07\/IMG_20251001_084440-scaled.jpg\",\"datePublished\":\"2025-07-11T13:06:32+00:00\",\"dateModified\":\"2026-01-15T17:09:47+00:00\",\"breadcrumb\":{\"@id\":\"https:\/\/www.domsvitania.sk\/?product=taska-s-rastlinnym-vzorom-od-nasej-janky#breadcrumb\"},\"inLanguage\":\"sk-SK\",\"potentialAction\":[{\"@type\":\"ReadAction\",\"target\":[\"https:\/\/www.domsvitania.sk\/?product=taska-s-rastlinnym-vzorom-od-nasej-janky\"]}]},{\"@type\":\"ImageObject\",\"inLanguage\":\"sk-SK\",\"@id\":\"https:\/\/www.domsvitania.sk\/?product=taska-s-rastlinnym-vzorom-od-nasej-janky#primaryimage\",\"url\":\"https:\/\/www.domsvitania.sk\/wp-content\/uploads\/2025\/07\/IMG_20251001_084440-scaled.jpg\",\"contentUrl\":\"https:\/\/www.domsvitania.sk\/wp-content\/uploads\/2025\/07\/IMG_20251001_084440-scaled.jpg\",\"width\":2560,\"height\":1920},{\"@type\":\"BreadcrumbList\",\"@id\":\"https:\/\/www.domsvitania.sk\/?product=taska-s-rastlinnym-vzorom-od-nasej-janky#breadcrumb\",\"itemListElement\":[{\"@type\":\"ListItem\",\"position\":1,\"name\":\"Domovsk\u00e1 str\u00e1nka\",\"item\":\"https:\/\/www.domsvitania.sk\/\"},{\"@type\":\"ListItem\",\"position\":2,\"name\":\"E-shop\",\"item\":\"https:\/\/www.domsvitania.sk\/?page_id=550\"},{\"@type\":\"ListItem\",\"position\":3,\"name\":\"Ta\u0161ka s rastlinn\u00fdm vzorom od na\u0161ej Janky\"}]},{\"@type\":\"WebSite\",\"@id\":\"https:\/\/www.domsvitania.sk\/#website\",\"url\":\"https:\/\/www.domsvitania.sk\/\",\"name\":\"Dom Svitania\",\"description\":\"Rehabilita\u010dn\u00e9 stredisko a chr\u00e1nen\u00e1 diel\u0148a\",\"publisher\":{\"@id\":\"https:\/\/www.domsvitania.sk\/#organization\"},\"potentialAction\":[{\"@type\":\"SearchAction\",\"target\":{\"@type\":\"EntryPoint\",\"urlTemplate\":\"https:\/\/www.domsvitania.sk\/?s={search_term_string}\"},\"query-input\":{\"@type\":\"PropertyValueSpecification\",\"valueRequired\":true,\"valueName\":\"search_term_string\"}}],\"inLanguage\":\"sk-SK\"},{\"@type\":\"Organization\",\"@id\":\"https:\/\/www.domsvitania.sk\/#organization\",\"name\":\"Dom Svitania, n.o.\",\"url\":\"https:\/\/www.domsvitania.sk\/\",\"logo\":{\"@type\":\"ImageObject\",\"inLanguage\":\"sk-SK\",\"@id\":\"https:\/\/www.domsvitania.sk\/#\/schema\/logo\/image\/\",\"url\":\"https:\/\/www.domsvitania.sk\/wp-content\/uploads\/2023\/01\/dom_svitania_logo.jpg\",\"contentUrl\":\"https:\/\/www.domsvitania.sk\/wp-content\/uploads\/2023\/01\/dom_svitania_logo.jpg\",\"width\":243,\"height\":208,\"caption\":\"Dom Svitania, n.o.\"},\"image\":{\"@id\":\"https:\/\/www.domsvitania.sk\/#\/schema\/logo\/image\/\"},\"sameAs\":[\"https:\/\/www.facebook.com\/domsvitaniask\",\"https:\/\/www.instagram.com\/domsvitania\"]}]}<\/script>\n<!-- \/ Yoast SEO plugin. -->","yoast_head_json":{"title":"Ta\u0161ka s rastlinn\u00fdm vzorom od na\u0161ej Janky - Dom Svitania","robots":{"index":"index","follow":"follow","max-snippet":"max-snippet:-1","max-image-preview":"max-image-preview:large","max-video-preview":"max-video-preview:-1"},"canonical":"https:\/\/www.domsvitania.sk\/?product=taska-s-rastlinnym-vzorom-od-nasej-janky","og_locale":"sk_SK","og_type":"article","og_title":"Ta\u0161ka s rastlinn\u00fdm vzorom od na\u0161ej Janky - Dom Svitania","og_description":"\ud83e\uddf5 Ru\u010dne vy\u0161\u00edvan\u00e1 ta\u0161ka od Janky \u2013 ta\u0161ka, ktor\u00e1 rozpr\u00e1va pr\u00edbeh \ud83e\uddf5 T\u00e1to ta\u0161ka nie je len praktick\u00fdm doplnkom \u2013 je to mal\u00fd k\u00fasok umenia, ktor\u00fd vznikol v ruk\u00e1ch na\u0161ej Janky so zdravotn\u00fdm znev\u00fdhodnen\u00edm. Ka\u017ed\u00fd steh je d\u00f4kazom trpezlivosti, \u0161ikovnosti a radosti z tvorby. Janka do v\u00fd\u0161ivky vklad\u00e1 nielen svoj talent, ale aj svoj osobit\u00fd...","og_url":"https:\/\/www.domsvitania.sk\/?product=taska-s-rastlinnym-vzorom-od-nasej-janky","og_site_name":"Dom Svitania","article_publisher":"https:\/\/www.facebook.com\/domsvitaniask","article_modified_time":"2026-01-15T17:09:47+00:00","og_image":[{"width":2560,"height":1920,"url":"https:\/\/www.domsvitania.sk\/wp-content\/uploads\/2025\/07\/IMG_20251001_084440-scaled.jpg","type":"image\/jpeg"}],"twitter_card":"summary_large_image","twitter_misc":{"Predpokladan\u00fd \u010das \u010d\u00edtania":"2 min\u00faty"},"schema":{"@context":"https:\/\/schema.org","@graph":[{"@type":"WebPage","@id":"https:\/\/www.domsvitania.sk\/?product=taska-s-rastlinnym-vzorom-od-nasej-janky","url":"https:\/\/www.domsvitania.sk\/?product=taska-s-rastlinnym-vzorom-od-nasej-janky","name":"Ta\u0161ka s rastlinn\u00fdm vzorom od na\u0161ej Janky - Dom Svitania","isPartOf":{"@id":"https:\/\/www.domsvitania.sk\/#website"},"primaryImageOfPage":{"@id":"https:\/\/www.domsvitania.sk\/?product=taska-s-rastlinnym-vzorom-od-nasej-janky#primaryimage"},"image":{"@id":"https:\/\/www.domsvitania.sk\/?product=taska-s-rastlinnym-vzorom-od-nasej-janky#primaryimage"},"thumbnailUrl":"https:\/\/www.domsvitania.sk\/wp-content\/uploads\/2025\/07\/IMG_20251001_084440-scaled.jpg","datePublished":"2025-07-11T13:06:32+00:00","dateModified":"2026-01-15T17:09:47+00:00","breadcrumb":{"@id":"https:\/\/www.domsvitania.sk\/?product=taska-s-rastlinnym-vzorom-od-nasej-janky#breadcrumb"},"inLanguage":"sk-SK","potentialAction":[{"@type":"ReadAction","target":["https:\/\/www.domsvitania.sk\/?product=taska-s-rastlinnym-vzorom-od-nasej-janky"]}]},{"@type":"ImageObject","inLanguage":"sk-SK","@id":"https:\/\/www.domsvitania.sk\/?product=taska-s-rastlinnym-vzorom-od-nasej-janky#primaryimage","url":"https:\/\/www.domsvitania.sk\/wp-content\/uploads\/2025\/07\/IMG_20251001_084440-scaled.jpg","contentUrl":"https:\/\/www.domsvitania.sk\/wp-content\/uploads\/2025\/07\/IMG_20251001_084440-scaled.jpg","width":2560,"height":1920},{"@type":"BreadcrumbList","@id":"https:\/\/www.domsvitania.sk\/?product=taska-s-rastlinnym-vzorom-od-nasej-janky#breadcrumb","itemListElement":[{"@type":"ListItem","position":1,"name":"Domovsk\u00e1 str\u00e1nka","item":"https:\/\/www.domsvitania.sk\/"},{"@type":"ListItem","position":2,"name":"E-shop","item":"https:\/\/www.domsvitania.sk\/?page_id=550"},{"@type":"ListItem","position":3,"name":"Ta\u0161ka s rastlinn\u00fdm vzorom od na\u0161ej Janky"}]},{"@type":"WebSite","@id":"https:\/\/www.domsvitania.sk\/#website","url":"https:\/\/www.domsvitania.sk\/","name":"Dom Svitania","description":"Rehabilita\u010dn\u00e9 stredisko a chr\u00e1nen\u00e1 diel\u0148a","publisher":{"@id":"https:\/\/www.domsvitania.sk\/#organization"},"potentialAction":[{"@type":"SearchAction","target":{"@type":"EntryPoint","urlTemplate":"https:\/\/www.domsvitania.sk\/?s={search_term_string}"},"query-input":{"@type":"PropertyValueSpecification","valueRequired":true,"valueName":"search_term_string"}}],"inLanguage":"sk-SK"},{"@type":"Organization","@id":"https:\/\/www.domsvitania.sk\/#organization","name":"Dom Svitania, n.o.","url":"https:\/\/www.domsvitania.sk\/","logo":{"@type":"ImageObject","inLanguage":"sk-SK","@id":"https:\/\/www.domsvitania.sk\/#\/schema\/logo\/image\/","url":"https:\/\/www.domsvitania.sk\/wp-content\/uploads\/2023\/01\/dom_svitania_logo.jpg","contentUrl":"https:\/\/www.domsvitania.sk\/wp-content\/uploads\/2023\/01\/dom_svitania_logo.jpg","width":243,"height":208,"caption":"Dom Svitania, n.o."},"image":{"@id":"https:\/\/www.domsvitania.sk\/#\/schema\/logo\/image\/"},"sameAs":["https:\/\/www.facebook.com\/domsvitaniask","https:\/\/www.instagram.com\/domsvitania"]}]}},"jetpack_sharing_enabled":true,"_links":{"self":[{"href":"https:\/\/www.domsvitania.sk\/index.php?rest_route=\/wp\/v2\/product\/2135","targetHints":{"allow":["GET"]}}],"collection":[{"href":"https:\/\/www.domsvitania.sk\/index.php?rest_route=\/wp\/v2\/product"}],"about":[{"href":"https:\/\/www.domsvitania.sk\/index.php?rest_route=\/wp\/v2\/types\/product"}],"replies":[{"embeddable":true,"href":"https:\/\/www.domsvitania.sk\/index.php?rest_route=%2Fwp%2Fv2%2Fcomments&post=2135"}],"wp:featuredmedia":[{"embeddable":true,"href":"https:\/\/www.domsvitania.sk\/index.php?rest_route=\/wp\/v2\/media\/2444"}],"wp:attachment":[{"href":"https:\/\/www.domsvitania.sk\/index.php?rest_route=%2Fwp%2Fv2%2Fmedia&parent=2135"}],"wp:term":[{"taxonomy":"product_brand","embeddable":true,"href":"https:\/\/www.domsvitania.sk\/index.php?rest_route=%2Fwp%2Fv2%2Fproduct_brand&post=2135"},{"taxonomy":"product_cat","embeddable":true,"href":"https:\/\/www.domsvitania.sk\/index.php?rest_route=%2Fwp%2Fv2%2Fproduct_cat&post=2135"},{"taxonomy":"product_tag","embeddable":true,"href":"https:\/\/www.domsvitania.sk\/index.php?rest_route=%2Fwp%2Fv2%2Fproduct_tag&post=2135"}],"curies":[{"name":"wp","href":"https:\/\/api.w.org\/{rel}","templated":true}]}}