{"id":2260,"date":"2025-08-13T14:56:23","date_gmt":"2025-08-13T12:56:23","guid":{"rendered":"https:\/\/www.domsvitania.sk\/?post_type=product&#038;p=2260"},"modified":"2026-03-03T08:25:21","modified_gmt":"2026-03-03T07:25:21","slug":"snivajuca-macicka-%f0%9f%90%b1%f0%9f%98%b4","status":"publish","type":"product","link":"https:\/\/www.domsvitania.sk\/?product=snivajuca-macicka-%f0%9f%90%b1%f0%9f%98%b4","title":{"rendered":"Sn\u00edvaj\u00faca ma\u010di\u010dka \ud83d\udc31\ud83d\ude34"},"content":{"rendered":"<p data-start=\"98\" data-end=\"559\"><strong data-start=\"98\" data-end=\"160\">Sn\u00edvaj\u00faca ma\u010di\u010dka \u2013 ru\u010dne \u0161it\u00fd origin\u00e1l s l\u00e1skou k detailu<\/strong><\/p>\n<p data-start=\"98\" data-end=\"559\">Na\u0161a \u201eSn\u00edvaj\u00faca ma\u010di\u010dka\u201c vznikla v\u010faka \u0161ikovn\u00fdm ruk\u00e1m na\u0161ej Janky.<\/p>\n<p data-start=\"98\" data-end=\"559\">Ka\u017ed\u00e1 ma\u010di\u010dka m\u00e1 svoj jedine\u010dn\u00fd v\u00fdraz, ru\u010dne vy\u0161\u00edvan\u00fa tv\u00e1ri\u010dku a zavret\u00e9 o\u010dk\u00e1, akoby pr\u00e1ve odpo\u010d\u00edvala v l\u00fa\u010doch popolud\u0148aj\u0161ieho slnka.<br data-start=\"864\" data-end=\"867\" \/>Postr\u00e1\u017ei pokojn\u00fd sp\u00e1nok Va\u0161ich det\u00ed, je vhodn\u00e1 aj ako dar\u010dek pre novorodeniatko \u010di ako l\u00e1skav\u00e1 dekor\u00e1cia.<\/p>\n<p data-start=\"98\" data-end=\"559\">Ve\u013ekos\u0165: tak akur\u00e1t od ru\u010di\u010dky (cca 14cm)<\/p>\n<p data-start=\"98\" data-end=\"559\">K\u00fapou podporujete poctiv\u00fa ru\u010dn\u00fa pr\u00e1cu a pr\u00edbehy \u013eud\u00ed, ktor\u00ed ju tvoria. \u2764\ufe0f<\/p>\n","protected":false},"excerpt":{"rendered":"<p>Sn\u00edvaj\u00faca ma\u010di\u010dka \u2013 ru\u010dne \u0161it\u00fd origin\u00e1l s l\u00e1skou k detailu Na\u0161a \u201eSn\u00edvaj\u00faca ma\u010di\u010dka\u201c vznikla v\u010faka \u0161ikovn\u00fdm ruk\u00e1m na\u0161ej Janky. Ka\u017ed\u00e1 ma\u010di\u010dka m\u00e1 svoj jedine\u010dn\u00fd v\u00fdraz, ru\u010dne vy\u0161\u00edvan\u00fa tv\u00e1ri\u010dku a zavret\u00e9 o\u010dk\u00e1, akoby pr\u00e1ve odpo\u010d\u00edvala v l\u00fa\u010doch popolud\u0148aj\u0161ieho slnka.Postr\u00e1\u017ei pokojn\u00fd sp\u00e1nok Va\u0161ich det\u00ed, je vhodn\u00e1 aj ako dar\u010dek pre novorodeniatko \u010di ako l\u00e1skav\u00e1 dekor\u00e1cia. Ve\u013ekos\u0165: tak&#8230;<\/p>\n","protected":false},"featured_media":2261,"comment_status":"closed","ping_status":"closed","template":"","meta":{"_kad_post_transparent":"default","_kad_post_title":"","_kad_post_layout":"default","_kad_post_sidebar_id":"","_kad_post_content_style":"default","_kad_post_vertical_padding":"default","_kad_post_feature":"","_kad_post_feature_position":"","_kad_post_header":false,"_kad_post_footer":false,"_kad_post_classname":""},"product_brand":[],"product_cat":[38],"product_tag":[],"class_list":{"0":"post-2260","1":"product","2":"type-product","3":"status-publish","4":"has-post-thumbnail","6":"product_cat-nase-hracky-s-laskou-vyrabane","8":"first","9":"instock","10":"shipping-taxable","11":"purchasable","12":"product-type-simple","13":"entry","14":"content-bg","15":"loop-entry"},"yoast_head":"<!-- This site is optimized with the Yoast SEO plugin v26.7 - https:\/\/yoast.com\/wordpress\/plugins\/seo\/ -->\n<title>Sn\u00edvaj\u00faca ma\u010di\u010dka \ud83d\udc31\ud83d\ude34 - Dom Svitania<\/title>\n<meta name=\"robots\" content=\"index, follow, max-snippet:-1, max-image-preview:large, max-video-preview:-1\" \/>\n<link rel=\"canonical\" href=\"https:\/\/www.domsvitania.sk\/?product=snivajuca-macicka-\ud83d\udc31\ud83d\ude34\" \/>\n<meta property=\"og:locale\" content=\"sk_SK\" \/>\n<meta property=\"og:type\" content=\"article\" \/>\n<meta property=\"og:title\" content=\"Sn\u00edvaj\u00faca ma\u010di\u010dka \ud83d\udc31\ud83d\ude34 - Dom Svitania\" \/>\n<meta property=\"og:description\" content=\"Sn\u00edvaj\u00faca ma\u010di\u010dka \u2013 ru\u010dne \u0161it\u00fd origin\u00e1l s l\u00e1skou k detailu Na\u0161a \u201eSn\u00edvaj\u00faca ma\u010di\u010dka\u201c vznikla v\u010faka \u0161ikovn\u00fdm ruk\u00e1m na\u0161ej Janky. Ka\u017ed\u00e1 ma\u010di\u010dka m\u00e1 svoj jedine\u010dn\u00fd v\u00fdraz, ru\u010dne vy\u0161\u00edvan\u00fa tv\u00e1ri\u010dku a zavret\u00e9 o\u010dk\u00e1, akoby pr\u00e1ve odpo\u010d\u00edvala v l\u00fa\u010doch popolud\u0148aj\u0161ieho slnka.Postr\u00e1\u017ei pokojn\u00fd sp\u00e1nok Va\u0161ich det\u00ed, je vhodn\u00e1 aj ako dar\u010dek pre novorodeniatko \u010di ako l\u00e1skav\u00e1 dekor\u00e1cia. Ve\u013ekos\u0165: tak...\" \/>\n<meta property=\"og:url\" content=\"https:\/\/www.domsvitania.sk\/?product=snivajuca-macicka-\ud83d\udc31\ud83d\ude34\" \/>\n<meta property=\"og:site_name\" content=\"Dom Svitania\" \/>\n<meta property=\"article:publisher\" content=\"https:\/\/www.facebook.com\/domsvitaniask\" \/>\n<meta property=\"article:modified_time\" content=\"2026-03-03T07:25:21+00:00\" \/>\n<meta property=\"og:image\" content=\"https:\/\/www.domsvitania.sk\/wp-content\/uploads\/2025\/08\/IMG_20250603_142306-1-scaled.jpg\" \/>\n\t<meta property=\"og:image:width\" content=\"1920\" \/>\n\t<meta property=\"og:image:height\" content=\"2560\" \/>\n\t<meta property=\"og:image:type\" content=\"image\/jpeg\" \/>\n<meta name=\"twitter:card\" content=\"summary_large_image\" \/>\n<meta name=\"twitter:label1\" content=\"Predpokladan\u00fd \u010das \u010d\u00edtania\" \/>\n\t<meta name=\"twitter:data1\" content=\"1 min\u00fata\" \/>\n<script type=\"application\/ld+json\" class=\"yoast-schema-graph\">{\"@context\":\"https:\/\/schema.org\",\"@graph\":[{\"@type\":\"WebPage\",\"@id\":\"https:\/\/www.domsvitania.sk\/?product=snivajuca-macicka-%f0%9f%90%b1%f0%9f%98%b4\",\"url\":\"https:\/\/www.domsvitania.sk\/?product=snivajuca-macicka-%f0%9f%90%b1%f0%9f%98%b4\",\"name\":\"Sn\u00edvaj\u00faca ma\u010di\u010dka \ud83d\udc31\ud83d\ude34 - Dom Svitania\",\"isPartOf\":{\"@id\":\"https:\/\/www.domsvitania.sk\/#website\"},\"primaryImageOfPage\":{\"@id\":\"https:\/\/www.domsvitania.sk\/?product=snivajuca-macicka-%f0%9f%90%b1%f0%9f%98%b4#primaryimage\"},\"image\":{\"@id\":\"https:\/\/www.domsvitania.sk\/?product=snivajuca-macicka-%f0%9f%90%b1%f0%9f%98%b4#primaryimage\"},\"thumbnailUrl\":\"https:\/\/www.domsvitania.sk\/wp-content\/uploads\/2025\/08\/IMG_20250603_142306-1-scaled.jpg\",\"datePublished\":\"2025-08-13T12:56:23+00:00\",\"dateModified\":\"2026-03-03T07:25:21+00:00\",\"breadcrumb\":{\"@id\":\"https:\/\/www.domsvitania.sk\/?product=snivajuca-macicka-%f0%9f%90%b1%f0%9f%98%b4#breadcrumb\"},\"inLanguage\":\"sk-SK\",\"potentialAction\":[{\"@type\":\"ReadAction\",\"target\":[\"https:\/\/www.domsvitania.sk\/?product=snivajuca-macicka-%f0%9f%90%b1%f0%9f%98%b4\"]}]},{\"@type\":\"ImageObject\",\"inLanguage\":\"sk-SK\",\"@id\":\"https:\/\/www.domsvitania.sk\/?product=snivajuca-macicka-%f0%9f%90%b1%f0%9f%98%b4#primaryimage\",\"url\":\"https:\/\/www.domsvitania.sk\/wp-content\/uploads\/2025\/08\/IMG_20250603_142306-1-scaled.jpg\",\"contentUrl\":\"https:\/\/www.domsvitania.sk\/wp-content\/uploads\/2025\/08\/IMG_20250603_142306-1-scaled.jpg\",\"width\":1920,\"height\":2560},{\"@type\":\"BreadcrumbList\",\"@id\":\"https:\/\/www.domsvitania.sk\/?product=snivajuca-macicka-%f0%9f%90%b1%f0%9f%98%b4#breadcrumb\",\"itemListElement\":[{\"@type\":\"ListItem\",\"position\":1,\"name\":\"Domovsk\u00e1 str\u00e1nka\",\"item\":\"https:\/\/www.domsvitania.sk\/\"},{\"@type\":\"ListItem\",\"position\":2,\"name\":\"E-shop\",\"item\":\"https:\/\/www.domsvitania.sk\/?page_id=550\"},{\"@type\":\"ListItem\",\"position\":3,\"name\":\"Sn\u00edvaj\u00faca ma\u010di\u010dka \ud83d\udc31\ud83d\ude34\"}]},{\"@type\":\"WebSite\",\"@id\":\"https:\/\/www.domsvitania.sk\/#website\",\"url\":\"https:\/\/www.domsvitania.sk\/\",\"name\":\"Dom Svitania\",\"description\":\"Rehabilita\u010dn\u00e9 stredisko a chr\u00e1nen\u00e1 diel\u0148a\",\"publisher\":{\"@id\":\"https:\/\/www.domsvitania.sk\/#organization\"},\"potentialAction\":[{\"@type\":\"SearchAction\",\"target\":{\"@type\":\"EntryPoint\",\"urlTemplate\":\"https:\/\/www.domsvitania.sk\/?s={search_term_string}\"},\"query-input\":{\"@type\":\"PropertyValueSpecification\",\"valueRequired\":true,\"valueName\":\"search_term_string\"}}],\"inLanguage\":\"sk-SK\"},{\"@type\":\"Organization\",\"@id\":\"https:\/\/www.domsvitania.sk\/#organization\",\"name\":\"Dom Svitania, n.o.\",\"url\":\"https:\/\/www.domsvitania.sk\/\",\"logo\":{\"@type\":\"ImageObject\",\"inLanguage\":\"sk-SK\",\"@id\":\"https:\/\/www.domsvitania.sk\/#\/schema\/logo\/image\/\",\"url\":\"https:\/\/www.domsvitania.sk\/wp-content\/uploads\/2023\/01\/dom_svitania_logo.jpg\",\"contentUrl\":\"https:\/\/www.domsvitania.sk\/wp-content\/uploads\/2023\/01\/dom_svitania_logo.jpg\",\"width\":243,\"height\":208,\"caption\":\"Dom Svitania, n.o.\"},\"image\":{\"@id\":\"https:\/\/www.domsvitania.sk\/#\/schema\/logo\/image\/\"},\"sameAs\":[\"https:\/\/www.facebook.com\/domsvitaniask\",\"https:\/\/www.instagram.com\/domsvitania\"]}]}<\/script>\n<!-- \/ Yoast SEO plugin. -->","yoast_head_json":{"title":"Sn\u00edvaj\u00faca ma\u010di\u010dka \ud83d\udc31\ud83d\ude34 - Dom Svitania","robots":{"index":"index","follow":"follow","max-snippet":"max-snippet:-1","max-image-preview":"max-image-preview:large","max-video-preview":"max-video-preview:-1"},"canonical":"https:\/\/www.domsvitania.sk\/?product=snivajuca-macicka-\ud83d\udc31\ud83d\ude34","og_locale":"sk_SK","og_type":"article","og_title":"Sn\u00edvaj\u00faca ma\u010di\u010dka \ud83d\udc31\ud83d\ude34 - Dom Svitania","og_description":"Sn\u00edvaj\u00faca ma\u010di\u010dka \u2013 ru\u010dne \u0161it\u00fd origin\u00e1l s l\u00e1skou k detailu Na\u0161a \u201eSn\u00edvaj\u00faca ma\u010di\u010dka\u201c vznikla v\u010faka \u0161ikovn\u00fdm ruk\u00e1m na\u0161ej Janky. Ka\u017ed\u00e1 ma\u010di\u010dka m\u00e1 svoj jedine\u010dn\u00fd v\u00fdraz, ru\u010dne vy\u0161\u00edvan\u00fa tv\u00e1ri\u010dku a zavret\u00e9 o\u010dk\u00e1, akoby pr\u00e1ve odpo\u010d\u00edvala v l\u00fa\u010doch popolud\u0148aj\u0161ieho slnka.Postr\u00e1\u017ei pokojn\u00fd sp\u00e1nok Va\u0161ich det\u00ed, je vhodn\u00e1 aj ako dar\u010dek pre novorodeniatko \u010di ako l\u00e1skav\u00e1 dekor\u00e1cia. Ve\u013ekos\u0165: tak...","og_url":"https:\/\/www.domsvitania.sk\/?product=snivajuca-macicka-\ud83d\udc31\ud83d\ude34","og_site_name":"Dom Svitania","article_publisher":"https:\/\/www.facebook.com\/domsvitaniask","article_modified_time":"2026-03-03T07:25:21+00:00","og_image":[{"width":1920,"height":2560,"url":"https:\/\/www.domsvitania.sk\/wp-content\/uploads\/2025\/08\/IMG_20250603_142306-1-scaled.jpg","type":"image\/jpeg"}],"twitter_card":"summary_large_image","twitter_misc":{"Predpokladan\u00fd \u010das \u010d\u00edtania":"1 min\u00fata"},"schema":{"@context":"https:\/\/schema.org","@graph":[{"@type":"WebPage","@id":"https:\/\/www.domsvitania.sk\/?product=snivajuca-macicka-%f0%9f%90%b1%f0%9f%98%b4","url":"https:\/\/www.domsvitania.sk\/?product=snivajuca-macicka-%f0%9f%90%b1%f0%9f%98%b4","name":"Sn\u00edvaj\u00faca ma\u010di\u010dka \ud83d\udc31\ud83d\ude34 - Dom Svitania","isPartOf":{"@id":"https:\/\/www.domsvitania.sk\/#website"},"primaryImageOfPage":{"@id":"https:\/\/www.domsvitania.sk\/?product=snivajuca-macicka-%f0%9f%90%b1%f0%9f%98%b4#primaryimage"},"image":{"@id":"https:\/\/www.domsvitania.sk\/?product=snivajuca-macicka-%f0%9f%90%b1%f0%9f%98%b4#primaryimage"},"thumbnailUrl":"https:\/\/www.domsvitania.sk\/wp-content\/uploads\/2025\/08\/IMG_20250603_142306-1-scaled.jpg","datePublished":"2025-08-13T12:56:23+00:00","dateModified":"2026-03-03T07:25:21+00:00","breadcrumb":{"@id":"https:\/\/www.domsvitania.sk\/?product=snivajuca-macicka-%f0%9f%90%b1%f0%9f%98%b4#breadcrumb"},"inLanguage":"sk-SK","potentialAction":[{"@type":"ReadAction","target":["https:\/\/www.domsvitania.sk\/?product=snivajuca-macicka-%f0%9f%90%b1%f0%9f%98%b4"]}]},{"@type":"ImageObject","inLanguage":"sk-SK","@id":"https:\/\/www.domsvitania.sk\/?product=snivajuca-macicka-%f0%9f%90%b1%f0%9f%98%b4#primaryimage","url":"https:\/\/www.domsvitania.sk\/wp-content\/uploads\/2025\/08\/IMG_20250603_142306-1-scaled.jpg","contentUrl":"https:\/\/www.domsvitania.sk\/wp-content\/uploads\/2025\/08\/IMG_20250603_142306-1-scaled.jpg","width":1920,"height":2560},{"@type":"BreadcrumbList","@id":"https:\/\/www.domsvitania.sk\/?product=snivajuca-macicka-%f0%9f%90%b1%f0%9f%98%b4#breadcrumb","itemListElement":[{"@type":"ListItem","position":1,"name":"Domovsk\u00e1 str\u00e1nka","item":"https:\/\/www.domsvitania.sk\/"},{"@type":"ListItem","position":2,"name":"E-shop","item":"https:\/\/www.domsvitania.sk\/?page_id=550"},{"@type":"ListItem","position":3,"name":"Sn\u00edvaj\u00faca ma\u010di\u010dka \ud83d\udc31\ud83d\ude34"}]},{"@type":"WebSite","@id":"https:\/\/www.domsvitania.sk\/#website","url":"https:\/\/www.domsvitania.sk\/","name":"Dom Svitania","description":"Rehabilita\u010dn\u00e9 stredisko a chr\u00e1nen\u00e1 diel\u0148a","publisher":{"@id":"https:\/\/www.domsvitania.sk\/#organization"},"potentialAction":[{"@type":"SearchAction","target":{"@type":"EntryPoint","urlTemplate":"https:\/\/www.domsvitania.sk\/?s={search_term_string}"},"query-input":{"@type":"PropertyValueSpecification","valueRequired":true,"valueName":"search_term_string"}}],"inLanguage":"sk-SK"},{"@type":"Organization","@id":"https:\/\/www.domsvitania.sk\/#organization","name":"Dom Svitania, n.o.","url":"https:\/\/www.domsvitania.sk\/","logo":{"@type":"ImageObject","inLanguage":"sk-SK","@id":"https:\/\/www.domsvitania.sk\/#\/schema\/logo\/image\/","url":"https:\/\/www.domsvitania.sk\/wp-content\/uploads\/2023\/01\/dom_svitania_logo.jpg","contentUrl":"https:\/\/www.domsvitania.sk\/wp-content\/uploads\/2023\/01\/dom_svitania_logo.jpg","width":243,"height":208,"caption":"Dom Svitania, n.o."},"image":{"@id":"https:\/\/www.domsvitania.sk\/#\/schema\/logo\/image\/"},"sameAs":["https:\/\/www.facebook.com\/domsvitaniask","https:\/\/www.instagram.com\/domsvitania"]}]}},"jetpack_sharing_enabled":true,"_links":{"self":[{"href":"https:\/\/www.domsvitania.sk\/index.php?rest_route=\/wp\/v2\/product\/2260","targetHints":{"allow":["GET"]}}],"collection":[{"href":"https:\/\/www.domsvitania.sk\/index.php?rest_route=\/wp\/v2\/product"}],"about":[{"href":"https:\/\/www.domsvitania.sk\/index.php?rest_route=\/wp\/v2\/types\/product"}],"replies":[{"embeddable":true,"href":"https:\/\/www.domsvitania.sk\/index.php?rest_route=%2Fwp%2Fv2%2Fcomments&post=2260"}],"wp:featuredmedia":[{"embeddable":true,"href":"https:\/\/www.domsvitania.sk\/index.php?rest_route=\/wp\/v2\/media\/2261"}],"wp:attachment":[{"href":"https:\/\/www.domsvitania.sk\/index.php?rest_route=%2Fwp%2Fv2%2Fmedia&parent=2260"}],"wp:term":[{"taxonomy":"product_brand","embeddable":true,"href":"https:\/\/www.domsvitania.sk\/index.php?rest_route=%2Fwp%2Fv2%2Fproduct_brand&post=2260"},{"taxonomy":"product_cat","embeddable":true,"href":"https:\/\/www.domsvitania.sk\/index.php?rest_route=%2Fwp%2Fv2%2Fproduct_cat&post=2260"},{"taxonomy":"product_tag","embeddable":true,"href":"https:\/\/www.domsvitania.sk\/index.php?rest_route=%2Fwp%2Fv2%2Fproduct_tag&post=2260"}],"curies":[{"name":"wp","href":"https:\/\/api.w.org\/{rel}","templated":true}]}}