{"id":2348,"date":"2025-09-01T16:40:14","date_gmt":"2025-09-01T14:40:14","guid":{"rendered":"https:\/\/www.domsvitania.sk\/?post_type=product&#038;p=2348"},"modified":"2026-01-15T18:06:19","modified_gmt":"2026-01-15T17:06:19","slug":"levandulovy-sen","status":"publish","type":"product","link":"https:\/\/www.domsvitania.sk\/?product=levandulovy-sen","title":{"rendered":"Levandu\u013eov\u00fd sen"},"content":{"rendered":"<p data-start=\"114\" data-end=\"526\">Nechajte sa unies\u0165 jemnou v\u00f4\u0148ou levandule, ktor\u00e1 prin\u00e1\u0161a k\u00fasok pokoja do ka\u017ed\u00e9ho d\u0148a\ud83d\ude4f.<\/p>\n<p data-start=\"114\" data-end=\"526\">Ru\u010dne \u0161it\u00e9 vank\u00fa\u0161iky naplnen\u00e9 su\u0161enou levandu\u013eou s\u00fa ide\u00e1lne do \u0161atn\u00edka, komody \u010di pod vank\u00fa\u0161 \u2013 aby pripom\u00ednali leto a v\u00f4\u0148u slnkom zaliatej levandule\ud83c\udf1e\ud83e\udebb.<br data-start=\"343\" data-end=\"346\" \/>Tieto vo\u0148av\u00e9 vank\u00fa\u0161iky pre v\u00e1s s l\u00e1skou nakreslil a pripravil <strong data-start=\"392\" data-end=\"424\">Juraj, <\/strong>u\u0161ila <strong data-start=\"392\" data-end=\"424\">Majka a Janka, <\/strong>a naplnil<strong data-start=\"392\" data-end=\"424\"> Mari\u00e1n<\/strong>, \u013eudia so zdravotn\u00fdm znev\u00fdhodnen\u00edm, ktor\u00ed do ka\u017edej pr\u00e1ce vkladaj\u00fa svoj pr\u00edbeh a rados\u0165 z ka\u017edodennej pr\u00e1ce a sebarealiz\u00e1cie.<\/p>\n<p data-start=\"114\" data-end=\"526\">\ud83c\udf3fLevandu\u013ea v tomto k\u00fasku k n\u00e1m pricestovala z cel\u00e9ho Slovenska aj \u010ceska \u2013 a teraz m\u00f4\u017ee rozvoniava\u0165 pr\u00e1ve u v\u00e1s. \u010eakujeme v\u0161etk\u00fdm, ktor\u00ed n\u00e1m ju poslali \u2013 nap\u00ed\u0161te mail a m\u00e1te od n\u00e1s 20 % z\u013eavu na levandu\u013eov\u00fd v\u00fdrobok.<\/p>\n","protected":false},"excerpt":{"rendered":"<p>Nechajte sa unies\u0165 jemnou v\u00f4\u0148ou levandule, ktor\u00e1 prin\u00e1\u0161a k\u00fasok pokoja do ka\u017ed\u00e9ho d\u0148a\ud83d\ude4f. Ru\u010dne \u0161it\u00e9 vank\u00fa\u0161iky naplnen\u00e9 su\u0161enou levandu\u013eou s\u00fa ide\u00e1lne do \u0161atn\u00edka, komody \u010di pod vank\u00fa\u0161 \u2013 aby pripom\u00ednali leto a v\u00f4\u0148u slnkom zaliatej levandule\ud83c\udf1e\ud83e\udebb.Tieto vo\u0148av\u00e9 vank\u00fa\u0161iky pre v\u00e1s s l\u00e1skou nakreslil a pripravil Juraj, u\u0161ila Majka a Janka, a naplnil Mari\u00e1n, \u013eudia so&#8230;<\/p>\n","protected":false},"featured_media":2349,"comment_status":"closed","ping_status":"closed","template":"","meta":{"_kad_post_transparent":"default","_kad_post_title":"","_kad_post_layout":"default","_kad_post_sidebar_id":"","_kad_post_content_style":"default","_kad_post_vertical_padding":"default","_kad_post_feature":"","_kad_post_feature_position":"","_kad_post_header":false,"_kad_post_footer":false,"_kad_post_classname":""},"product_brand":[],"product_cat":[65],"product_tag":[],"class_list":{"0":"post-2348","1":"product","2":"type-product","3":"status-publish","4":"has-post-thumbnail","6":"product_cat-levandulovy-kusok-leta","8":"first","9":"instock","10":"shipping-taxable","11":"purchasable","12":"product-type-simple","13":"entry","14":"content-bg","15":"loop-entry"},"yoast_head":"<!-- This site is optimized with the Yoast SEO plugin v26.7 - https:\/\/yoast.com\/wordpress\/plugins\/seo\/ -->\n<title>Levandu\u013eov\u00fd sen - Dom Svitania<\/title>\n<meta name=\"robots\" content=\"index, follow, max-snippet:-1, max-image-preview:large, max-video-preview:-1\" \/>\n<link rel=\"canonical\" href=\"https:\/\/www.domsvitania.sk\/?product=levandulovy-sen\" \/>\n<meta property=\"og:locale\" content=\"sk_SK\" \/>\n<meta property=\"og:type\" content=\"article\" \/>\n<meta property=\"og:title\" content=\"Levandu\u013eov\u00fd sen - Dom Svitania\" \/>\n<meta property=\"og:description\" content=\"Nechajte sa unies\u0165 jemnou v\u00f4\u0148ou levandule, ktor\u00e1 prin\u00e1\u0161a k\u00fasok pokoja do ka\u017ed\u00e9ho d\u0148a\ud83d\ude4f. Ru\u010dne \u0161it\u00e9 vank\u00fa\u0161iky naplnen\u00e9 su\u0161enou levandu\u013eou s\u00fa ide\u00e1lne do \u0161atn\u00edka, komody \u010di pod vank\u00fa\u0161 \u2013 aby pripom\u00ednali leto a v\u00f4\u0148u slnkom zaliatej levandule\ud83c\udf1e\ud83e\udebb.Tieto vo\u0148av\u00e9 vank\u00fa\u0161iky pre v\u00e1s s l\u00e1skou nakreslil a pripravil Juraj, u\u0161ila Majka a Janka, a naplnil Mari\u00e1n, \u013eudia so...\" \/>\n<meta property=\"og:url\" content=\"https:\/\/www.domsvitania.sk\/?product=levandulovy-sen\" \/>\n<meta property=\"og:site_name\" content=\"Dom Svitania\" \/>\n<meta property=\"article:publisher\" content=\"https:\/\/www.facebook.com\/domsvitaniask\" \/>\n<meta property=\"article:modified_time\" content=\"2026-01-15T17:06:19+00:00\" \/>\n<meta property=\"og:image\" content=\"https:\/\/www.domsvitania.sk\/wp-content\/uploads\/2025\/09\/levandulovy-sen-scaled.jpg\" \/>\n\t<meta property=\"og:image:width\" content=\"1922\" \/>\n\t<meta property=\"og:image:height\" content=\"2560\" \/>\n\t<meta property=\"og:image:type\" content=\"image\/jpeg\" \/>\n<meta name=\"twitter:card\" content=\"summary_large_image\" \/>\n<meta name=\"twitter:label1\" content=\"Predpokladan\u00fd \u010das \u010d\u00edtania\" \/>\n\t<meta name=\"twitter:data1\" content=\"1 min\u00fata\" \/>\n<script type=\"application\/ld+json\" class=\"yoast-schema-graph\">{\"@context\":\"https:\/\/schema.org\",\"@graph\":[{\"@type\":\"WebPage\",\"@id\":\"https:\/\/www.domsvitania.sk\/?product=levandulovy-sen\",\"url\":\"https:\/\/www.domsvitania.sk\/?product=levandulovy-sen\",\"name\":\"Levandu\u013eov\u00fd sen - Dom Svitania\",\"isPartOf\":{\"@id\":\"https:\/\/www.domsvitania.sk\/#website\"},\"primaryImageOfPage\":{\"@id\":\"https:\/\/www.domsvitania.sk\/?product=levandulovy-sen#primaryimage\"},\"image\":{\"@id\":\"https:\/\/www.domsvitania.sk\/?product=levandulovy-sen#primaryimage\"},\"thumbnailUrl\":\"https:\/\/www.domsvitania.sk\/wp-content\/uploads\/2025\/09\/levandulovy-sen-scaled.jpg\",\"datePublished\":\"2025-09-01T14:40:14+00:00\",\"dateModified\":\"2026-01-15T17:06:19+00:00\",\"breadcrumb\":{\"@id\":\"https:\/\/www.domsvitania.sk\/?product=levandulovy-sen#breadcrumb\"},\"inLanguage\":\"sk-SK\",\"potentialAction\":[{\"@type\":\"ReadAction\",\"target\":[\"https:\/\/www.domsvitania.sk\/?product=levandulovy-sen\"]}]},{\"@type\":\"ImageObject\",\"inLanguage\":\"sk-SK\",\"@id\":\"https:\/\/www.domsvitania.sk\/?product=levandulovy-sen#primaryimage\",\"url\":\"https:\/\/www.domsvitania.sk\/wp-content\/uploads\/2025\/09\/levandulovy-sen-scaled.jpg\",\"contentUrl\":\"https:\/\/www.domsvitania.sk\/wp-content\/uploads\/2025\/09\/levandulovy-sen-scaled.jpg\",\"width\":1922,\"height\":2560},{\"@type\":\"BreadcrumbList\",\"@id\":\"https:\/\/www.domsvitania.sk\/?product=levandulovy-sen#breadcrumb\",\"itemListElement\":[{\"@type\":\"ListItem\",\"position\":1,\"name\":\"Domovsk\u00e1 str\u00e1nka\",\"item\":\"https:\/\/www.domsvitania.sk\/\"},{\"@type\":\"ListItem\",\"position\":2,\"name\":\"E-shop\",\"item\":\"https:\/\/www.domsvitania.sk\/?page_id=550\"},{\"@type\":\"ListItem\",\"position\":3,\"name\":\"Levandu\u013eov\u00fd sen\"}]},{\"@type\":\"WebSite\",\"@id\":\"https:\/\/www.domsvitania.sk\/#website\",\"url\":\"https:\/\/www.domsvitania.sk\/\",\"name\":\"Dom Svitania\",\"description\":\"Rehabilita\u010dn\u00e9 stredisko a chr\u00e1nen\u00e1 diel\u0148a\",\"publisher\":{\"@id\":\"https:\/\/www.domsvitania.sk\/#organization\"},\"potentialAction\":[{\"@type\":\"SearchAction\",\"target\":{\"@type\":\"EntryPoint\",\"urlTemplate\":\"https:\/\/www.domsvitania.sk\/?s={search_term_string}\"},\"query-input\":{\"@type\":\"PropertyValueSpecification\",\"valueRequired\":true,\"valueName\":\"search_term_string\"}}],\"inLanguage\":\"sk-SK\"},{\"@type\":\"Organization\",\"@id\":\"https:\/\/www.domsvitania.sk\/#organization\",\"name\":\"Dom Svitania, n.o.\",\"url\":\"https:\/\/www.domsvitania.sk\/\",\"logo\":{\"@type\":\"ImageObject\",\"inLanguage\":\"sk-SK\",\"@id\":\"https:\/\/www.domsvitania.sk\/#\/schema\/logo\/image\/\",\"url\":\"https:\/\/www.domsvitania.sk\/wp-content\/uploads\/2023\/01\/dom_svitania_logo.jpg\",\"contentUrl\":\"https:\/\/www.domsvitania.sk\/wp-content\/uploads\/2023\/01\/dom_svitania_logo.jpg\",\"width\":243,\"height\":208,\"caption\":\"Dom Svitania, n.o.\"},\"image\":{\"@id\":\"https:\/\/www.domsvitania.sk\/#\/schema\/logo\/image\/\"},\"sameAs\":[\"https:\/\/www.facebook.com\/domsvitaniask\",\"https:\/\/www.instagram.com\/domsvitania\"]}]}<\/script>\n<!-- \/ Yoast SEO plugin. -->","yoast_head_json":{"title":"Levandu\u013eov\u00fd sen - Dom Svitania","robots":{"index":"index","follow":"follow","max-snippet":"max-snippet:-1","max-image-preview":"max-image-preview:large","max-video-preview":"max-video-preview:-1"},"canonical":"https:\/\/www.domsvitania.sk\/?product=levandulovy-sen","og_locale":"sk_SK","og_type":"article","og_title":"Levandu\u013eov\u00fd sen - Dom Svitania","og_description":"Nechajte sa unies\u0165 jemnou v\u00f4\u0148ou levandule, ktor\u00e1 prin\u00e1\u0161a k\u00fasok pokoja do ka\u017ed\u00e9ho d\u0148a\ud83d\ude4f. Ru\u010dne \u0161it\u00e9 vank\u00fa\u0161iky naplnen\u00e9 su\u0161enou levandu\u013eou s\u00fa ide\u00e1lne do \u0161atn\u00edka, komody \u010di pod vank\u00fa\u0161 \u2013 aby pripom\u00ednali leto a v\u00f4\u0148u slnkom zaliatej levandule\ud83c\udf1e\ud83e\udebb.Tieto vo\u0148av\u00e9 vank\u00fa\u0161iky pre v\u00e1s s l\u00e1skou nakreslil a pripravil Juraj, u\u0161ila Majka a Janka, a naplnil Mari\u00e1n, \u013eudia so...","og_url":"https:\/\/www.domsvitania.sk\/?product=levandulovy-sen","og_site_name":"Dom Svitania","article_publisher":"https:\/\/www.facebook.com\/domsvitaniask","article_modified_time":"2026-01-15T17:06:19+00:00","og_image":[{"width":1922,"height":2560,"url":"https:\/\/www.domsvitania.sk\/wp-content\/uploads\/2025\/09\/levandulovy-sen-scaled.jpg","type":"image\/jpeg"}],"twitter_card":"summary_large_image","twitter_misc":{"Predpokladan\u00fd \u010das \u010d\u00edtania":"1 min\u00fata"},"schema":{"@context":"https:\/\/schema.org","@graph":[{"@type":"WebPage","@id":"https:\/\/www.domsvitania.sk\/?product=levandulovy-sen","url":"https:\/\/www.domsvitania.sk\/?product=levandulovy-sen","name":"Levandu\u013eov\u00fd sen - Dom Svitania","isPartOf":{"@id":"https:\/\/www.domsvitania.sk\/#website"},"primaryImageOfPage":{"@id":"https:\/\/www.domsvitania.sk\/?product=levandulovy-sen#primaryimage"},"image":{"@id":"https:\/\/www.domsvitania.sk\/?product=levandulovy-sen#primaryimage"},"thumbnailUrl":"https:\/\/www.domsvitania.sk\/wp-content\/uploads\/2025\/09\/levandulovy-sen-scaled.jpg","datePublished":"2025-09-01T14:40:14+00:00","dateModified":"2026-01-15T17:06:19+00:00","breadcrumb":{"@id":"https:\/\/www.domsvitania.sk\/?product=levandulovy-sen#breadcrumb"},"inLanguage":"sk-SK","potentialAction":[{"@type":"ReadAction","target":["https:\/\/www.domsvitania.sk\/?product=levandulovy-sen"]}]},{"@type":"ImageObject","inLanguage":"sk-SK","@id":"https:\/\/www.domsvitania.sk\/?product=levandulovy-sen#primaryimage","url":"https:\/\/www.domsvitania.sk\/wp-content\/uploads\/2025\/09\/levandulovy-sen-scaled.jpg","contentUrl":"https:\/\/www.domsvitania.sk\/wp-content\/uploads\/2025\/09\/levandulovy-sen-scaled.jpg","width":1922,"height":2560},{"@type":"BreadcrumbList","@id":"https:\/\/www.domsvitania.sk\/?product=levandulovy-sen#breadcrumb","itemListElement":[{"@type":"ListItem","position":1,"name":"Domovsk\u00e1 str\u00e1nka","item":"https:\/\/www.domsvitania.sk\/"},{"@type":"ListItem","position":2,"name":"E-shop","item":"https:\/\/www.domsvitania.sk\/?page_id=550"},{"@type":"ListItem","position":3,"name":"Levandu\u013eov\u00fd sen"}]},{"@type":"WebSite","@id":"https:\/\/www.domsvitania.sk\/#website","url":"https:\/\/www.domsvitania.sk\/","name":"Dom Svitania","description":"Rehabilita\u010dn\u00e9 stredisko a chr\u00e1nen\u00e1 diel\u0148a","publisher":{"@id":"https:\/\/www.domsvitania.sk\/#organization"},"potentialAction":[{"@type":"SearchAction","target":{"@type":"EntryPoint","urlTemplate":"https:\/\/www.domsvitania.sk\/?s={search_term_string}"},"query-input":{"@type":"PropertyValueSpecification","valueRequired":true,"valueName":"search_term_string"}}],"inLanguage":"sk-SK"},{"@type":"Organization","@id":"https:\/\/www.domsvitania.sk\/#organization","name":"Dom Svitania, n.o.","url":"https:\/\/www.domsvitania.sk\/","logo":{"@type":"ImageObject","inLanguage":"sk-SK","@id":"https:\/\/www.domsvitania.sk\/#\/schema\/logo\/image\/","url":"https:\/\/www.domsvitania.sk\/wp-content\/uploads\/2023\/01\/dom_svitania_logo.jpg","contentUrl":"https:\/\/www.domsvitania.sk\/wp-content\/uploads\/2023\/01\/dom_svitania_logo.jpg","width":243,"height":208,"caption":"Dom Svitania, n.o."},"image":{"@id":"https:\/\/www.domsvitania.sk\/#\/schema\/logo\/image\/"},"sameAs":["https:\/\/www.facebook.com\/domsvitaniask","https:\/\/www.instagram.com\/domsvitania"]}]}},"jetpack_sharing_enabled":true,"_links":{"self":[{"href":"https:\/\/www.domsvitania.sk\/index.php?rest_route=\/wp\/v2\/product\/2348","targetHints":{"allow":["GET"]}}],"collection":[{"href":"https:\/\/www.domsvitania.sk\/index.php?rest_route=\/wp\/v2\/product"}],"about":[{"href":"https:\/\/www.domsvitania.sk\/index.php?rest_route=\/wp\/v2\/types\/product"}],"replies":[{"embeddable":true,"href":"https:\/\/www.domsvitania.sk\/index.php?rest_route=%2Fwp%2Fv2%2Fcomments&post=2348"}],"wp:featuredmedia":[{"embeddable":true,"href":"https:\/\/www.domsvitania.sk\/index.php?rest_route=\/wp\/v2\/media\/2349"}],"wp:attachment":[{"href":"https:\/\/www.domsvitania.sk\/index.php?rest_route=%2Fwp%2Fv2%2Fmedia&parent=2348"}],"wp:term":[{"taxonomy":"product_brand","embeddable":true,"href":"https:\/\/www.domsvitania.sk\/index.php?rest_route=%2Fwp%2Fv2%2Fproduct_brand&post=2348"},{"taxonomy":"product_cat","embeddable":true,"href":"https:\/\/www.domsvitania.sk\/index.php?rest_route=%2Fwp%2Fv2%2Fproduct_cat&post=2348"},{"taxonomy":"product_tag","embeddable":true,"href":"https:\/\/www.domsvitania.sk\/index.php?rest_route=%2Fwp%2Fv2%2Fproduct_tag&post=2348"}],"curies":[{"name":"wp","href":"https:\/\/api.w.org\/{rel}","templated":true}]}}