{"id":2356,"date":"2025-09-01T16:59:04","date_gmt":"2025-09-01T14:59:04","guid":{"rendered":"https:\/\/www.domsvitania.sk\/?post_type=product&#038;p=2356"},"modified":"2026-01-15T18:05:20","modified_gmt":"2026-01-15T17:05:20","slug":"bonbon-z-ktoreho-sa-nepribera-%f0%9f%99%83","status":"publish","type":"product","link":"https:\/\/www.domsvitania.sk\/?product=bonbon-z-ktoreho-sa-nepribera-%f0%9f%99%83","title":{"rendered":"Bonb\u00f3n, z ktor\u00e9ho sa nepriber\u00e1 \ud83d\ude43"},"content":{"rendered":"<p>\ud83c\udf6cNa\u0161e vo\u0148av\u00e9 bonb\u00f3niky s\u00fa milou drobnos\u0165ou, ktor\u00e1 pote\u0161\u00ed deti aj dospel\u00fdch.<\/p>\n<p>Ako u\u017e n\u00e1zov nazna\u010duje, z tohto bonb\u00f3nika nik nepriberie \ud83d\ude48,\u00a0 je toti\u017eto plnen\u00fd su\u0161enou levandu\u013eou a zabalen\u00fd do l\u00e1tkov\u00e9ho obalu v tvare \u201ecukr\u00edkov\u201c. Vhodn\u00e9 ako mal\u00fd dar\u010dek, dekor\u00e1cia \u010di vo\u0148av\u00e1 spomienka na leto.<\/p>\n<p data-start=\"1417\" data-end=\"1488\">\ud83d\udc49 Ka\u017ed\u00fd k\u00fasok je origin\u00e1l, vznik\u00e1 z darovan\u00fdch \u00fastri\u017ekov l\u00e1tok (z v\u00fdroby ko\u0161ie\u013e), ktor\u00e9 v na\u0161ej dielni dostan\u00fa nov\u00fd \u017eivot a neskon\u010dia v odpade \ud83d\udc9a<\/p>\n<p data-start=\"1417\" data-end=\"1488\">\ud83c\udf3fLevandu\u013ea v tomto k\u00fasku k n\u00e1m pricestovala z cel\u00e9ho Slovenska aj \u010ceska \u2013 a teraz m\u00f4\u017ee rozvoniava\u0165 pr\u00e1ve u v\u00e1s. \u010eakujeme v\u0161etk\u00fdm, ktor\u00ed n\u00e1m ju poslali \u2013 nap\u00ed\u0161te mail a m\u00e1te od n\u00e1s <strong>20 % z\u013eavu<\/strong> na levandu\u013eov\u00fd v\u00fdrobok.<\/p>\n<p>&nbsp;<\/p>\n","protected":false},"excerpt":{"rendered":"<p>\ud83c\udf6cNa\u0161e vo\u0148av\u00e9 bonb\u00f3niky s\u00fa milou drobnos\u0165ou, ktor\u00e1 pote\u0161\u00ed deti aj dospel\u00fdch. Ako u\u017e n\u00e1zov nazna\u010duje, z tohto bonb\u00f3nika nik nepriberie \ud83d\ude48,\u00a0 je toti\u017eto plnen\u00fd su\u0161enou levandu\u013eou a zabalen\u00fd do l\u00e1tkov\u00e9ho obalu v tvare \u201ecukr\u00edkov\u201c. Vhodn\u00e9 ako mal\u00fd dar\u010dek, dekor\u00e1cia \u010di vo\u0148av\u00e1 spomienka na leto. \ud83d\udc49 Ka\u017ed\u00fd k\u00fasok je origin\u00e1l, vznik\u00e1 z darovan\u00fdch \u00fastri\u017ekov l\u00e1tok (z&#8230;<\/p>\n","protected":false},"featured_media":2358,"comment_status":"closed","ping_status":"closed","template":"","meta":{"_kad_post_transparent":"default","_kad_post_title":"","_kad_post_layout":"default","_kad_post_sidebar_id":"","_kad_post_content_style":"default","_kad_post_vertical_padding":"default","_kad_post_feature":"","_kad_post_feature_position":"","_kad_post_header":false,"_kad_post_footer":false,"_kad_post_classname":""},"product_brand":[],"product_cat":[65],"product_tag":[],"class_list":{"0":"post-2356","1":"product","2":"type-product","3":"status-publish","4":"has-post-thumbnail","6":"product_cat-levandulovy-kusok-leta","8":"first","9":"instock","10":"shipping-taxable","11":"purchasable","12":"product-type-simple","13":"entry","14":"content-bg","15":"loop-entry"},"yoast_head":"<!-- This site is optimized with the Yoast SEO plugin v26.7 - https:\/\/yoast.com\/wordpress\/plugins\/seo\/ -->\n<title>Bonb\u00f3n, z ktor\u00e9ho sa nepriber\u00e1 \ud83d\ude43 - Dom Svitania<\/title>\n<meta name=\"robots\" content=\"index, follow, max-snippet:-1, max-image-preview:large, max-video-preview:-1\" \/>\n<link rel=\"canonical\" href=\"https:\/\/www.domsvitania.sk\/?product=bonbon-z-ktoreho-sa-nepribera-\ud83d\ude43\" \/>\n<meta property=\"og:locale\" content=\"sk_SK\" \/>\n<meta property=\"og:type\" content=\"article\" \/>\n<meta property=\"og:title\" content=\"Bonb\u00f3n, z ktor\u00e9ho sa nepriber\u00e1 \ud83d\ude43 - Dom Svitania\" \/>\n<meta property=\"og:description\" content=\"\ud83c\udf6cNa\u0161e vo\u0148av\u00e9 bonb\u00f3niky s\u00fa milou drobnos\u0165ou, ktor\u00e1 pote\u0161\u00ed deti aj dospel\u00fdch. Ako u\u017e n\u00e1zov nazna\u010duje, z tohto bonb\u00f3nika nik nepriberie \ud83d\ude48,\u00a0 je toti\u017eto plnen\u00fd su\u0161enou levandu\u013eou a zabalen\u00fd do l\u00e1tkov\u00e9ho obalu v tvare \u201ecukr\u00edkov\u201c. Vhodn\u00e9 ako mal\u00fd dar\u010dek, dekor\u00e1cia \u010di vo\u0148av\u00e1 spomienka na leto. \ud83d\udc49 Ka\u017ed\u00fd k\u00fasok je origin\u00e1l, vznik\u00e1 z darovan\u00fdch \u00fastri\u017ekov l\u00e1tok (z...\" \/>\n<meta property=\"og:url\" content=\"https:\/\/www.domsvitania.sk\/?product=bonbon-z-ktoreho-sa-nepribera-\ud83d\ude43\" \/>\n<meta property=\"og:site_name\" content=\"Dom Svitania\" \/>\n<meta property=\"article:publisher\" content=\"https:\/\/www.facebook.com\/domsvitaniask\" \/>\n<meta property=\"article:modified_time\" content=\"2026-01-15T17:05:20+00:00\" \/>\n<meta property=\"og:image\" content=\"https:\/\/www.domsvitania.sk\/wp-content\/uploads\/2025\/09\/levandulovy-bonbonik-scaled.jpg\" \/>\n\t<meta property=\"og:image:width\" content=\"2560\" \/>\n\t<meta property=\"og:image:height\" content=\"1922\" \/>\n\t<meta property=\"og:image:type\" content=\"image\/jpeg\" \/>\n<meta name=\"twitter:card\" content=\"summary_large_image\" \/>\n<meta name=\"twitter:label1\" content=\"Predpokladan\u00fd \u010das \u010d\u00edtania\" \/>\n\t<meta name=\"twitter:data1\" content=\"1 min\u00fata\" \/>\n<script type=\"application\/ld+json\" class=\"yoast-schema-graph\">{\"@context\":\"https:\/\/schema.org\",\"@graph\":[{\"@type\":\"WebPage\",\"@id\":\"https:\/\/www.domsvitania.sk\/?product=bonbon-z-ktoreho-sa-nepribera-%f0%9f%99%83\",\"url\":\"https:\/\/www.domsvitania.sk\/?product=bonbon-z-ktoreho-sa-nepribera-%f0%9f%99%83\",\"name\":\"Bonb\u00f3n, z ktor\u00e9ho sa nepriber\u00e1 \ud83d\ude43 - Dom Svitania\",\"isPartOf\":{\"@id\":\"https:\/\/www.domsvitania.sk\/#website\"},\"primaryImageOfPage\":{\"@id\":\"https:\/\/www.domsvitania.sk\/?product=bonbon-z-ktoreho-sa-nepribera-%f0%9f%99%83#primaryimage\"},\"image\":{\"@id\":\"https:\/\/www.domsvitania.sk\/?product=bonbon-z-ktoreho-sa-nepribera-%f0%9f%99%83#primaryimage\"},\"thumbnailUrl\":\"https:\/\/www.domsvitania.sk\/wp-content\/uploads\/2025\/09\/levandulovy-bonbonik-scaled.jpg\",\"datePublished\":\"2025-09-01T14:59:04+00:00\",\"dateModified\":\"2026-01-15T17:05:20+00:00\",\"breadcrumb\":{\"@id\":\"https:\/\/www.domsvitania.sk\/?product=bonbon-z-ktoreho-sa-nepribera-%f0%9f%99%83#breadcrumb\"},\"inLanguage\":\"sk-SK\",\"potentialAction\":[{\"@type\":\"ReadAction\",\"target\":[\"https:\/\/www.domsvitania.sk\/?product=bonbon-z-ktoreho-sa-nepribera-%f0%9f%99%83\"]}]},{\"@type\":\"ImageObject\",\"inLanguage\":\"sk-SK\",\"@id\":\"https:\/\/www.domsvitania.sk\/?product=bonbon-z-ktoreho-sa-nepribera-%f0%9f%99%83#primaryimage\",\"url\":\"https:\/\/www.domsvitania.sk\/wp-content\/uploads\/2025\/09\/levandulovy-bonbonik-scaled.jpg\",\"contentUrl\":\"https:\/\/www.domsvitania.sk\/wp-content\/uploads\/2025\/09\/levandulovy-bonbonik-scaled.jpg\",\"width\":2560,\"height\":1922},{\"@type\":\"BreadcrumbList\",\"@id\":\"https:\/\/www.domsvitania.sk\/?product=bonbon-z-ktoreho-sa-nepribera-%f0%9f%99%83#breadcrumb\",\"itemListElement\":[{\"@type\":\"ListItem\",\"position\":1,\"name\":\"Domovsk\u00e1 str\u00e1nka\",\"item\":\"https:\/\/www.domsvitania.sk\/\"},{\"@type\":\"ListItem\",\"position\":2,\"name\":\"E-shop\",\"item\":\"https:\/\/www.domsvitania.sk\/?page_id=550\"},{\"@type\":\"ListItem\",\"position\":3,\"name\":\"Bonb\u00f3n, z ktor\u00e9ho sa nepriber\u00e1 \ud83d\ude43\"}]},{\"@type\":\"WebSite\",\"@id\":\"https:\/\/www.domsvitania.sk\/#website\",\"url\":\"https:\/\/www.domsvitania.sk\/\",\"name\":\"Dom Svitania\",\"description\":\"Rehabilita\u010dn\u00e9 stredisko a chr\u00e1nen\u00e1 diel\u0148a\",\"publisher\":{\"@id\":\"https:\/\/www.domsvitania.sk\/#organization\"},\"potentialAction\":[{\"@type\":\"SearchAction\",\"target\":{\"@type\":\"EntryPoint\",\"urlTemplate\":\"https:\/\/www.domsvitania.sk\/?s={search_term_string}\"},\"query-input\":{\"@type\":\"PropertyValueSpecification\",\"valueRequired\":true,\"valueName\":\"search_term_string\"}}],\"inLanguage\":\"sk-SK\"},{\"@type\":\"Organization\",\"@id\":\"https:\/\/www.domsvitania.sk\/#organization\",\"name\":\"Dom Svitania, n.o.\",\"url\":\"https:\/\/www.domsvitania.sk\/\",\"logo\":{\"@type\":\"ImageObject\",\"inLanguage\":\"sk-SK\",\"@id\":\"https:\/\/www.domsvitania.sk\/#\/schema\/logo\/image\/\",\"url\":\"https:\/\/www.domsvitania.sk\/wp-content\/uploads\/2023\/01\/dom_svitania_logo.jpg\",\"contentUrl\":\"https:\/\/www.domsvitania.sk\/wp-content\/uploads\/2023\/01\/dom_svitania_logo.jpg\",\"width\":243,\"height\":208,\"caption\":\"Dom Svitania, n.o.\"},\"image\":{\"@id\":\"https:\/\/www.domsvitania.sk\/#\/schema\/logo\/image\/\"},\"sameAs\":[\"https:\/\/www.facebook.com\/domsvitaniask\",\"https:\/\/www.instagram.com\/domsvitania\"]}]}<\/script>\n<!-- \/ Yoast SEO plugin. -->","yoast_head_json":{"title":"Bonb\u00f3n, z ktor\u00e9ho sa nepriber\u00e1 \ud83d\ude43 - Dom Svitania","robots":{"index":"index","follow":"follow","max-snippet":"max-snippet:-1","max-image-preview":"max-image-preview:large","max-video-preview":"max-video-preview:-1"},"canonical":"https:\/\/www.domsvitania.sk\/?product=bonbon-z-ktoreho-sa-nepribera-\ud83d\ude43","og_locale":"sk_SK","og_type":"article","og_title":"Bonb\u00f3n, z ktor\u00e9ho sa nepriber\u00e1 \ud83d\ude43 - Dom Svitania","og_description":"\ud83c\udf6cNa\u0161e vo\u0148av\u00e9 bonb\u00f3niky s\u00fa milou drobnos\u0165ou, ktor\u00e1 pote\u0161\u00ed deti aj dospel\u00fdch. Ako u\u017e n\u00e1zov nazna\u010duje, z tohto bonb\u00f3nika nik nepriberie \ud83d\ude48,\u00a0 je toti\u017eto plnen\u00fd su\u0161enou levandu\u013eou a zabalen\u00fd do l\u00e1tkov\u00e9ho obalu v tvare \u201ecukr\u00edkov\u201c. Vhodn\u00e9 ako mal\u00fd dar\u010dek, dekor\u00e1cia \u010di vo\u0148av\u00e1 spomienka na leto. \ud83d\udc49 Ka\u017ed\u00fd k\u00fasok je origin\u00e1l, vznik\u00e1 z darovan\u00fdch \u00fastri\u017ekov l\u00e1tok (z...","og_url":"https:\/\/www.domsvitania.sk\/?product=bonbon-z-ktoreho-sa-nepribera-\ud83d\ude43","og_site_name":"Dom Svitania","article_publisher":"https:\/\/www.facebook.com\/domsvitaniask","article_modified_time":"2026-01-15T17:05:20+00:00","og_image":[{"width":2560,"height":1922,"url":"https:\/\/www.domsvitania.sk\/wp-content\/uploads\/2025\/09\/levandulovy-bonbonik-scaled.jpg","type":"image\/jpeg"}],"twitter_card":"summary_large_image","twitter_misc":{"Predpokladan\u00fd \u010das \u010d\u00edtania":"1 min\u00fata"},"schema":{"@context":"https:\/\/schema.org","@graph":[{"@type":"WebPage","@id":"https:\/\/www.domsvitania.sk\/?product=bonbon-z-ktoreho-sa-nepribera-%f0%9f%99%83","url":"https:\/\/www.domsvitania.sk\/?product=bonbon-z-ktoreho-sa-nepribera-%f0%9f%99%83","name":"Bonb\u00f3n, z ktor\u00e9ho sa nepriber\u00e1 \ud83d\ude43 - Dom Svitania","isPartOf":{"@id":"https:\/\/www.domsvitania.sk\/#website"},"primaryImageOfPage":{"@id":"https:\/\/www.domsvitania.sk\/?product=bonbon-z-ktoreho-sa-nepribera-%f0%9f%99%83#primaryimage"},"image":{"@id":"https:\/\/www.domsvitania.sk\/?product=bonbon-z-ktoreho-sa-nepribera-%f0%9f%99%83#primaryimage"},"thumbnailUrl":"https:\/\/www.domsvitania.sk\/wp-content\/uploads\/2025\/09\/levandulovy-bonbonik-scaled.jpg","datePublished":"2025-09-01T14:59:04+00:00","dateModified":"2026-01-15T17:05:20+00:00","breadcrumb":{"@id":"https:\/\/www.domsvitania.sk\/?product=bonbon-z-ktoreho-sa-nepribera-%f0%9f%99%83#breadcrumb"},"inLanguage":"sk-SK","potentialAction":[{"@type":"ReadAction","target":["https:\/\/www.domsvitania.sk\/?product=bonbon-z-ktoreho-sa-nepribera-%f0%9f%99%83"]}]},{"@type":"ImageObject","inLanguage":"sk-SK","@id":"https:\/\/www.domsvitania.sk\/?product=bonbon-z-ktoreho-sa-nepribera-%f0%9f%99%83#primaryimage","url":"https:\/\/www.domsvitania.sk\/wp-content\/uploads\/2025\/09\/levandulovy-bonbonik-scaled.jpg","contentUrl":"https:\/\/www.domsvitania.sk\/wp-content\/uploads\/2025\/09\/levandulovy-bonbonik-scaled.jpg","width":2560,"height":1922},{"@type":"BreadcrumbList","@id":"https:\/\/www.domsvitania.sk\/?product=bonbon-z-ktoreho-sa-nepribera-%f0%9f%99%83#breadcrumb","itemListElement":[{"@type":"ListItem","position":1,"name":"Domovsk\u00e1 str\u00e1nka","item":"https:\/\/www.domsvitania.sk\/"},{"@type":"ListItem","position":2,"name":"E-shop","item":"https:\/\/www.domsvitania.sk\/?page_id=550"},{"@type":"ListItem","position":3,"name":"Bonb\u00f3n, z ktor\u00e9ho sa nepriber\u00e1 \ud83d\ude43"}]},{"@type":"WebSite","@id":"https:\/\/www.domsvitania.sk\/#website","url":"https:\/\/www.domsvitania.sk\/","name":"Dom Svitania","description":"Rehabilita\u010dn\u00e9 stredisko a chr\u00e1nen\u00e1 diel\u0148a","publisher":{"@id":"https:\/\/www.domsvitania.sk\/#organization"},"potentialAction":[{"@type":"SearchAction","target":{"@type":"EntryPoint","urlTemplate":"https:\/\/www.domsvitania.sk\/?s={search_term_string}"},"query-input":{"@type":"PropertyValueSpecification","valueRequired":true,"valueName":"search_term_string"}}],"inLanguage":"sk-SK"},{"@type":"Organization","@id":"https:\/\/www.domsvitania.sk\/#organization","name":"Dom Svitania, n.o.","url":"https:\/\/www.domsvitania.sk\/","logo":{"@type":"ImageObject","inLanguage":"sk-SK","@id":"https:\/\/www.domsvitania.sk\/#\/schema\/logo\/image\/","url":"https:\/\/www.domsvitania.sk\/wp-content\/uploads\/2023\/01\/dom_svitania_logo.jpg","contentUrl":"https:\/\/www.domsvitania.sk\/wp-content\/uploads\/2023\/01\/dom_svitania_logo.jpg","width":243,"height":208,"caption":"Dom Svitania, n.o."},"image":{"@id":"https:\/\/www.domsvitania.sk\/#\/schema\/logo\/image\/"},"sameAs":["https:\/\/www.facebook.com\/domsvitaniask","https:\/\/www.instagram.com\/domsvitania"]}]}},"jetpack_sharing_enabled":true,"_links":{"self":[{"href":"https:\/\/www.domsvitania.sk\/index.php?rest_route=\/wp\/v2\/product\/2356","targetHints":{"allow":["GET"]}}],"collection":[{"href":"https:\/\/www.domsvitania.sk\/index.php?rest_route=\/wp\/v2\/product"}],"about":[{"href":"https:\/\/www.domsvitania.sk\/index.php?rest_route=\/wp\/v2\/types\/product"}],"replies":[{"embeddable":true,"href":"https:\/\/www.domsvitania.sk\/index.php?rest_route=%2Fwp%2Fv2%2Fcomments&post=2356"}],"wp:featuredmedia":[{"embeddable":true,"href":"https:\/\/www.domsvitania.sk\/index.php?rest_route=\/wp\/v2\/media\/2358"}],"wp:attachment":[{"href":"https:\/\/www.domsvitania.sk\/index.php?rest_route=%2Fwp%2Fv2%2Fmedia&parent=2356"}],"wp:term":[{"taxonomy":"product_brand","embeddable":true,"href":"https:\/\/www.domsvitania.sk\/index.php?rest_route=%2Fwp%2Fv2%2Fproduct_brand&post=2356"},{"taxonomy":"product_cat","embeddable":true,"href":"https:\/\/www.domsvitania.sk\/index.php?rest_route=%2Fwp%2Fv2%2Fproduct_cat&post=2356"},{"taxonomy":"product_tag","embeddable":true,"href":"https:\/\/www.domsvitania.sk\/index.php?rest_route=%2Fwp%2Fv2%2Fproduct_tag&post=2356"}],"curies":[{"name":"wp","href":"https:\/\/api.w.org\/{rel}","templated":true}]}}