{"id":2389,"date":"2025-09-18T18:43:41","date_gmt":"2025-09-18T16:43:41","guid":{"rendered":"https:\/\/www.domsvitania.sk\/?post_type=product&#038;p=2389"},"modified":"2026-02-18T11:20:23","modified_gmt":"2026-02-18T10:20:23","slug":"zasterka-z-domu-svitania-%f0%9f%a7%81","status":"publish","type":"product","link":"https:\/\/www.domsvitania.sk\/?product=zasterka-z-domu-svitania-%f0%9f%a7%81","title":{"rendered":"Z\u00e1stera z Domu Svitania \ud83e\uddc1"},"content":{"rendered":"<p data-start=\"310\" data-end=\"482\">\u201eKuchynsk\u00e1 z\u00e1stera, ktor\u00e1 pote\u0161\u00ed ka\u017ed\u00fa gazdinku \u2013 kr\u00e1sny, praktick\u00fd a zmyslupln\u00fd dar\u010dek z Domu Svitania.\u201c<\/p>\n<p data-start=\"310\" data-end=\"482\">Jedlo je najchutnej\u0161ie, ke\u010f sa var\u00ed s l\u00e1skou \u2764\ufe0f A presne tak vznikla aj t\u00e1to z\u00e1stera \u2013 u\u0161it\u00e1 v na\u0161ich chr\u00e1nen\u00fdch diel\u0148ach, kde sa ka\u017ed\u00fd steh st\u00e1va mal\u00fdm k\u00faskom radosti.<\/p>\n<p data-start=\"310\" data-end=\"482\">Na\u0161a z\u00e1stera je preto viac ne\u017e kuchynsk\u00fd pomocn\u00edk. Je to pr\u00edbeh o starostlivosti, o ka\u017edodennom \u00fasil\u00ed a o tom, \u017ee aj mal\u00e9 veci m\u00f4\u017eu ma\u0165 ve\u013ek\u00fd v\u00fdznam. Ke\u010f si ju oble\u010die maminka, babi\u010dka \u010di v\u00e1\u0161niv\u00fd kuch\u00e1r, nielen\u017ee zostane oble\u010denie \u010dist\u00e9 \u2013 ale prenesie sa k stolu aj k\u00fasok radosti a dobra.<\/p>\n<ul data-start=\"727\" data-end=\"924\">\n<li data-start=\"727\" data-end=\"763\">\n<p data-start=\"729\" data-end=\"763\">ru\u010dn\u00e1 v\u00fdroba s citom pre detail,<\/p>\n<\/li>\n<li data-start=\"764\" data-end=\"827\">\n<p data-start=\"766\" data-end=\"827\">kvalitn\u00fd a pr\u00edjemn\u00fd materi\u00e1l<\/p>\n<\/li>\n<li data-start=\"828\" data-end=\"875\">\n<p data-start=\"830\" data-end=\"875\">univerz\u00e1lna ve\u013ekos\u0165, nastavite\u013en\u00e9 viazanie,<\/p>\n<\/li>\n<li data-start=\"876\" data-end=\"924\">\n<p data-start=\"878\" data-end=\"924\">kr\u00e1sny dar\u010dek pre ka\u017ed\u00fa gazdinku \u010di kuch\u00e1ra.<\/p>\n<\/li>\n<\/ul>\n<p data-start=\"926\" data-end=\"1088\">K\u00fapou tejto z\u00e1stery z\u00e1rove\u0148 podpor\u00edte pr\u00e1cu a sny \u013eud\u00ed so zdravotn\u00fdm znev\u00fdhodnen\u00edm. U n\u00e1s sa toti\u017e ne\u0161ije len z\u00e1stera \u2013 ale aj pocit, \u017ee spolu rob\u00edme svet lep\u0161\u00edm \ud83d\udc9a<\/p>\n","protected":false},"excerpt":{"rendered":"<p>\u201eKuchynsk\u00e1 z\u00e1stera, ktor\u00e1 pote\u0161\u00ed ka\u017ed\u00fa gazdinku \u2013 kr\u00e1sny, praktick\u00fd a zmyslupln\u00fd dar\u010dek z Domu Svitania.\u201c Jedlo je najchutnej\u0161ie, ke\u010f sa var\u00ed s l\u00e1skou \u2764\ufe0f A presne tak vznikla aj t\u00e1to z\u00e1stera \u2013 u\u0161it\u00e1 v na\u0161ich chr\u00e1nen\u00fdch diel\u0148ach, kde sa ka\u017ed\u00fd steh st\u00e1va mal\u00fdm k\u00faskom radosti. Na\u0161a z\u00e1stera je preto viac ne\u017e kuchynsk\u00fd pomocn\u00edk. Je to&#8230;<\/p>\n","protected":false},"featured_media":2401,"comment_status":"closed","ping_status":"closed","template":"","meta":{"_kad_post_transparent":"default","_kad_post_title":"","_kad_post_layout":"default","_kad_post_sidebar_id":"","_kad_post_content_style":"default","_kad_post_vertical_padding":"default","_kad_post_feature":"","_kad_post_feature_position":"","_kad_post_header":false,"_kad_post_footer":false,"_kad_post_classname":""},"product_brand":[],"product_cat":[63],"product_tag":[],"class_list":{"0":"post-2389","1":"product","2":"type-product","3":"status-publish","4":"has-post-thumbnail","6":"product_cat-kuchynski-pomocnici","8":"first","9":"instock","10":"shipping-taxable","11":"purchasable","12":"product-type-variable","13":"entry","14":"content-bg","15":"loop-entry"},"yoast_head":"<!-- This site is optimized with the Yoast SEO plugin v26.7 - https:\/\/yoast.com\/wordpress\/plugins\/seo\/ -->\n<title>Z\u00e1stera z Domu Svitania \ud83e\uddc1 - Dom Svitania<\/title>\n<meta name=\"robots\" content=\"index, follow, max-snippet:-1, max-image-preview:large, max-video-preview:-1\" \/>\n<link rel=\"canonical\" href=\"https:\/\/www.domsvitania.sk\/?product=zasterka-z-domu-svitania-\ud83e\uddc1\" \/>\n<meta property=\"og:locale\" content=\"sk_SK\" \/>\n<meta property=\"og:type\" content=\"article\" \/>\n<meta property=\"og:title\" content=\"Z\u00e1stera z Domu Svitania \ud83e\uddc1 - Dom Svitania\" \/>\n<meta property=\"og:description\" content=\"\u201eKuchynsk\u00e1 z\u00e1stera, ktor\u00e1 pote\u0161\u00ed ka\u017ed\u00fa gazdinku \u2013 kr\u00e1sny, praktick\u00fd a zmyslupln\u00fd dar\u010dek z Domu Svitania.\u201c Jedlo je najchutnej\u0161ie, ke\u010f sa var\u00ed s l\u00e1skou \u2764\ufe0f A presne tak vznikla aj t\u00e1to z\u00e1stera \u2013 u\u0161it\u00e1 v na\u0161ich chr\u00e1nen\u00fdch diel\u0148ach, kde sa ka\u017ed\u00fd steh st\u00e1va mal\u00fdm k\u00faskom radosti. Na\u0161a z\u00e1stera je preto viac ne\u017e kuchynsk\u00fd pomocn\u00edk. Je to...\" \/>\n<meta property=\"og:url\" content=\"https:\/\/www.domsvitania.sk\/?product=zasterka-z-domu-svitania-\ud83e\uddc1\" \/>\n<meta property=\"og:site_name\" content=\"Dom Svitania\" \/>\n<meta property=\"article:publisher\" content=\"https:\/\/www.facebook.com\/domsvitaniask\" \/>\n<meta property=\"article:modified_time\" content=\"2026-02-18T10:20:23+00:00\" \/>\n<meta property=\"og:image\" content=\"https:\/\/www.domsvitania.sk\/wp-content\/uploads\/2025\/09\/1000014906-scaled.jpg\" \/>\n\t<meta property=\"og:image:width\" content=\"1920\" \/>\n\t<meta property=\"og:image:height\" content=\"2560\" \/>\n\t<meta property=\"og:image:type\" content=\"image\/jpeg\" \/>\n<meta name=\"twitter:card\" content=\"summary_large_image\" \/>\n<meta name=\"twitter:label1\" content=\"Predpokladan\u00fd \u010das \u010d\u00edtania\" \/>\n\t<meta name=\"twitter:data1\" content=\"1 min\u00fata\" \/>\n<script type=\"application\/ld+json\" class=\"yoast-schema-graph\">{\"@context\":\"https:\/\/schema.org\",\"@graph\":[{\"@type\":\"WebPage\",\"@id\":\"https:\/\/www.domsvitania.sk\/?product=zasterka-z-domu-svitania-%f0%9f%a7%81\",\"url\":\"https:\/\/www.domsvitania.sk\/?product=zasterka-z-domu-svitania-%f0%9f%a7%81\",\"name\":\"Z\u00e1stera z Domu Svitania \ud83e\uddc1 - Dom Svitania\",\"isPartOf\":{\"@id\":\"https:\/\/www.domsvitania.sk\/#website\"},\"primaryImageOfPage\":{\"@id\":\"https:\/\/www.domsvitania.sk\/?product=zasterka-z-domu-svitania-%f0%9f%a7%81#primaryimage\"},\"image\":{\"@id\":\"https:\/\/www.domsvitania.sk\/?product=zasterka-z-domu-svitania-%f0%9f%a7%81#primaryimage\"},\"thumbnailUrl\":\"https:\/\/www.domsvitania.sk\/wp-content\/uploads\/2025\/09\/1000014906-scaled.jpg\",\"datePublished\":\"2025-09-18T16:43:41+00:00\",\"dateModified\":\"2026-02-18T10:20:23+00:00\",\"breadcrumb\":{\"@id\":\"https:\/\/www.domsvitania.sk\/?product=zasterka-z-domu-svitania-%f0%9f%a7%81#breadcrumb\"},\"inLanguage\":\"sk-SK\",\"potentialAction\":[{\"@type\":\"ReadAction\",\"target\":[\"https:\/\/www.domsvitania.sk\/?product=zasterka-z-domu-svitania-%f0%9f%a7%81\"]}]},{\"@type\":\"ImageObject\",\"inLanguage\":\"sk-SK\",\"@id\":\"https:\/\/www.domsvitania.sk\/?product=zasterka-z-domu-svitania-%f0%9f%a7%81#primaryimage\",\"url\":\"https:\/\/www.domsvitania.sk\/wp-content\/uploads\/2025\/09\/1000014906-scaled.jpg\",\"contentUrl\":\"https:\/\/www.domsvitania.sk\/wp-content\/uploads\/2025\/09\/1000014906-scaled.jpg\",\"width\":1920,\"height\":2560},{\"@type\":\"BreadcrumbList\",\"@id\":\"https:\/\/www.domsvitania.sk\/?product=zasterka-z-domu-svitania-%f0%9f%a7%81#breadcrumb\",\"itemListElement\":[{\"@type\":\"ListItem\",\"position\":1,\"name\":\"Domovsk\u00e1 str\u00e1nka\",\"item\":\"https:\/\/www.domsvitania.sk\/\"},{\"@type\":\"ListItem\",\"position\":2,\"name\":\"E-shop\",\"item\":\"https:\/\/www.domsvitania.sk\/?page_id=550\"},{\"@type\":\"ListItem\",\"position\":3,\"name\":\"Z\u00e1stera z Domu Svitania \ud83e\uddc1\"}]},{\"@type\":\"WebSite\",\"@id\":\"https:\/\/www.domsvitania.sk\/#website\",\"url\":\"https:\/\/www.domsvitania.sk\/\",\"name\":\"Dom Svitania\",\"description\":\"Rehabilita\u010dn\u00e9 stredisko a chr\u00e1nen\u00e1 diel\u0148a\",\"publisher\":{\"@id\":\"https:\/\/www.domsvitania.sk\/#organization\"},\"potentialAction\":[{\"@type\":\"SearchAction\",\"target\":{\"@type\":\"EntryPoint\",\"urlTemplate\":\"https:\/\/www.domsvitania.sk\/?s={search_term_string}\"},\"query-input\":{\"@type\":\"PropertyValueSpecification\",\"valueRequired\":true,\"valueName\":\"search_term_string\"}}],\"inLanguage\":\"sk-SK\"},{\"@type\":\"Organization\",\"@id\":\"https:\/\/www.domsvitania.sk\/#organization\",\"name\":\"Dom Svitania, n.o.\",\"url\":\"https:\/\/www.domsvitania.sk\/\",\"logo\":{\"@type\":\"ImageObject\",\"inLanguage\":\"sk-SK\",\"@id\":\"https:\/\/www.domsvitania.sk\/#\/schema\/logo\/image\/\",\"url\":\"https:\/\/www.domsvitania.sk\/wp-content\/uploads\/2023\/01\/dom_svitania_logo.jpg\",\"contentUrl\":\"https:\/\/www.domsvitania.sk\/wp-content\/uploads\/2023\/01\/dom_svitania_logo.jpg\",\"width\":243,\"height\":208,\"caption\":\"Dom Svitania, n.o.\"},\"image\":{\"@id\":\"https:\/\/www.domsvitania.sk\/#\/schema\/logo\/image\/\"},\"sameAs\":[\"https:\/\/www.facebook.com\/domsvitaniask\",\"https:\/\/www.instagram.com\/domsvitania\"]}]}<\/script>\n<!-- \/ Yoast SEO plugin. -->","yoast_head_json":{"title":"Z\u00e1stera z Domu Svitania \ud83e\uddc1 - Dom Svitania","robots":{"index":"index","follow":"follow","max-snippet":"max-snippet:-1","max-image-preview":"max-image-preview:large","max-video-preview":"max-video-preview:-1"},"canonical":"https:\/\/www.domsvitania.sk\/?product=zasterka-z-domu-svitania-\ud83e\uddc1","og_locale":"sk_SK","og_type":"article","og_title":"Z\u00e1stera z Domu Svitania \ud83e\uddc1 - Dom Svitania","og_description":"\u201eKuchynsk\u00e1 z\u00e1stera, ktor\u00e1 pote\u0161\u00ed ka\u017ed\u00fa gazdinku \u2013 kr\u00e1sny, praktick\u00fd a zmyslupln\u00fd dar\u010dek z Domu Svitania.\u201c Jedlo je najchutnej\u0161ie, ke\u010f sa var\u00ed s l\u00e1skou \u2764\ufe0f A presne tak vznikla aj t\u00e1to z\u00e1stera \u2013 u\u0161it\u00e1 v na\u0161ich chr\u00e1nen\u00fdch diel\u0148ach, kde sa ka\u017ed\u00fd steh st\u00e1va mal\u00fdm k\u00faskom radosti. Na\u0161a z\u00e1stera je preto viac ne\u017e kuchynsk\u00fd pomocn\u00edk. Je to...","og_url":"https:\/\/www.domsvitania.sk\/?product=zasterka-z-domu-svitania-\ud83e\uddc1","og_site_name":"Dom Svitania","article_publisher":"https:\/\/www.facebook.com\/domsvitaniask","article_modified_time":"2026-02-18T10:20:23+00:00","og_image":[{"width":1920,"height":2560,"url":"https:\/\/www.domsvitania.sk\/wp-content\/uploads\/2025\/09\/1000014906-scaled.jpg","type":"image\/jpeg"}],"twitter_card":"summary_large_image","twitter_misc":{"Predpokladan\u00fd \u010das \u010d\u00edtania":"1 min\u00fata"},"schema":{"@context":"https:\/\/schema.org","@graph":[{"@type":"WebPage","@id":"https:\/\/www.domsvitania.sk\/?product=zasterka-z-domu-svitania-%f0%9f%a7%81","url":"https:\/\/www.domsvitania.sk\/?product=zasterka-z-domu-svitania-%f0%9f%a7%81","name":"Z\u00e1stera z Domu Svitania \ud83e\uddc1 - Dom Svitania","isPartOf":{"@id":"https:\/\/www.domsvitania.sk\/#website"},"primaryImageOfPage":{"@id":"https:\/\/www.domsvitania.sk\/?product=zasterka-z-domu-svitania-%f0%9f%a7%81#primaryimage"},"image":{"@id":"https:\/\/www.domsvitania.sk\/?product=zasterka-z-domu-svitania-%f0%9f%a7%81#primaryimage"},"thumbnailUrl":"https:\/\/www.domsvitania.sk\/wp-content\/uploads\/2025\/09\/1000014906-scaled.jpg","datePublished":"2025-09-18T16:43:41+00:00","dateModified":"2026-02-18T10:20:23+00:00","breadcrumb":{"@id":"https:\/\/www.domsvitania.sk\/?product=zasterka-z-domu-svitania-%f0%9f%a7%81#breadcrumb"},"inLanguage":"sk-SK","potentialAction":[{"@type":"ReadAction","target":["https:\/\/www.domsvitania.sk\/?product=zasterka-z-domu-svitania-%f0%9f%a7%81"]}]},{"@type":"ImageObject","inLanguage":"sk-SK","@id":"https:\/\/www.domsvitania.sk\/?product=zasterka-z-domu-svitania-%f0%9f%a7%81#primaryimage","url":"https:\/\/www.domsvitania.sk\/wp-content\/uploads\/2025\/09\/1000014906-scaled.jpg","contentUrl":"https:\/\/www.domsvitania.sk\/wp-content\/uploads\/2025\/09\/1000014906-scaled.jpg","width":1920,"height":2560},{"@type":"BreadcrumbList","@id":"https:\/\/www.domsvitania.sk\/?product=zasterka-z-domu-svitania-%f0%9f%a7%81#breadcrumb","itemListElement":[{"@type":"ListItem","position":1,"name":"Domovsk\u00e1 str\u00e1nka","item":"https:\/\/www.domsvitania.sk\/"},{"@type":"ListItem","position":2,"name":"E-shop","item":"https:\/\/www.domsvitania.sk\/?page_id=550"},{"@type":"ListItem","position":3,"name":"Z\u00e1stera z Domu Svitania \ud83e\uddc1"}]},{"@type":"WebSite","@id":"https:\/\/www.domsvitania.sk\/#website","url":"https:\/\/www.domsvitania.sk\/","name":"Dom Svitania","description":"Rehabilita\u010dn\u00e9 stredisko a chr\u00e1nen\u00e1 diel\u0148a","publisher":{"@id":"https:\/\/www.domsvitania.sk\/#organization"},"potentialAction":[{"@type":"SearchAction","target":{"@type":"EntryPoint","urlTemplate":"https:\/\/www.domsvitania.sk\/?s={search_term_string}"},"query-input":{"@type":"PropertyValueSpecification","valueRequired":true,"valueName":"search_term_string"}}],"inLanguage":"sk-SK"},{"@type":"Organization","@id":"https:\/\/www.domsvitania.sk\/#organization","name":"Dom Svitania, n.o.","url":"https:\/\/www.domsvitania.sk\/","logo":{"@type":"ImageObject","inLanguage":"sk-SK","@id":"https:\/\/www.domsvitania.sk\/#\/schema\/logo\/image\/","url":"https:\/\/www.domsvitania.sk\/wp-content\/uploads\/2023\/01\/dom_svitania_logo.jpg","contentUrl":"https:\/\/www.domsvitania.sk\/wp-content\/uploads\/2023\/01\/dom_svitania_logo.jpg","width":243,"height":208,"caption":"Dom Svitania, n.o."},"image":{"@id":"https:\/\/www.domsvitania.sk\/#\/schema\/logo\/image\/"},"sameAs":["https:\/\/www.facebook.com\/domsvitaniask","https:\/\/www.instagram.com\/domsvitania"]}]}},"jetpack_sharing_enabled":true,"_links":{"self":[{"href":"https:\/\/www.domsvitania.sk\/index.php?rest_route=\/wp\/v2\/product\/2389","targetHints":{"allow":["GET"]}}],"collection":[{"href":"https:\/\/www.domsvitania.sk\/index.php?rest_route=\/wp\/v2\/product"}],"about":[{"href":"https:\/\/www.domsvitania.sk\/index.php?rest_route=\/wp\/v2\/types\/product"}],"replies":[{"embeddable":true,"href":"https:\/\/www.domsvitania.sk\/index.php?rest_route=%2Fwp%2Fv2%2Fcomments&post=2389"}],"wp:featuredmedia":[{"embeddable":true,"href":"https:\/\/www.domsvitania.sk\/index.php?rest_route=\/wp\/v2\/media\/2401"}],"wp:attachment":[{"href":"https:\/\/www.domsvitania.sk\/index.php?rest_route=%2Fwp%2Fv2%2Fmedia&parent=2389"}],"wp:term":[{"taxonomy":"product_brand","embeddable":true,"href":"https:\/\/www.domsvitania.sk\/index.php?rest_route=%2Fwp%2Fv2%2Fproduct_brand&post=2389"},{"taxonomy":"product_cat","embeddable":true,"href":"https:\/\/www.domsvitania.sk\/index.php?rest_route=%2Fwp%2Fv2%2Fproduct_cat&post=2389"},{"taxonomy":"product_tag","embeddable":true,"href":"https:\/\/www.domsvitania.sk\/index.php?rest_route=%2Fwp%2Fv2%2Fproduct_tag&post=2389"}],"curies":[{"name":"wp","href":"https:\/\/api.w.org\/{rel}","templated":true}]}}