{"id":2446,"date":"2025-10-02T14:42:08","date_gmt":"2025-10-02T12:42:08","guid":{"rendered":"https:\/\/www.domsvitania.sk\/?post_type=product&#038;p=2446"},"modified":"2026-01-15T18:01:55","modified_gmt":"2026-01-15T17:01:55","slug":"mama-mia-set-%f0%9f%a7%91%f0%9f%8d%b3","status":"publish","type":"product","link":"https:\/\/www.domsvitania.sk\/?product=mama-mia-set-%f0%9f%a7%91%f0%9f%8d%b3","title":{"rendered":"Mama mia set \ud83e\uddd1\u200d\ud83c\udf73"},"content":{"rendered":"<p data-start=\"275\" data-end=\"505\">\ud83c\udfe1<strong>Mama mia\u00a0set \u2013 z\u00e1stera, ch\u0148apky v praktickej ta\u0161ti\u010dke<\/strong><br data-start=\"325\" data-end=\"328\" \/>Varenie aj pe\u010denie je rados\u0165, ke\u010f m\u00e1te po ruke spo\u013eahliv\u00fdch pomocn\u00edkov. Tento praktick\u00fd kuchynsk\u00fd set v\u00e1m spr\u00edjemn\u00ed chv\u00edle v kuchyni a z\u00e1rove\u0148 dod\u00e1 v\u00e1\u0161mu domovu \u00fatuln\u00fd n\u00e1dych.<\/p>\n<p data-start=\"507\" data-end=\"534\">\ud83d\udc69\u200d\ud83c\udf73 <strong data-start=\"513\" data-end=\"532\">V sete n\u00e1jdete:<\/strong><\/p>\n<ul data-start=\"535\" data-end=\"611\">\n<li data-start=\"535\" data-end=\"576\">\n<p data-start=\"537\" data-end=\"576\">pohodln\u00fa z\u00e1steru s praktick\u00fdm vreckom<\/p>\n<\/li>\n<li data-start=\"577\" data-end=\"599\">\n<p data-start=\"579\" data-end=\"599\">kuchynsk\u00e9 ch\u0148apky 2ks<\/p>\n<\/li>\n<li data-start=\"600\" data-end=\"611\">\n<p data-start=\"602\" data-end=\"611\">praktick\u00e1 ta\u0161ti\u010dka v A4 form\u00e1te<\/p>\n<\/li>\n<\/ul>\n<p data-start=\"613\" data-end=\"642\">\u2728 <strong data-start=\"615\" data-end=\"640\">Pre\u010do si ho ob\u013e\u00fabite:<\/strong><\/p>\n<ul data-start=\"643\" data-end=\"835\">\n<li data-start=\"643\" data-end=\"674\">\n<p data-start=\"645\" data-end=\"674\">kvalitn\u00fd, pr\u00edjemn\u00fd materi\u00e1l<\/p>\n<\/li>\n<li data-start=\"675\" data-end=\"710\">\n<p data-start=\"677\" data-end=\"710\">univerz\u00e1lna ve\u013ekos\u0165 pre ka\u017ed\u00e9ho<\/p>\n<\/li>\n<li data-start=\"711\" data-end=\"749\">\n<p data-start=\"713\" data-end=\"749\">\u013eahk\u00e1 \u00fadr\u017eba \u2013 mo\u017eno pra\u0165 v pr\u00e1\u010dke<\/p>\n<\/li>\n<li data-start=\"750\" data-end=\"804\">\n<p data-start=\"752\" data-end=\"804\">r\u00f4zne farby a vzory, ktor\u00e9 kr\u00e1sne ladia s kuchy\u0148ou<\/p>\n<\/li>\n<li data-start=\"805\" data-end=\"835\">\n<p data-start=\"807\" data-end=\"835\">ide\u00e1lny ako praktick\u00fd dar\u010dek<\/p>\n<\/li>\n<\/ul>\n<p data-start=\"837\" data-end=\"957\">\ud83c\udfa8 Na v\u00fdber m\u00e1te viac farebn\u00fdch kombin\u00e1ci\u00ed \u2013 od jemn\u00fdch pr\u00edrodn\u00fdch t\u00f3nov a\u017e po vesel\u00e9 vzory, ktor\u00e9 kuchyni dodaj\u00fa \u0161mrnc.<\/p>\n<h3 data-start=\"1171\" data-end=\"1201\">\ud83c\udf81 <strong data-start=\"1178\" data-end=\"1199\">Dar\u010dekov\u00e9 balenie<\/strong><\/h3>\n<p data-start=\"1202\" data-end=\"1433\">Ka\u017ed\u00fd set je elegantne zabalen\u00fd v praktickej ta\u0161ti\u010dke ve\u013ekosti A4. Ta\u0161ti\u010dku si m\u00f4\u017eete jednoducho zbali\u0165 do kabelky a \u010falej pou\u017e\u00edva\u0165 napr\u00edklad na n\u00e1kupy. V\u010faka tomu je set kr\u00e1snym aj u\u017eito\u010dn\u00fdm dar\u010dekom, ktor\u00fd pote\u0161\u00ed srdce aj oko. \ud83c\udf3f<\/p>\n","protected":false},"excerpt":{"rendered":"<p>\ud83c\udfe1Mama mia\u00a0set \u2013 z\u00e1stera, ch\u0148apky v praktickej ta\u0161ti\u010dkeVarenie aj pe\u010denie je rados\u0165, ke\u010f m\u00e1te po ruke spo\u013eahliv\u00fdch pomocn\u00edkov. Tento praktick\u00fd kuchynsk\u00fd set v\u00e1m spr\u00edjemn\u00ed chv\u00edle v kuchyni a z\u00e1rove\u0148 dod\u00e1 v\u00e1\u0161mu domovu \u00fatuln\u00fd n\u00e1dych. \ud83d\udc69\u200d\ud83c\udf73 V sete n\u00e1jdete: pohodln\u00fa z\u00e1steru s praktick\u00fdm vreckom kuchynsk\u00e9 ch\u0148apky 2ks praktick\u00e1 ta\u0161ti\u010dka v A4 form\u00e1te \u2728 Pre\u010do si ho&#8230;<\/p>\n","protected":false},"featured_media":2447,"comment_status":"closed","ping_status":"closed","template":"","meta":{"_kad_post_transparent":"default","_kad_post_title":"","_kad_post_layout":"default","_kad_post_sidebar_id":"","_kad_post_content_style":"default","_kad_post_vertical_padding":"default","_kad_post_feature":"","_kad_post_feature_position":"","_kad_post_header":false,"_kad_post_footer":false,"_kad_post_classname":""},"product_brand":[],"product_cat":[64,63],"product_tag":[],"class_list":{"0":"post-2446","1":"product","2":"type-product","3":"status-publish","4":"has-post-thumbnail","6":"product_cat-dvojnasobna-radost-na-vianoce","7":"product_cat-kuchynski-pomocnici","9":"first","10":"instock","11":"shipping-taxable","12":"purchasable","13":"product-type-variable","14":"entry","15":"content-bg","16":"loop-entry"},"yoast_head":"<!-- This site is optimized with the Yoast SEO plugin v26.7 - https:\/\/yoast.com\/wordpress\/plugins\/seo\/ -->\n<title>Mama mia set \ud83e\uddd1\u200d\ud83c\udf73 - Dom Svitania<\/title>\n<meta name=\"robots\" content=\"index, follow, max-snippet:-1, max-image-preview:large, max-video-preview:-1\" \/>\n<link rel=\"canonical\" href=\"https:\/\/www.domsvitania.sk\/?product=mama-mia-set-\ud83e\uddd1\ud83c\udf73\" \/>\n<meta property=\"og:locale\" content=\"sk_SK\" \/>\n<meta property=\"og:type\" content=\"article\" \/>\n<meta property=\"og:title\" content=\"Mama mia set \ud83e\uddd1\u200d\ud83c\udf73 - Dom Svitania\" \/>\n<meta property=\"og:description\" content=\"\ud83c\udfe1Mama mia\u00a0set \u2013 z\u00e1stera, ch\u0148apky v praktickej ta\u0161ti\u010dkeVarenie aj pe\u010denie je rados\u0165, ke\u010f m\u00e1te po ruke spo\u013eahliv\u00fdch pomocn\u00edkov. Tento praktick\u00fd kuchynsk\u00fd set v\u00e1m spr\u00edjemn\u00ed chv\u00edle v kuchyni a z\u00e1rove\u0148 dod\u00e1 v\u00e1\u0161mu domovu \u00fatuln\u00fd n\u00e1dych. \ud83d\udc69\u200d\ud83c\udf73 V sete n\u00e1jdete: pohodln\u00fa z\u00e1steru s praktick\u00fdm vreckom kuchynsk\u00e9 ch\u0148apky 2ks praktick\u00e1 ta\u0161ti\u010dka v A4 form\u00e1te \u2728 Pre\u010do si ho...\" \/>\n<meta property=\"og:url\" content=\"https:\/\/www.domsvitania.sk\/?product=mama-mia-set-\ud83e\uddd1\ud83c\udf73\" \/>\n<meta property=\"og:site_name\" content=\"Dom Svitania\" \/>\n<meta property=\"article:publisher\" content=\"https:\/\/www.facebook.com\/domsvitaniask\" \/>\n<meta property=\"article:modified_time\" content=\"2026-01-15T17:01:55+00:00\" \/>\n<meta property=\"og:image\" content=\"https:\/\/www.domsvitania.sk\/wp-content\/uploads\/2025\/10\/IMG_20251002_114836-scaled.jpg\" \/>\n\t<meta property=\"og:image:width\" content=\"2560\" \/>\n\t<meta property=\"og:image:height\" content=\"1920\" \/>\n\t<meta property=\"og:image:type\" content=\"image\/jpeg\" \/>\n<meta name=\"twitter:card\" content=\"summary_large_image\" \/>\n<meta name=\"twitter:label1\" content=\"Predpokladan\u00fd \u010das \u010d\u00edtania\" \/>\n\t<meta name=\"twitter:data1\" content=\"1 min\u00fata\" \/>\n<script type=\"application\/ld+json\" class=\"yoast-schema-graph\">{\"@context\":\"https:\/\/schema.org\",\"@graph\":[{\"@type\":\"WebPage\",\"@id\":\"https:\/\/www.domsvitania.sk\/?product=mama-mia-set-%f0%9f%a7%91%f0%9f%8d%b3\",\"url\":\"https:\/\/www.domsvitania.sk\/?product=mama-mia-set-%f0%9f%a7%91%f0%9f%8d%b3\",\"name\":\"Mama mia set \ud83e\uddd1\u200d\ud83c\udf73 - Dom Svitania\",\"isPartOf\":{\"@id\":\"https:\/\/www.domsvitania.sk\/#website\"},\"primaryImageOfPage\":{\"@id\":\"https:\/\/www.domsvitania.sk\/?product=mama-mia-set-%f0%9f%a7%91%f0%9f%8d%b3#primaryimage\"},\"image\":{\"@id\":\"https:\/\/www.domsvitania.sk\/?product=mama-mia-set-%f0%9f%a7%91%f0%9f%8d%b3#primaryimage\"},\"thumbnailUrl\":\"https:\/\/www.domsvitania.sk\/wp-content\/uploads\/2025\/10\/IMG_20251002_114836-scaled.jpg\",\"datePublished\":\"2025-10-02T12:42:08+00:00\",\"dateModified\":\"2026-01-15T17:01:55+00:00\",\"breadcrumb\":{\"@id\":\"https:\/\/www.domsvitania.sk\/?product=mama-mia-set-%f0%9f%a7%91%f0%9f%8d%b3#breadcrumb\"},\"inLanguage\":\"sk-SK\",\"potentialAction\":[{\"@type\":\"ReadAction\",\"target\":[\"https:\/\/www.domsvitania.sk\/?product=mama-mia-set-%f0%9f%a7%91%f0%9f%8d%b3\"]}]},{\"@type\":\"ImageObject\",\"inLanguage\":\"sk-SK\",\"@id\":\"https:\/\/www.domsvitania.sk\/?product=mama-mia-set-%f0%9f%a7%91%f0%9f%8d%b3#primaryimage\",\"url\":\"https:\/\/www.domsvitania.sk\/wp-content\/uploads\/2025\/10\/IMG_20251002_114836-scaled.jpg\",\"contentUrl\":\"https:\/\/www.domsvitania.sk\/wp-content\/uploads\/2025\/10\/IMG_20251002_114836-scaled.jpg\",\"width\":2560,\"height\":1920},{\"@type\":\"BreadcrumbList\",\"@id\":\"https:\/\/www.domsvitania.sk\/?product=mama-mia-set-%f0%9f%a7%91%f0%9f%8d%b3#breadcrumb\",\"itemListElement\":[{\"@type\":\"ListItem\",\"position\":1,\"name\":\"Domovsk\u00e1 str\u00e1nka\",\"item\":\"https:\/\/www.domsvitania.sk\/\"},{\"@type\":\"ListItem\",\"position\":2,\"name\":\"E-shop\",\"item\":\"https:\/\/www.domsvitania.sk\/?page_id=550\"},{\"@type\":\"ListItem\",\"position\":3,\"name\":\"Mama mia set \ud83e\uddd1\u200d\ud83c\udf73\"}]},{\"@type\":\"WebSite\",\"@id\":\"https:\/\/www.domsvitania.sk\/#website\",\"url\":\"https:\/\/www.domsvitania.sk\/\",\"name\":\"Dom Svitania\",\"description\":\"Rehabilita\u010dn\u00e9 stredisko a chr\u00e1nen\u00e1 diel\u0148a\",\"publisher\":{\"@id\":\"https:\/\/www.domsvitania.sk\/#organization\"},\"potentialAction\":[{\"@type\":\"SearchAction\",\"target\":{\"@type\":\"EntryPoint\",\"urlTemplate\":\"https:\/\/www.domsvitania.sk\/?s={search_term_string}\"},\"query-input\":{\"@type\":\"PropertyValueSpecification\",\"valueRequired\":true,\"valueName\":\"search_term_string\"}}],\"inLanguage\":\"sk-SK\"},{\"@type\":\"Organization\",\"@id\":\"https:\/\/www.domsvitania.sk\/#organization\",\"name\":\"Dom Svitania, n.o.\",\"url\":\"https:\/\/www.domsvitania.sk\/\",\"logo\":{\"@type\":\"ImageObject\",\"inLanguage\":\"sk-SK\",\"@id\":\"https:\/\/www.domsvitania.sk\/#\/schema\/logo\/image\/\",\"url\":\"https:\/\/www.domsvitania.sk\/wp-content\/uploads\/2023\/01\/dom_svitania_logo.jpg\",\"contentUrl\":\"https:\/\/www.domsvitania.sk\/wp-content\/uploads\/2023\/01\/dom_svitania_logo.jpg\",\"width\":243,\"height\":208,\"caption\":\"Dom Svitania, n.o.\"},\"image\":{\"@id\":\"https:\/\/www.domsvitania.sk\/#\/schema\/logo\/image\/\"},\"sameAs\":[\"https:\/\/www.facebook.com\/domsvitaniask\",\"https:\/\/www.instagram.com\/domsvitania\"]}]}<\/script>\n<!-- \/ Yoast SEO plugin. -->","yoast_head_json":{"title":"Mama mia set \ud83e\uddd1\u200d\ud83c\udf73 - Dom Svitania","robots":{"index":"index","follow":"follow","max-snippet":"max-snippet:-1","max-image-preview":"max-image-preview:large","max-video-preview":"max-video-preview:-1"},"canonical":"https:\/\/www.domsvitania.sk\/?product=mama-mia-set-\ud83e\uddd1\ud83c\udf73","og_locale":"sk_SK","og_type":"article","og_title":"Mama mia set \ud83e\uddd1\u200d\ud83c\udf73 - Dom Svitania","og_description":"\ud83c\udfe1Mama mia\u00a0set \u2013 z\u00e1stera, ch\u0148apky v praktickej ta\u0161ti\u010dkeVarenie aj pe\u010denie je rados\u0165, ke\u010f m\u00e1te po ruke spo\u013eahliv\u00fdch pomocn\u00edkov. Tento praktick\u00fd kuchynsk\u00fd set v\u00e1m spr\u00edjemn\u00ed chv\u00edle v kuchyni a z\u00e1rove\u0148 dod\u00e1 v\u00e1\u0161mu domovu \u00fatuln\u00fd n\u00e1dych. \ud83d\udc69\u200d\ud83c\udf73 V sete n\u00e1jdete: pohodln\u00fa z\u00e1steru s praktick\u00fdm vreckom kuchynsk\u00e9 ch\u0148apky 2ks praktick\u00e1 ta\u0161ti\u010dka v A4 form\u00e1te \u2728 Pre\u010do si ho...","og_url":"https:\/\/www.domsvitania.sk\/?product=mama-mia-set-\ud83e\uddd1\ud83c\udf73","og_site_name":"Dom Svitania","article_publisher":"https:\/\/www.facebook.com\/domsvitaniask","article_modified_time":"2026-01-15T17:01:55+00:00","og_image":[{"width":2560,"height":1920,"url":"https:\/\/www.domsvitania.sk\/wp-content\/uploads\/2025\/10\/IMG_20251002_114836-scaled.jpg","type":"image\/jpeg"}],"twitter_card":"summary_large_image","twitter_misc":{"Predpokladan\u00fd \u010das \u010d\u00edtania":"1 min\u00fata"},"schema":{"@context":"https:\/\/schema.org","@graph":[{"@type":"WebPage","@id":"https:\/\/www.domsvitania.sk\/?product=mama-mia-set-%f0%9f%a7%91%f0%9f%8d%b3","url":"https:\/\/www.domsvitania.sk\/?product=mama-mia-set-%f0%9f%a7%91%f0%9f%8d%b3","name":"Mama mia set \ud83e\uddd1\u200d\ud83c\udf73 - Dom Svitania","isPartOf":{"@id":"https:\/\/www.domsvitania.sk\/#website"},"primaryImageOfPage":{"@id":"https:\/\/www.domsvitania.sk\/?product=mama-mia-set-%f0%9f%a7%91%f0%9f%8d%b3#primaryimage"},"image":{"@id":"https:\/\/www.domsvitania.sk\/?product=mama-mia-set-%f0%9f%a7%91%f0%9f%8d%b3#primaryimage"},"thumbnailUrl":"https:\/\/www.domsvitania.sk\/wp-content\/uploads\/2025\/10\/IMG_20251002_114836-scaled.jpg","datePublished":"2025-10-02T12:42:08+00:00","dateModified":"2026-01-15T17:01:55+00:00","breadcrumb":{"@id":"https:\/\/www.domsvitania.sk\/?product=mama-mia-set-%f0%9f%a7%91%f0%9f%8d%b3#breadcrumb"},"inLanguage":"sk-SK","potentialAction":[{"@type":"ReadAction","target":["https:\/\/www.domsvitania.sk\/?product=mama-mia-set-%f0%9f%a7%91%f0%9f%8d%b3"]}]},{"@type":"ImageObject","inLanguage":"sk-SK","@id":"https:\/\/www.domsvitania.sk\/?product=mama-mia-set-%f0%9f%a7%91%f0%9f%8d%b3#primaryimage","url":"https:\/\/www.domsvitania.sk\/wp-content\/uploads\/2025\/10\/IMG_20251002_114836-scaled.jpg","contentUrl":"https:\/\/www.domsvitania.sk\/wp-content\/uploads\/2025\/10\/IMG_20251002_114836-scaled.jpg","width":2560,"height":1920},{"@type":"BreadcrumbList","@id":"https:\/\/www.domsvitania.sk\/?product=mama-mia-set-%f0%9f%a7%91%f0%9f%8d%b3#breadcrumb","itemListElement":[{"@type":"ListItem","position":1,"name":"Domovsk\u00e1 str\u00e1nka","item":"https:\/\/www.domsvitania.sk\/"},{"@type":"ListItem","position":2,"name":"E-shop","item":"https:\/\/www.domsvitania.sk\/?page_id=550"},{"@type":"ListItem","position":3,"name":"Mama mia set \ud83e\uddd1\u200d\ud83c\udf73"}]},{"@type":"WebSite","@id":"https:\/\/www.domsvitania.sk\/#website","url":"https:\/\/www.domsvitania.sk\/","name":"Dom Svitania","description":"Rehabilita\u010dn\u00e9 stredisko a chr\u00e1nen\u00e1 diel\u0148a","publisher":{"@id":"https:\/\/www.domsvitania.sk\/#organization"},"potentialAction":[{"@type":"SearchAction","target":{"@type":"EntryPoint","urlTemplate":"https:\/\/www.domsvitania.sk\/?s={search_term_string}"},"query-input":{"@type":"PropertyValueSpecification","valueRequired":true,"valueName":"search_term_string"}}],"inLanguage":"sk-SK"},{"@type":"Organization","@id":"https:\/\/www.domsvitania.sk\/#organization","name":"Dom Svitania, n.o.","url":"https:\/\/www.domsvitania.sk\/","logo":{"@type":"ImageObject","inLanguage":"sk-SK","@id":"https:\/\/www.domsvitania.sk\/#\/schema\/logo\/image\/","url":"https:\/\/www.domsvitania.sk\/wp-content\/uploads\/2023\/01\/dom_svitania_logo.jpg","contentUrl":"https:\/\/www.domsvitania.sk\/wp-content\/uploads\/2023\/01\/dom_svitania_logo.jpg","width":243,"height":208,"caption":"Dom Svitania, n.o."},"image":{"@id":"https:\/\/www.domsvitania.sk\/#\/schema\/logo\/image\/"},"sameAs":["https:\/\/www.facebook.com\/domsvitaniask","https:\/\/www.instagram.com\/domsvitania"]}]}},"jetpack_sharing_enabled":true,"_links":{"self":[{"href":"https:\/\/www.domsvitania.sk\/index.php?rest_route=\/wp\/v2\/product\/2446","targetHints":{"allow":["GET"]}}],"collection":[{"href":"https:\/\/www.domsvitania.sk\/index.php?rest_route=\/wp\/v2\/product"}],"about":[{"href":"https:\/\/www.domsvitania.sk\/index.php?rest_route=\/wp\/v2\/types\/product"}],"replies":[{"embeddable":true,"href":"https:\/\/www.domsvitania.sk\/index.php?rest_route=%2Fwp%2Fv2%2Fcomments&post=2446"}],"wp:featuredmedia":[{"embeddable":true,"href":"https:\/\/www.domsvitania.sk\/index.php?rest_route=\/wp\/v2\/media\/2447"}],"wp:attachment":[{"href":"https:\/\/www.domsvitania.sk\/index.php?rest_route=%2Fwp%2Fv2%2Fmedia&parent=2446"}],"wp:term":[{"taxonomy":"product_brand","embeddable":true,"href":"https:\/\/www.domsvitania.sk\/index.php?rest_route=%2Fwp%2Fv2%2Fproduct_brand&post=2446"},{"taxonomy":"product_cat","embeddable":true,"href":"https:\/\/www.domsvitania.sk\/index.php?rest_route=%2Fwp%2Fv2%2Fproduct_cat&post=2446"},{"taxonomy":"product_tag","embeddable":true,"href":"https:\/\/www.domsvitania.sk\/index.php?rest_route=%2Fwp%2Fv2%2Fproduct_tag&post=2446"}],"curies":[{"name":"wp","href":"https:\/\/api.w.org\/{rel}","templated":true}]}}