{"id":2570,"date":"2025-11-07T15:10:07","date_gmt":"2025-11-07T14:10:07","guid":{"rendered":"https:\/\/www.domsvitania.sk\/?post_type=product&#038;p=2570"},"modified":"2026-03-07T08:52:33","modified_gmt":"2026-03-07T07:52:33","slug":"kuchynska-mini-chnapka-myska-%f0%9f%90%ad","status":"publish","type":"product","link":"https:\/\/www.domsvitania.sk\/?product=kuchynska-mini-chnapka-myska-%f0%9f%90%ad","title":{"rendered":"Kuchynsk\u00e1 mini ch\u0148apka &#8211; My\u0161ka \ud83d\udc2d"},"content":{"rendered":"<p>Mal\u00e1 ale \u0161ikovn\u00e1 \ud83d\udc2d &#8211; tak\u00e1 je na\u0161a mini ch\u0148apka My\u0161ka \ud83d\udc2d<\/p>\n<p data-start=\"325\" data-end=\"597\">T\u00e1to <strong data-start=\"330\" data-end=\"370\">kuchynsk\u00e1 mini ch\u0148apka v tvare my\u0161ky<\/strong> je nielen mil\u00e1, ale aj u\u017eito\u010dn\u00e1.<br data-start=\"403\" data-end=\"406\" \/>U\u0161it\u00e1 s prec\u00edznos\u0165ou\u00a0v <strong data-start=\"488\" data-end=\"525\">chr\u00e1nen\u00fdch diel\u0148ach Domu Svitania<\/strong>, kde pracuj\u00fa \u013eudia so zdravotn\u00fdm znev\u00fdhodnen\u00edm.<\/p>\n<p data-start=\"599\" data-end=\"785\">My\u0161ka v\u00e1m pom\u00f4\u017ee chyti\u0165 hor\u00facu \u0161\u00e1lku \u010daju, pokr\u00fdvku od hrnca \u010di prikry\u0165 pek\u00e1\u010d alebo jednoducho roz\u017eiari kuchy\u0148u svoj\u00edm \u0161armom.<br data-start=\"704\" data-end=\"707\" \/>Je to <strong data-start=\"713\" data-end=\"744\">praktick\u00fd dar\u010dek s pr\u00edbehom<\/strong>, ktor\u00fd pote\u0161\u00ed ka\u017ed\u00fa du\u0161u \u2013 aj kuchy\u0148u.<\/p>\n<p data-start=\"787\" data-end=\"949\">\ud83e\uddf5 <strong data-start=\"790\" data-end=\"803\">Materi\u00e1l:<\/strong> bavlna, v\u00fdpl\u0148 s tepelnou ochranou<br data-start=\"871\" data-end=\"874\" \/>\ud83d\udccf <strong data-start=\"877\" data-end=\"888\">Rozmer:<\/strong> pribli\u017ene 10 \u00d7 7 cm<br data-start=\"909\" data-end=\"912\" \/>\ud83c\udf3f <strong data-start=\"915\" data-end=\"926\">\u00dadr\u017eba:<\/strong> pra\u0165 \u0161etrne na 30 \u00b0C<\/p>\n<p data-start=\"951\" data-end=\"1040\">Ka\u017ed\u00e1 my\u0161ka je origin\u00e1l \u2013 drobn\u00e9 odch\u00fdlky s\u00fa znakom ru\u010dnej pr\u00e1ce a robia ju jedine\u010dnou.<\/p>\n","protected":false},"excerpt":{"rendered":"<p>Mal\u00e1 ale \u0161ikovn\u00e1 \ud83d\udc2d &#8211; tak\u00e1 je na\u0161a mini ch\u0148apka My\u0161ka \ud83d\udc2d T\u00e1to kuchynsk\u00e1 mini ch\u0148apka v tvare my\u0161ky je nielen mil\u00e1, ale aj u\u017eito\u010dn\u00e1.U\u0161it\u00e1 s prec\u00edznos\u0165ou\u00a0v chr\u00e1nen\u00fdch diel\u0148ach Domu Svitania, kde pracuj\u00fa \u013eudia so zdravotn\u00fdm znev\u00fdhodnen\u00edm. My\u0161ka v\u00e1m pom\u00f4\u017ee chyti\u0165 hor\u00facu \u0161\u00e1lku \u010daju, pokr\u00fdvku od hrnca \u010di prikry\u0165 pek\u00e1\u010d alebo jednoducho roz\u017eiari kuchy\u0148u svoj\u00edm&#8230;<\/p>\n","protected":false},"featured_media":2574,"comment_status":"closed","ping_status":"closed","template":"","meta":{"_kad_post_transparent":"default","_kad_post_title":"","_kad_post_layout":"default","_kad_post_sidebar_id":"","_kad_post_content_style":"default","_kad_post_vertical_padding":"default","_kad_post_feature":"","_kad_post_feature_position":"","_kad_post_header":false,"_kad_post_footer":false,"_kad_post_classname":""},"product_brand":[],"product_cat":[63],"product_tag":[],"class_list":{"0":"post-2570","1":"product","2":"type-product","3":"status-publish","4":"has-post-thumbnail","6":"product_cat-kuchynski-pomocnici","8":"first","9":"instock","10":"shipping-taxable","11":"purchasable","12":"product-type-variable","13":"entry","14":"content-bg","15":"loop-entry"},"yoast_head":"<!-- This site is optimized with the Yoast SEO plugin v26.7 - https:\/\/yoast.com\/wordpress\/plugins\/seo\/ -->\n<title>Kuchynsk\u00e1 mini ch\u0148apka - My\u0161ka \ud83d\udc2d - Dom Svitania<\/title>\n<meta name=\"robots\" content=\"index, follow, max-snippet:-1, max-image-preview:large, max-video-preview:-1\" \/>\n<link rel=\"canonical\" href=\"https:\/\/www.domsvitania.sk\/?product=kuchynska-mini-chnapka-myska-\ud83d\udc2d\" \/>\n<meta property=\"og:locale\" content=\"sk_SK\" \/>\n<meta property=\"og:type\" content=\"article\" \/>\n<meta property=\"og:title\" content=\"Kuchynsk\u00e1 mini ch\u0148apka - My\u0161ka \ud83d\udc2d - Dom Svitania\" \/>\n<meta property=\"og:description\" content=\"Mal\u00e1 ale \u0161ikovn\u00e1 \ud83d\udc2d &#8211; tak\u00e1 je na\u0161a mini ch\u0148apka My\u0161ka \ud83d\udc2d T\u00e1to kuchynsk\u00e1 mini ch\u0148apka v tvare my\u0161ky je nielen mil\u00e1, ale aj u\u017eito\u010dn\u00e1.U\u0161it\u00e1 s prec\u00edznos\u0165ou\u00a0v chr\u00e1nen\u00fdch diel\u0148ach Domu Svitania, kde pracuj\u00fa \u013eudia so zdravotn\u00fdm znev\u00fdhodnen\u00edm. My\u0161ka v\u00e1m pom\u00f4\u017ee chyti\u0165 hor\u00facu \u0161\u00e1lku \u010daju, pokr\u00fdvku od hrnca \u010di prikry\u0165 pek\u00e1\u010d alebo jednoducho roz\u017eiari kuchy\u0148u svoj\u00edm...\" \/>\n<meta property=\"og:url\" content=\"https:\/\/www.domsvitania.sk\/?product=kuchynska-mini-chnapka-myska-\ud83d\udc2d\" \/>\n<meta property=\"og:site_name\" content=\"Dom Svitania\" \/>\n<meta property=\"article:publisher\" content=\"https:\/\/www.facebook.com\/domsvitaniask\" \/>\n<meta property=\"article:modified_time\" content=\"2026-03-07T07:52:33+00:00\" \/>\n<meta property=\"og:image\" content=\"https:\/\/www.domsvitania.sk\/wp-content\/uploads\/2025\/11\/Mysky.jpg\" \/>\n\t<meta property=\"og:image:width\" content=\"1326\" \/>\n\t<meta property=\"og:image:height\" content=\"993\" \/>\n\t<meta property=\"og:image:type\" content=\"image\/jpeg\" \/>\n<meta name=\"twitter:card\" content=\"summary_large_image\" \/>\n<meta name=\"twitter:label1\" content=\"Predpokladan\u00fd \u010das \u010d\u00edtania\" \/>\n\t<meta name=\"twitter:data1\" content=\"1 min\u00fata\" \/>\n<script type=\"application\/ld+json\" class=\"yoast-schema-graph\">{\"@context\":\"https:\/\/schema.org\",\"@graph\":[{\"@type\":\"WebPage\",\"@id\":\"https:\/\/www.domsvitania.sk\/?product=kuchynska-mini-chnapka-myska-%f0%9f%90%ad\",\"url\":\"https:\/\/www.domsvitania.sk\/?product=kuchynska-mini-chnapka-myska-%f0%9f%90%ad\",\"name\":\"Kuchynsk\u00e1 mini ch\u0148apka - My\u0161ka \ud83d\udc2d - Dom Svitania\",\"isPartOf\":{\"@id\":\"https:\/\/www.domsvitania.sk\/#website\"},\"primaryImageOfPage\":{\"@id\":\"https:\/\/www.domsvitania.sk\/?product=kuchynska-mini-chnapka-myska-%f0%9f%90%ad#primaryimage\"},\"image\":{\"@id\":\"https:\/\/www.domsvitania.sk\/?product=kuchynska-mini-chnapka-myska-%f0%9f%90%ad#primaryimage\"},\"thumbnailUrl\":\"https:\/\/www.domsvitania.sk\/wp-content\/uploads\/2025\/11\/Mysky.jpg\",\"datePublished\":\"2025-11-07T14:10:07+00:00\",\"dateModified\":\"2026-03-07T07:52:33+00:00\",\"breadcrumb\":{\"@id\":\"https:\/\/www.domsvitania.sk\/?product=kuchynska-mini-chnapka-myska-%f0%9f%90%ad#breadcrumb\"},\"inLanguage\":\"sk-SK\",\"potentialAction\":[{\"@type\":\"ReadAction\",\"target\":[\"https:\/\/www.domsvitania.sk\/?product=kuchynska-mini-chnapka-myska-%f0%9f%90%ad\"]}]},{\"@type\":\"ImageObject\",\"inLanguage\":\"sk-SK\",\"@id\":\"https:\/\/www.domsvitania.sk\/?product=kuchynska-mini-chnapka-myska-%f0%9f%90%ad#primaryimage\",\"url\":\"https:\/\/www.domsvitania.sk\/wp-content\/uploads\/2025\/11\/Mysky.jpg\",\"contentUrl\":\"https:\/\/www.domsvitania.sk\/wp-content\/uploads\/2025\/11\/Mysky.jpg\",\"width\":1326,\"height\":993},{\"@type\":\"BreadcrumbList\",\"@id\":\"https:\/\/www.domsvitania.sk\/?product=kuchynska-mini-chnapka-myska-%f0%9f%90%ad#breadcrumb\",\"itemListElement\":[{\"@type\":\"ListItem\",\"position\":1,\"name\":\"Domovsk\u00e1 str\u00e1nka\",\"item\":\"https:\/\/www.domsvitania.sk\/\"},{\"@type\":\"ListItem\",\"position\":2,\"name\":\"E-shop\",\"item\":\"https:\/\/www.domsvitania.sk\/?page_id=550\"},{\"@type\":\"ListItem\",\"position\":3,\"name\":\"Kuchynsk\u00e1 mini ch\u0148apka &#8211; My\u0161ka \ud83d\udc2d\"}]},{\"@type\":\"WebSite\",\"@id\":\"https:\/\/www.domsvitania.sk\/#website\",\"url\":\"https:\/\/www.domsvitania.sk\/\",\"name\":\"Dom Svitania\",\"description\":\"Rehabilita\u010dn\u00e9 stredisko a chr\u00e1nen\u00e1 diel\u0148a\",\"publisher\":{\"@id\":\"https:\/\/www.domsvitania.sk\/#organization\"},\"potentialAction\":[{\"@type\":\"SearchAction\",\"target\":{\"@type\":\"EntryPoint\",\"urlTemplate\":\"https:\/\/www.domsvitania.sk\/?s={search_term_string}\"},\"query-input\":{\"@type\":\"PropertyValueSpecification\",\"valueRequired\":true,\"valueName\":\"search_term_string\"}}],\"inLanguage\":\"sk-SK\"},{\"@type\":\"Organization\",\"@id\":\"https:\/\/www.domsvitania.sk\/#organization\",\"name\":\"Dom Svitania, n.o.\",\"url\":\"https:\/\/www.domsvitania.sk\/\",\"logo\":{\"@type\":\"ImageObject\",\"inLanguage\":\"sk-SK\",\"@id\":\"https:\/\/www.domsvitania.sk\/#\/schema\/logo\/image\/\",\"url\":\"https:\/\/www.domsvitania.sk\/wp-content\/uploads\/2023\/01\/dom_svitania_logo.jpg\",\"contentUrl\":\"https:\/\/www.domsvitania.sk\/wp-content\/uploads\/2023\/01\/dom_svitania_logo.jpg\",\"width\":243,\"height\":208,\"caption\":\"Dom Svitania, n.o.\"},\"image\":{\"@id\":\"https:\/\/www.domsvitania.sk\/#\/schema\/logo\/image\/\"},\"sameAs\":[\"https:\/\/www.facebook.com\/domsvitaniask\",\"https:\/\/www.instagram.com\/domsvitania\"]}]}<\/script>\n<!-- \/ Yoast SEO plugin. -->","yoast_head_json":{"title":"Kuchynsk\u00e1 mini ch\u0148apka - My\u0161ka \ud83d\udc2d - Dom Svitania","robots":{"index":"index","follow":"follow","max-snippet":"max-snippet:-1","max-image-preview":"max-image-preview:large","max-video-preview":"max-video-preview:-1"},"canonical":"https:\/\/www.domsvitania.sk\/?product=kuchynska-mini-chnapka-myska-\ud83d\udc2d","og_locale":"sk_SK","og_type":"article","og_title":"Kuchynsk\u00e1 mini ch\u0148apka - My\u0161ka \ud83d\udc2d - Dom Svitania","og_description":"Mal\u00e1 ale \u0161ikovn\u00e1 \ud83d\udc2d &#8211; tak\u00e1 je na\u0161a mini ch\u0148apka My\u0161ka \ud83d\udc2d T\u00e1to kuchynsk\u00e1 mini ch\u0148apka v tvare my\u0161ky je nielen mil\u00e1, ale aj u\u017eito\u010dn\u00e1.U\u0161it\u00e1 s prec\u00edznos\u0165ou\u00a0v chr\u00e1nen\u00fdch diel\u0148ach Domu Svitania, kde pracuj\u00fa \u013eudia so zdravotn\u00fdm znev\u00fdhodnen\u00edm. My\u0161ka v\u00e1m pom\u00f4\u017ee chyti\u0165 hor\u00facu \u0161\u00e1lku \u010daju, pokr\u00fdvku od hrnca \u010di prikry\u0165 pek\u00e1\u010d alebo jednoducho roz\u017eiari kuchy\u0148u svoj\u00edm...","og_url":"https:\/\/www.domsvitania.sk\/?product=kuchynska-mini-chnapka-myska-\ud83d\udc2d","og_site_name":"Dom Svitania","article_publisher":"https:\/\/www.facebook.com\/domsvitaniask","article_modified_time":"2026-03-07T07:52:33+00:00","og_image":[{"width":1326,"height":993,"url":"https:\/\/www.domsvitania.sk\/wp-content\/uploads\/2025\/11\/Mysky.jpg","type":"image\/jpeg"}],"twitter_card":"summary_large_image","twitter_misc":{"Predpokladan\u00fd \u010das \u010d\u00edtania":"1 min\u00fata"},"schema":{"@context":"https:\/\/schema.org","@graph":[{"@type":"WebPage","@id":"https:\/\/www.domsvitania.sk\/?product=kuchynska-mini-chnapka-myska-%f0%9f%90%ad","url":"https:\/\/www.domsvitania.sk\/?product=kuchynska-mini-chnapka-myska-%f0%9f%90%ad","name":"Kuchynsk\u00e1 mini ch\u0148apka - My\u0161ka \ud83d\udc2d - Dom Svitania","isPartOf":{"@id":"https:\/\/www.domsvitania.sk\/#website"},"primaryImageOfPage":{"@id":"https:\/\/www.domsvitania.sk\/?product=kuchynska-mini-chnapka-myska-%f0%9f%90%ad#primaryimage"},"image":{"@id":"https:\/\/www.domsvitania.sk\/?product=kuchynska-mini-chnapka-myska-%f0%9f%90%ad#primaryimage"},"thumbnailUrl":"https:\/\/www.domsvitania.sk\/wp-content\/uploads\/2025\/11\/Mysky.jpg","datePublished":"2025-11-07T14:10:07+00:00","dateModified":"2026-03-07T07:52:33+00:00","breadcrumb":{"@id":"https:\/\/www.domsvitania.sk\/?product=kuchynska-mini-chnapka-myska-%f0%9f%90%ad#breadcrumb"},"inLanguage":"sk-SK","potentialAction":[{"@type":"ReadAction","target":["https:\/\/www.domsvitania.sk\/?product=kuchynska-mini-chnapka-myska-%f0%9f%90%ad"]}]},{"@type":"ImageObject","inLanguage":"sk-SK","@id":"https:\/\/www.domsvitania.sk\/?product=kuchynska-mini-chnapka-myska-%f0%9f%90%ad#primaryimage","url":"https:\/\/www.domsvitania.sk\/wp-content\/uploads\/2025\/11\/Mysky.jpg","contentUrl":"https:\/\/www.domsvitania.sk\/wp-content\/uploads\/2025\/11\/Mysky.jpg","width":1326,"height":993},{"@type":"BreadcrumbList","@id":"https:\/\/www.domsvitania.sk\/?product=kuchynska-mini-chnapka-myska-%f0%9f%90%ad#breadcrumb","itemListElement":[{"@type":"ListItem","position":1,"name":"Domovsk\u00e1 str\u00e1nka","item":"https:\/\/www.domsvitania.sk\/"},{"@type":"ListItem","position":2,"name":"E-shop","item":"https:\/\/www.domsvitania.sk\/?page_id=550"},{"@type":"ListItem","position":3,"name":"Kuchynsk\u00e1 mini ch\u0148apka &#8211; My\u0161ka \ud83d\udc2d"}]},{"@type":"WebSite","@id":"https:\/\/www.domsvitania.sk\/#website","url":"https:\/\/www.domsvitania.sk\/","name":"Dom Svitania","description":"Rehabilita\u010dn\u00e9 stredisko a chr\u00e1nen\u00e1 diel\u0148a","publisher":{"@id":"https:\/\/www.domsvitania.sk\/#organization"},"potentialAction":[{"@type":"SearchAction","target":{"@type":"EntryPoint","urlTemplate":"https:\/\/www.domsvitania.sk\/?s={search_term_string}"},"query-input":{"@type":"PropertyValueSpecification","valueRequired":true,"valueName":"search_term_string"}}],"inLanguage":"sk-SK"},{"@type":"Organization","@id":"https:\/\/www.domsvitania.sk\/#organization","name":"Dom Svitania, n.o.","url":"https:\/\/www.domsvitania.sk\/","logo":{"@type":"ImageObject","inLanguage":"sk-SK","@id":"https:\/\/www.domsvitania.sk\/#\/schema\/logo\/image\/","url":"https:\/\/www.domsvitania.sk\/wp-content\/uploads\/2023\/01\/dom_svitania_logo.jpg","contentUrl":"https:\/\/www.domsvitania.sk\/wp-content\/uploads\/2023\/01\/dom_svitania_logo.jpg","width":243,"height":208,"caption":"Dom Svitania, n.o."},"image":{"@id":"https:\/\/www.domsvitania.sk\/#\/schema\/logo\/image\/"},"sameAs":["https:\/\/www.facebook.com\/domsvitaniask","https:\/\/www.instagram.com\/domsvitania"]}]}},"jetpack_sharing_enabled":true,"_links":{"self":[{"href":"https:\/\/www.domsvitania.sk\/index.php?rest_route=\/wp\/v2\/product\/2570","targetHints":{"allow":["GET"]}}],"collection":[{"href":"https:\/\/www.domsvitania.sk\/index.php?rest_route=\/wp\/v2\/product"}],"about":[{"href":"https:\/\/www.domsvitania.sk\/index.php?rest_route=\/wp\/v2\/types\/product"}],"replies":[{"embeddable":true,"href":"https:\/\/www.domsvitania.sk\/index.php?rest_route=%2Fwp%2Fv2%2Fcomments&post=2570"}],"wp:featuredmedia":[{"embeddable":true,"href":"https:\/\/www.domsvitania.sk\/index.php?rest_route=\/wp\/v2\/media\/2574"}],"wp:attachment":[{"href":"https:\/\/www.domsvitania.sk\/index.php?rest_route=%2Fwp%2Fv2%2Fmedia&parent=2570"}],"wp:term":[{"taxonomy":"product_brand","embeddable":true,"href":"https:\/\/www.domsvitania.sk\/index.php?rest_route=%2Fwp%2Fv2%2Fproduct_brand&post=2570"},{"taxonomy":"product_cat","embeddable":true,"href":"https:\/\/www.domsvitania.sk\/index.php?rest_route=%2Fwp%2Fv2%2Fproduct_cat&post=2570"},{"taxonomy":"product_tag","embeddable":true,"href":"https:\/\/www.domsvitania.sk\/index.php?rest_route=%2Fwp%2Fv2%2Fproduct_tag&post=2570"}],"curies":[{"name":"wp","href":"https:\/\/api.w.org\/{rel}","templated":true}]}}