{"id":3059,"date":"2026-01-30T15:48:56","date_gmt":"2026-01-30T14:48:56","guid":{"rendered":"https:\/\/www.domsvitania.sk\/?post_type=product&#038;p=3059"},"modified":"2026-03-05T08:26:15","modified_gmt":"2026-03-05T07:26:15","slug":"srdce-na-tricku-%e2%9d%a4%ef%b8%8f","status":"publish","type":"product","link":"https:\/\/www.domsvitania.sk\/?product=srdce-na-tricku-%e2%9d%a4%ef%b8%8f","title":{"rendered":"Srdce na tri\u010dku \u2764\ufe0f"},"content":{"rendered":"<p data-start=\"155\" data-end=\"385\">Noste svoje srdce na tri\u010dku \u2013 doslova! Na\u0161e tri\u010dko s ru\u010dne ma\u013eovan\u00fdm srdie\u010dkom prin\u00e1\u0161a jedine\u010dn\u00fd dotyk originality a l\u00e1skavosti. Ka\u017ed\u00fd k\u00fasok je ma\u013eovan\u00fd s d\u00f4razom na detail a srdcom, tak\u017ee \u017eiadne dve tri\u010dk\u00e1 nie s\u00fa \u00faplne rovnak\u00e9.<\/p>\n<ul data-start=\"387\" data-end=\"692\">\n<li data-start=\"387\" data-end=\"446\">\n<p data-start=\"389\" data-end=\"446\"><strong data-start=\"389\" data-end=\"402\">Materi\u00e1l:<\/strong> m\u00e4kk\u00e1, pohodln\u00e1 bavlna, pr\u00edjemn\u00e1 na dotyk<\/p>\n<\/li>\n<li data-start=\"447\" data-end=\"500\">\n<p data-start=\"449\" data-end=\"500\"><strong data-start=\"449\" data-end=\"459\">Strih:<\/strong> klasick\u00fd, vhodn\u00fd na ka\u017edodenn\u00e9 nosenie<\/p>\n<\/li>\n<li data-start=\"501\" data-end=\"552\">\n<p data-start=\"503\" data-end=\"552\"><strong data-start=\"503\" data-end=\"531\">Ru\u010dne ma\u013eovan\u00e9 srdie\u010dko:<\/strong> ka\u017ed\u00fd kus origin\u00e1l<\/p>\n<\/li>\n<li data-start=\"553\" data-end=\"611\">\n<p data-start=\"555\" data-end=\"611\"><strong data-start=\"555\" data-end=\"568\">Ve\u013ekosti:<\/strong> dostupn\u00e9 vo v\u0161etk\u00fdch ve\u013ekostiach (S\u2013XXL)<\/p>\n<\/li>\n<\/ul>\n<p data-start=\"694\" data-end=\"902\">Tri\u010dko je ide\u00e1lne na vyjadrenie l\u00e1sky, radosti alebo jednoducho na to, aby ste priniesli k\u00fasok tepla do svojho d\u0148a. Perfektn\u00e9 aj ako origin\u00e1lny dar\u010dek \u2013 ka\u017ed\u00fd kus nesie pr\u00edbeh starostlivosti a ru\u010dnej pr\u00e1ce.<\/p>\n","protected":false},"excerpt":{"rendered":"<p>Noste svoje srdce na tri\u010dku \u2013 doslova! Na\u0161e tri\u010dko s ru\u010dne ma\u013eovan\u00fdm srdie\u010dkom prin\u00e1\u0161a jedine\u010dn\u00fd dotyk originality a l\u00e1skavosti. Ka\u017ed\u00fd k\u00fasok je ma\u013eovan\u00fd s d\u00f4razom na detail a srdcom, tak\u017ee \u017eiadne dve tri\u010dk\u00e1 nie s\u00fa \u00faplne rovnak\u00e9. Materi\u00e1l: m\u00e4kk\u00e1, pohodln\u00e1 bavlna, pr\u00edjemn\u00e1 na dotyk Strih: klasick\u00fd, vhodn\u00fd na ka\u017edodenn\u00e9 nosenie Ru\u010dne ma\u013eovan\u00e9 srdie\u010dko: ka\u017ed\u00fd kus&#8230;<\/p>\n","protected":false},"featured_media":3051,"comment_status":"closed","ping_status":"closed","template":"","meta":{"_kad_post_transparent":"default","_kad_post_title":"","_kad_post_layout":"default","_kad_post_sidebar_id":"","_kad_post_content_style":"default","_kad_post_vertical_padding":"default","_kad_post_feature":"","_kad_post_feature_position":"","_kad_post_header":false,"_kad_post_footer":false,"_kad_post_classname":""},"product_brand":[],"product_cat":[66],"product_tag":[],"class_list":{"0":"post-3059","1":"product","2":"type-product","3":"status-publish","4":"has-post-thumbnail","6":"product_cat-male-radosti-na-kazdodenne-nosenie","8":"first","9":"instock","10":"shipping-taxable","11":"purchasable","12":"product-type-variable","13":"entry","14":"content-bg","15":"loop-entry"},"yoast_head":"<!-- This site is optimized with the Yoast SEO plugin v26.7 - https:\/\/yoast.com\/wordpress\/plugins\/seo\/ -->\n<title>Srdce na tri\u010dku \u2764\ufe0f - Dom Svitania<\/title>\n<meta name=\"robots\" content=\"index, follow, max-snippet:-1, max-image-preview:large, max-video-preview:-1\" \/>\n<link rel=\"canonical\" href=\"https:\/\/www.domsvitania.sk\/?product=srdce-na-tricku-\u2764\ufe0f\" \/>\n<meta property=\"og:locale\" content=\"sk_SK\" \/>\n<meta property=\"og:type\" content=\"article\" \/>\n<meta property=\"og:title\" content=\"Srdce na tri\u010dku \u2764\ufe0f - Dom Svitania\" \/>\n<meta property=\"og:description\" content=\"Noste svoje srdce na tri\u010dku \u2013 doslova! Na\u0161e tri\u010dko s ru\u010dne ma\u013eovan\u00fdm srdie\u010dkom prin\u00e1\u0161a jedine\u010dn\u00fd dotyk originality a l\u00e1skavosti. Ka\u017ed\u00fd k\u00fasok je ma\u013eovan\u00fd s d\u00f4razom na detail a srdcom, tak\u017ee \u017eiadne dve tri\u010dk\u00e1 nie s\u00fa \u00faplne rovnak\u00e9. Materi\u00e1l: m\u00e4kk\u00e1, pohodln\u00e1 bavlna, pr\u00edjemn\u00e1 na dotyk Strih: klasick\u00fd, vhodn\u00fd na ka\u017edodenn\u00e9 nosenie Ru\u010dne ma\u013eovan\u00e9 srdie\u010dko: ka\u017ed\u00fd kus...\" \/>\n<meta property=\"og:url\" content=\"https:\/\/www.domsvitania.sk\/?product=srdce-na-tricku-\u2764\ufe0f\" \/>\n<meta property=\"og:site_name\" content=\"Dom Svitania\" \/>\n<meta property=\"article:publisher\" content=\"https:\/\/www.facebook.com\/domsvitaniask\" \/>\n<meta property=\"article:modified_time\" content=\"2026-03-05T07:26:15+00:00\" \/>\n<meta property=\"og:image\" content=\"https:\/\/www.domsvitania.sk\/wp-content\/uploads\/2026\/01\/IMG-20260130-WA0008.jpg\" \/>\n\t<meta property=\"og:image:width\" content=\"2017\" \/>\n\t<meta property=\"og:image:height\" content=\"1674\" \/>\n\t<meta property=\"og:image:type\" content=\"image\/jpeg\" \/>\n<meta name=\"twitter:card\" content=\"summary_large_image\" \/>\n<meta name=\"twitter:label1\" content=\"Predpokladan\u00fd \u010das \u010d\u00edtania\" \/>\n\t<meta name=\"twitter:data1\" content=\"1 min\u00fata\" \/>\n<script type=\"application\/ld+json\" class=\"yoast-schema-graph\">{\"@context\":\"https:\/\/schema.org\",\"@graph\":[{\"@type\":\"WebPage\",\"@id\":\"https:\/\/www.domsvitania.sk\/?product=srdce-na-tricku-%e2%9d%a4%ef%b8%8f\",\"url\":\"https:\/\/www.domsvitania.sk\/?product=srdce-na-tricku-%e2%9d%a4%ef%b8%8f\",\"name\":\"Srdce na tri\u010dku \u2764\ufe0f - Dom Svitania\",\"isPartOf\":{\"@id\":\"https:\/\/www.domsvitania.sk\/#website\"},\"primaryImageOfPage\":{\"@id\":\"https:\/\/www.domsvitania.sk\/?product=srdce-na-tricku-%e2%9d%a4%ef%b8%8f#primaryimage\"},\"image\":{\"@id\":\"https:\/\/www.domsvitania.sk\/?product=srdce-na-tricku-%e2%9d%a4%ef%b8%8f#primaryimage\"},\"thumbnailUrl\":\"https:\/\/www.domsvitania.sk\/wp-content\/uploads\/2026\/01\/IMG-20260130-WA0008.jpg\",\"datePublished\":\"2026-01-30T14:48:56+00:00\",\"dateModified\":\"2026-03-05T07:26:15+00:00\",\"breadcrumb\":{\"@id\":\"https:\/\/www.domsvitania.sk\/?product=srdce-na-tricku-%e2%9d%a4%ef%b8%8f#breadcrumb\"},\"inLanguage\":\"sk-SK\",\"potentialAction\":[{\"@type\":\"ReadAction\",\"target\":[\"https:\/\/www.domsvitania.sk\/?product=srdce-na-tricku-%e2%9d%a4%ef%b8%8f\"]}]},{\"@type\":\"ImageObject\",\"inLanguage\":\"sk-SK\",\"@id\":\"https:\/\/www.domsvitania.sk\/?product=srdce-na-tricku-%e2%9d%a4%ef%b8%8f#primaryimage\",\"url\":\"https:\/\/www.domsvitania.sk\/wp-content\/uploads\/2026\/01\/IMG-20260130-WA0008.jpg\",\"contentUrl\":\"https:\/\/www.domsvitania.sk\/wp-content\/uploads\/2026\/01\/IMG-20260130-WA0008.jpg\",\"width\":2017,\"height\":1674},{\"@type\":\"BreadcrumbList\",\"@id\":\"https:\/\/www.domsvitania.sk\/?product=srdce-na-tricku-%e2%9d%a4%ef%b8%8f#breadcrumb\",\"itemListElement\":[{\"@type\":\"ListItem\",\"position\":1,\"name\":\"Domovsk\u00e1 str\u00e1nka\",\"item\":\"https:\/\/www.domsvitania.sk\/\"},{\"@type\":\"ListItem\",\"position\":2,\"name\":\"E-shop\",\"item\":\"https:\/\/www.domsvitania.sk\/?page_id=550\"},{\"@type\":\"ListItem\",\"position\":3,\"name\":\"Srdce na tri\u010dku \u2764\ufe0f\"}]},{\"@type\":\"WebSite\",\"@id\":\"https:\/\/www.domsvitania.sk\/#website\",\"url\":\"https:\/\/www.domsvitania.sk\/\",\"name\":\"Dom Svitania\",\"description\":\"Rehabilita\u010dn\u00e9 stredisko a chr\u00e1nen\u00e1 diel\u0148a\",\"publisher\":{\"@id\":\"https:\/\/www.domsvitania.sk\/#organization\"},\"potentialAction\":[{\"@type\":\"SearchAction\",\"target\":{\"@type\":\"EntryPoint\",\"urlTemplate\":\"https:\/\/www.domsvitania.sk\/?s={search_term_string}\"},\"query-input\":{\"@type\":\"PropertyValueSpecification\",\"valueRequired\":true,\"valueName\":\"search_term_string\"}}],\"inLanguage\":\"sk-SK\"},{\"@type\":\"Organization\",\"@id\":\"https:\/\/www.domsvitania.sk\/#organization\",\"name\":\"Dom Svitania, n.o.\",\"url\":\"https:\/\/www.domsvitania.sk\/\",\"logo\":{\"@type\":\"ImageObject\",\"inLanguage\":\"sk-SK\",\"@id\":\"https:\/\/www.domsvitania.sk\/#\/schema\/logo\/image\/\",\"url\":\"https:\/\/www.domsvitania.sk\/wp-content\/uploads\/2023\/01\/dom_svitania_logo.jpg\",\"contentUrl\":\"https:\/\/www.domsvitania.sk\/wp-content\/uploads\/2023\/01\/dom_svitania_logo.jpg\",\"width\":243,\"height\":208,\"caption\":\"Dom Svitania, n.o.\"},\"image\":{\"@id\":\"https:\/\/www.domsvitania.sk\/#\/schema\/logo\/image\/\"},\"sameAs\":[\"https:\/\/www.facebook.com\/domsvitaniask\",\"https:\/\/www.instagram.com\/domsvitania\"]}]}<\/script>\n<!-- \/ Yoast SEO plugin. -->","yoast_head_json":{"title":"Srdce na tri\u010dku \u2764\ufe0f - Dom Svitania","robots":{"index":"index","follow":"follow","max-snippet":"max-snippet:-1","max-image-preview":"max-image-preview:large","max-video-preview":"max-video-preview:-1"},"canonical":"https:\/\/www.domsvitania.sk\/?product=srdce-na-tricku-\u2764\ufe0f","og_locale":"sk_SK","og_type":"article","og_title":"Srdce na tri\u010dku \u2764\ufe0f - Dom Svitania","og_description":"Noste svoje srdce na tri\u010dku \u2013 doslova! Na\u0161e tri\u010dko s ru\u010dne ma\u013eovan\u00fdm srdie\u010dkom prin\u00e1\u0161a jedine\u010dn\u00fd dotyk originality a l\u00e1skavosti. Ka\u017ed\u00fd k\u00fasok je ma\u013eovan\u00fd s d\u00f4razom na detail a srdcom, tak\u017ee \u017eiadne dve tri\u010dk\u00e1 nie s\u00fa \u00faplne rovnak\u00e9. Materi\u00e1l: m\u00e4kk\u00e1, pohodln\u00e1 bavlna, pr\u00edjemn\u00e1 na dotyk Strih: klasick\u00fd, vhodn\u00fd na ka\u017edodenn\u00e9 nosenie Ru\u010dne ma\u013eovan\u00e9 srdie\u010dko: ka\u017ed\u00fd kus...","og_url":"https:\/\/www.domsvitania.sk\/?product=srdce-na-tricku-\u2764\ufe0f","og_site_name":"Dom Svitania","article_publisher":"https:\/\/www.facebook.com\/domsvitaniask","article_modified_time":"2026-03-05T07:26:15+00:00","og_image":[{"width":2017,"height":1674,"url":"https:\/\/www.domsvitania.sk\/wp-content\/uploads\/2026\/01\/IMG-20260130-WA0008.jpg","type":"image\/jpeg"}],"twitter_card":"summary_large_image","twitter_misc":{"Predpokladan\u00fd \u010das \u010d\u00edtania":"1 min\u00fata"},"schema":{"@context":"https:\/\/schema.org","@graph":[{"@type":"WebPage","@id":"https:\/\/www.domsvitania.sk\/?product=srdce-na-tricku-%e2%9d%a4%ef%b8%8f","url":"https:\/\/www.domsvitania.sk\/?product=srdce-na-tricku-%e2%9d%a4%ef%b8%8f","name":"Srdce na tri\u010dku \u2764\ufe0f - Dom Svitania","isPartOf":{"@id":"https:\/\/www.domsvitania.sk\/#website"},"primaryImageOfPage":{"@id":"https:\/\/www.domsvitania.sk\/?product=srdce-na-tricku-%e2%9d%a4%ef%b8%8f#primaryimage"},"image":{"@id":"https:\/\/www.domsvitania.sk\/?product=srdce-na-tricku-%e2%9d%a4%ef%b8%8f#primaryimage"},"thumbnailUrl":"https:\/\/www.domsvitania.sk\/wp-content\/uploads\/2026\/01\/IMG-20260130-WA0008.jpg","datePublished":"2026-01-30T14:48:56+00:00","dateModified":"2026-03-05T07:26:15+00:00","breadcrumb":{"@id":"https:\/\/www.domsvitania.sk\/?product=srdce-na-tricku-%e2%9d%a4%ef%b8%8f#breadcrumb"},"inLanguage":"sk-SK","potentialAction":[{"@type":"ReadAction","target":["https:\/\/www.domsvitania.sk\/?product=srdce-na-tricku-%e2%9d%a4%ef%b8%8f"]}]},{"@type":"ImageObject","inLanguage":"sk-SK","@id":"https:\/\/www.domsvitania.sk\/?product=srdce-na-tricku-%e2%9d%a4%ef%b8%8f#primaryimage","url":"https:\/\/www.domsvitania.sk\/wp-content\/uploads\/2026\/01\/IMG-20260130-WA0008.jpg","contentUrl":"https:\/\/www.domsvitania.sk\/wp-content\/uploads\/2026\/01\/IMG-20260130-WA0008.jpg","width":2017,"height":1674},{"@type":"BreadcrumbList","@id":"https:\/\/www.domsvitania.sk\/?product=srdce-na-tricku-%e2%9d%a4%ef%b8%8f#breadcrumb","itemListElement":[{"@type":"ListItem","position":1,"name":"Domovsk\u00e1 str\u00e1nka","item":"https:\/\/www.domsvitania.sk\/"},{"@type":"ListItem","position":2,"name":"E-shop","item":"https:\/\/www.domsvitania.sk\/?page_id=550"},{"@type":"ListItem","position":3,"name":"Srdce na tri\u010dku \u2764\ufe0f"}]},{"@type":"WebSite","@id":"https:\/\/www.domsvitania.sk\/#website","url":"https:\/\/www.domsvitania.sk\/","name":"Dom Svitania","description":"Rehabilita\u010dn\u00e9 stredisko a chr\u00e1nen\u00e1 diel\u0148a","publisher":{"@id":"https:\/\/www.domsvitania.sk\/#organization"},"potentialAction":[{"@type":"SearchAction","target":{"@type":"EntryPoint","urlTemplate":"https:\/\/www.domsvitania.sk\/?s={search_term_string}"},"query-input":{"@type":"PropertyValueSpecification","valueRequired":true,"valueName":"search_term_string"}}],"inLanguage":"sk-SK"},{"@type":"Organization","@id":"https:\/\/www.domsvitania.sk\/#organization","name":"Dom Svitania, n.o.","url":"https:\/\/www.domsvitania.sk\/","logo":{"@type":"ImageObject","inLanguage":"sk-SK","@id":"https:\/\/www.domsvitania.sk\/#\/schema\/logo\/image\/","url":"https:\/\/www.domsvitania.sk\/wp-content\/uploads\/2023\/01\/dom_svitania_logo.jpg","contentUrl":"https:\/\/www.domsvitania.sk\/wp-content\/uploads\/2023\/01\/dom_svitania_logo.jpg","width":243,"height":208,"caption":"Dom Svitania, n.o."},"image":{"@id":"https:\/\/www.domsvitania.sk\/#\/schema\/logo\/image\/"},"sameAs":["https:\/\/www.facebook.com\/domsvitaniask","https:\/\/www.instagram.com\/domsvitania"]}]}},"jetpack_sharing_enabled":true,"_links":{"self":[{"href":"https:\/\/www.domsvitania.sk\/index.php?rest_route=\/wp\/v2\/product\/3059","targetHints":{"allow":["GET"]}}],"collection":[{"href":"https:\/\/www.domsvitania.sk\/index.php?rest_route=\/wp\/v2\/product"}],"about":[{"href":"https:\/\/www.domsvitania.sk\/index.php?rest_route=\/wp\/v2\/types\/product"}],"replies":[{"embeddable":true,"href":"https:\/\/www.domsvitania.sk\/index.php?rest_route=%2Fwp%2Fv2%2Fcomments&post=3059"}],"wp:featuredmedia":[{"embeddable":true,"href":"https:\/\/www.domsvitania.sk\/index.php?rest_route=\/wp\/v2\/media\/3051"}],"wp:attachment":[{"href":"https:\/\/www.domsvitania.sk\/index.php?rest_route=%2Fwp%2Fv2%2Fmedia&parent=3059"}],"wp:term":[{"taxonomy":"product_brand","embeddable":true,"href":"https:\/\/www.domsvitania.sk\/index.php?rest_route=%2Fwp%2Fv2%2Fproduct_brand&post=3059"},{"taxonomy":"product_cat","embeddable":true,"href":"https:\/\/www.domsvitania.sk\/index.php?rest_route=%2Fwp%2Fv2%2Fproduct_cat&post=3059"},{"taxonomy":"product_tag","embeddable":true,"href":"https:\/\/www.domsvitania.sk\/index.php?rest_route=%2Fwp%2Fv2%2Fproduct_tag&post=3059"}],"curies":[{"name":"wp","href":"https:\/\/api.w.org\/{rel}","templated":true}]}}