{"id":3184,"date":"2026-02-27T14:39:56","date_gmt":"2026-02-27T13:39:56","guid":{"rendered":"https:\/\/www.domsvitania.sk\/?post_type=product&#038;p=3184"},"modified":"2026-03-02T09:08:41","modified_gmt":"2026-03-02T08:08:41","slug":"vankus-v-tvare-srdca","status":"publish","type":"product","link":"https:\/\/www.domsvitania.sk\/?product=vankus-v-tvare-srdca","title":{"rendered":"Vank\u00fa\u0161 v tvare srdca"},"content":{"rendered":"<p data-start=\"127\" data-end=\"183\">Niektor\u00e9 veci nepotrebuj\u00fa ve\u013ek\u00e9 slov\u00e1. Sta\u010d\u00ed tvar srdca.<\/p>\n<p data-start=\"185\" data-end=\"367\">Tento m\u00e4kk\u00fd vank\u00fa\u0161 vznikol v na\u0161ej chr\u00e1nenej dielni s trpezlivos\u0165ou, s\u00fastreden\u00edm a rados\u0165ou z pr\u00e1ce. Ka\u017ed\u00fd kus pre\u0161iel rukami \u013eud\u00ed, ktor\u00ed do\u0148 nevkladaj\u00fa len v\u00fdpl\u0148, ale aj k\u00fasok seba.<\/p>\n<p data-start=\"369\" data-end=\"537\">Je pr\u00edjemn\u00fd na dotyk, tak akur\u00e1t ve\u013ek\u00fd, aby si ho mohli privin\u00fa\u0165 deti, t\u00edned\u017eeri aj dospel\u00ed. Hod\u00ed sa na poste\u013e, do kresla, na gau\u010d \u010di ako mil\u00fd detail do detskej izby.<\/p>\n<p data-start=\"539\" data-end=\"674\">Je to mal\u00fd predmet, ktor\u00fd vie urobi\u0165 ve\u013ek\u00fa vec \u2013 spr\u00edjemni\u0165 ve\u010der, pote\u0161i\u0165 ako dar\u010dek alebo jednoducho pripomen\u00fa\u0165, \u017ee na niekom z\u00e1le\u017e\u00ed.<\/p>\n","protected":false},"excerpt":{"rendered":"<p>Niektor\u00e9 veci nepotrebuj\u00fa ve\u013ek\u00e9 slov\u00e1. Sta\u010d\u00ed tvar srdca. Tento m\u00e4kk\u00fd vank\u00fa\u0161 vznikol v na\u0161ej chr\u00e1nenej dielni s trpezlivos\u0165ou, s\u00fastreden\u00edm a rados\u0165ou z pr\u00e1ce. Ka\u017ed\u00fd kus pre\u0161iel rukami \u013eud\u00ed, ktor\u00ed do\u0148 nevkladaj\u00fa len v\u00fdpl\u0148, ale aj k\u00fasok seba. Je pr\u00edjemn\u00fd na dotyk, tak akur\u00e1t ve\u013ek\u00fd, aby si ho mohli privin\u00fa\u0165 deti, t\u00edned\u017eeri aj dospel\u00ed. Hod\u00ed sa&#8230;<\/p>\n","protected":false},"featured_media":3185,"comment_status":"closed","ping_status":"closed","template":"","meta":{"_kad_post_transparent":"default","_kad_post_title":"","_kad_post_layout":"default","_kad_post_sidebar_id":"","_kad_post_content_style":"default","_kad_post_vertical_padding":"default","_kad_post_feature":"","_kad_post_feature_position":"","_kad_post_header":false,"_kad_post_footer":false,"_kad_post_classname":""},"product_brand":[],"product_cat":[66],"product_tag":[],"class_list":{"0":"post-3184","1":"product","2":"type-product","3":"status-publish","4":"has-post-thumbnail","6":"product_cat-male-radosti-na-kazdodenne-nosenie","8":"first","9":"instock","10":"shipping-taxable","11":"purchasable","12":"product-type-variable","13":"entry","14":"content-bg","15":"loop-entry"},"yoast_head":"<!-- This site is optimized with the Yoast SEO plugin v26.7 - https:\/\/yoast.com\/wordpress\/plugins\/seo\/ -->\n<title>Vank\u00fa\u0161 v tvare srdca - Dom Svitania<\/title>\n<meta name=\"robots\" content=\"index, follow, max-snippet:-1, max-image-preview:large, max-video-preview:-1\" \/>\n<link rel=\"canonical\" href=\"https:\/\/www.domsvitania.sk\/?product=vankus-v-tvare-srdca\" \/>\n<meta property=\"og:locale\" content=\"sk_SK\" \/>\n<meta property=\"og:type\" content=\"article\" \/>\n<meta property=\"og:title\" content=\"Vank\u00fa\u0161 v tvare srdca - Dom Svitania\" \/>\n<meta property=\"og:description\" content=\"Niektor\u00e9 veci nepotrebuj\u00fa ve\u013ek\u00e9 slov\u00e1. Sta\u010d\u00ed tvar srdca. Tento m\u00e4kk\u00fd vank\u00fa\u0161 vznikol v na\u0161ej chr\u00e1nenej dielni s trpezlivos\u0165ou, s\u00fastreden\u00edm a rados\u0165ou z pr\u00e1ce. Ka\u017ed\u00fd kus pre\u0161iel rukami \u013eud\u00ed, ktor\u00ed do\u0148 nevkladaj\u00fa len v\u00fdpl\u0148, ale aj k\u00fasok seba. Je pr\u00edjemn\u00fd na dotyk, tak akur\u00e1t ve\u013ek\u00fd, aby si ho mohli privin\u00fa\u0165 deti, t\u00edned\u017eeri aj dospel\u00ed. Hod\u00ed sa...\" \/>\n<meta property=\"og:url\" content=\"https:\/\/www.domsvitania.sk\/?product=vankus-v-tvare-srdca\" \/>\n<meta property=\"og:site_name\" content=\"Dom Svitania\" \/>\n<meta property=\"article:publisher\" content=\"https:\/\/www.facebook.com\/domsvitaniask\" \/>\n<meta property=\"article:modified_time\" content=\"2026-03-02T08:08:41+00:00\" \/>\n<meta property=\"og:image\" content=\"https:\/\/www.domsvitania.sk\/wp-content\/uploads\/2026\/02\/IMG-20260227-WA0004.jpg\" \/>\n\t<meta property=\"og:image:width\" content=\"1537\" \/>\n\t<meta property=\"og:image:height\" content=\"2048\" \/>\n\t<meta property=\"og:image:type\" content=\"image\/jpeg\" \/>\n<meta name=\"twitter:card\" content=\"summary_large_image\" \/>\n<meta name=\"twitter:label1\" content=\"Predpokladan\u00fd \u010das \u010d\u00edtania\" \/>\n\t<meta name=\"twitter:data1\" content=\"1 min\u00fata\" \/>\n<script type=\"application\/ld+json\" class=\"yoast-schema-graph\">{\"@context\":\"https:\/\/schema.org\",\"@graph\":[{\"@type\":\"WebPage\",\"@id\":\"https:\/\/www.domsvitania.sk\/?product=vankus-v-tvare-srdca\",\"url\":\"https:\/\/www.domsvitania.sk\/?product=vankus-v-tvare-srdca\",\"name\":\"Vank\u00fa\u0161 v tvare srdca - Dom Svitania\",\"isPartOf\":{\"@id\":\"https:\/\/www.domsvitania.sk\/#website\"},\"primaryImageOfPage\":{\"@id\":\"https:\/\/www.domsvitania.sk\/?product=vankus-v-tvare-srdca#primaryimage\"},\"image\":{\"@id\":\"https:\/\/www.domsvitania.sk\/?product=vankus-v-tvare-srdca#primaryimage\"},\"thumbnailUrl\":\"https:\/\/www.domsvitania.sk\/wp-content\/uploads\/2026\/02\/IMG-20260227-WA0004.jpg\",\"datePublished\":\"2026-02-27T13:39:56+00:00\",\"dateModified\":\"2026-03-02T08:08:41+00:00\",\"breadcrumb\":{\"@id\":\"https:\/\/www.domsvitania.sk\/?product=vankus-v-tvare-srdca#breadcrumb\"},\"inLanguage\":\"sk-SK\",\"potentialAction\":[{\"@type\":\"ReadAction\",\"target\":[\"https:\/\/www.domsvitania.sk\/?product=vankus-v-tvare-srdca\"]}]},{\"@type\":\"ImageObject\",\"inLanguage\":\"sk-SK\",\"@id\":\"https:\/\/www.domsvitania.sk\/?product=vankus-v-tvare-srdca#primaryimage\",\"url\":\"https:\/\/www.domsvitania.sk\/wp-content\/uploads\/2026\/02\/IMG-20260227-WA0004.jpg\",\"contentUrl\":\"https:\/\/www.domsvitania.sk\/wp-content\/uploads\/2026\/02\/IMG-20260227-WA0004.jpg\",\"width\":1537,\"height\":2048},{\"@type\":\"BreadcrumbList\",\"@id\":\"https:\/\/www.domsvitania.sk\/?product=vankus-v-tvare-srdca#breadcrumb\",\"itemListElement\":[{\"@type\":\"ListItem\",\"position\":1,\"name\":\"Domovsk\u00e1 str\u00e1nka\",\"item\":\"https:\/\/www.domsvitania.sk\/\"},{\"@type\":\"ListItem\",\"position\":2,\"name\":\"E-shop\",\"item\":\"https:\/\/www.domsvitania.sk\/?page_id=550\"},{\"@type\":\"ListItem\",\"position\":3,\"name\":\"Vank\u00fa\u0161 v tvare srdca\"}]},{\"@type\":\"WebSite\",\"@id\":\"https:\/\/www.domsvitania.sk\/#website\",\"url\":\"https:\/\/www.domsvitania.sk\/\",\"name\":\"Dom Svitania\",\"description\":\"Rehabilita\u010dn\u00e9 stredisko a chr\u00e1nen\u00e1 diel\u0148a\",\"publisher\":{\"@id\":\"https:\/\/www.domsvitania.sk\/#organization\"},\"potentialAction\":[{\"@type\":\"SearchAction\",\"target\":{\"@type\":\"EntryPoint\",\"urlTemplate\":\"https:\/\/www.domsvitania.sk\/?s={search_term_string}\"},\"query-input\":{\"@type\":\"PropertyValueSpecification\",\"valueRequired\":true,\"valueName\":\"search_term_string\"}}],\"inLanguage\":\"sk-SK\"},{\"@type\":\"Organization\",\"@id\":\"https:\/\/www.domsvitania.sk\/#organization\",\"name\":\"Dom Svitania, n.o.\",\"url\":\"https:\/\/www.domsvitania.sk\/\",\"logo\":{\"@type\":\"ImageObject\",\"inLanguage\":\"sk-SK\",\"@id\":\"https:\/\/www.domsvitania.sk\/#\/schema\/logo\/image\/\",\"url\":\"https:\/\/www.domsvitania.sk\/wp-content\/uploads\/2023\/01\/dom_svitania_logo.jpg\",\"contentUrl\":\"https:\/\/www.domsvitania.sk\/wp-content\/uploads\/2023\/01\/dom_svitania_logo.jpg\",\"width\":243,\"height\":208,\"caption\":\"Dom Svitania, n.o.\"},\"image\":{\"@id\":\"https:\/\/www.domsvitania.sk\/#\/schema\/logo\/image\/\"},\"sameAs\":[\"https:\/\/www.facebook.com\/domsvitaniask\",\"https:\/\/www.instagram.com\/domsvitania\"]}]}<\/script>\n<!-- \/ Yoast SEO plugin. -->","yoast_head_json":{"title":"Vank\u00fa\u0161 v tvare srdca - Dom Svitania","robots":{"index":"index","follow":"follow","max-snippet":"max-snippet:-1","max-image-preview":"max-image-preview:large","max-video-preview":"max-video-preview:-1"},"canonical":"https:\/\/www.domsvitania.sk\/?product=vankus-v-tvare-srdca","og_locale":"sk_SK","og_type":"article","og_title":"Vank\u00fa\u0161 v tvare srdca - Dom Svitania","og_description":"Niektor\u00e9 veci nepotrebuj\u00fa ve\u013ek\u00e9 slov\u00e1. Sta\u010d\u00ed tvar srdca. Tento m\u00e4kk\u00fd vank\u00fa\u0161 vznikol v na\u0161ej chr\u00e1nenej dielni s trpezlivos\u0165ou, s\u00fastreden\u00edm a rados\u0165ou z pr\u00e1ce. Ka\u017ed\u00fd kus pre\u0161iel rukami \u013eud\u00ed, ktor\u00ed do\u0148 nevkladaj\u00fa len v\u00fdpl\u0148, ale aj k\u00fasok seba. Je pr\u00edjemn\u00fd na dotyk, tak akur\u00e1t ve\u013ek\u00fd, aby si ho mohli privin\u00fa\u0165 deti, t\u00edned\u017eeri aj dospel\u00ed. Hod\u00ed sa...","og_url":"https:\/\/www.domsvitania.sk\/?product=vankus-v-tvare-srdca","og_site_name":"Dom Svitania","article_publisher":"https:\/\/www.facebook.com\/domsvitaniask","article_modified_time":"2026-03-02T08:08:41+00:00","og_image":[{"width":1537,"height":2048,"url":"https:\/\/www.domsvitania.sk\/wp-content\/uploads\/2026\/02\/IMG-20260227-WA0004.jpg","type":"image\/jpeg"}],"twitter_card":"summary_large_image","twitter_misc":{"Predpokladan\u00fd \u010das \u010d\u00edtania":"1 min\u00fata"},"schema":{"@context":"https:\/\/schema.org","@graph":[{"@type":"WebPage","@id":"https:\/\/www.domsvitania.sk\/?product=vankus-v-tvare-srdca","url":"https:\/\/www.domsvitania.sk\/?product=vankus-v-tvare-srdca","name":"Vank\u00fa\u0161 v tvare srdca - Dom Svitania","isPartOf":{"@id":"https:\/\/www.domsvitania.sk\/#website"},"primaryImageOfPage":{"@id":"https:\/\/www.domsvitania.sk\/?product=vankus-v-tvare-srdca#primaryimage"},"image":{"@id":"https:\/\/www.domsvitania.sk\/?product=vankus-v-tvare-srdca#primaryimage"},"thumbnailUrl":"https:\/\/www.domsvitania.sk\/wp-content\/uploads\/2026\/02\/IMG-20260227-WA0004.jpg","datePublished":"2026-02-27T13:39:56+00:00","dateModified":"2026-03-02T08:08:41+00:00","breadcrumb":{"@id":"https:\/\/www.domsvitania.sk\/?product=vankus-v-tvare-srdca#breadcrumb"},"inLanguage":"sk-SK","potentialAction":[{"@type":"ReadAction","target":["https:\/\/www.domsvitania.sk\/?product=vankus-v-tvare-srdca"]}]},{"@type":"ImageObject","inLanguage":"sk-SK","@id":"https:\/\/www.domsvitania.sk\/?product=vankus-v-tvare-srdca#primaryimage","url":"https:\/\/www.domsvitania.sk\/wp-content\/uploads\/2026\/02\/IMG-20260227-WA0004.jpg","contentUrl":"https:\/\/www.domsvitania.sk\/wp-content\/uploads\/2026\/02\/IMG-20260227-WA0004.jpg","width":1537,"height":2048},{"@type":"BreadcrumbList","@id":"https:\/\/www.domsvitania.sk\/?product=vankus-v-tvare-srdca#breadcrumb","itemListElement":[{"@type":"ListItem","position":1,"name":"Domovsk\u00e1 str\u00e1nka","item":"https:\/\/www.domsvitania.sk\/"},{"@type":"ListItem","position":2,"name":"E-shop","item":"https:\/\/www.domsvitania.sk\/?page_id=550"},{"@type":"ListItem","position":3,"name":"Vank\u00fa\u0161 v tvare srdca"}]},{"@type":"WebSite","@id":"https:\/\/www.domsvitania.sk\/#website","url":"https:\/\/www.domsvitania.sk\/","name":"Dom Svitania","description":"Rehabilita\u010dn\u00e9 stredisko a chr\u00e1nen\u00e1 diel\u0148a","publisher":{"@id":"https:\/\/www.domsvitania.sk\/#organization"},"potentialAction":[{"@type":"SearchAction","target":{"@type":"EntryPoint","urlTemplate":"https:\/\/www.domsvitania.sk\/?s={search_term_string}"},"query-input":{"@type":"PropertyValueSpecification","valueRequired":true,"valueName":"search_term_string"}}],"inLanguage":"sk-SK"},{"@type":"Organization","@id":"https:\/\/www.domsvitania.sk\/#organization","name":"Dom Svitania, n.o.","url":"https:\/\/www.domsvitania.sk\/","logo":{"@type":"ImageObject","inLanguage":"sk-SK","@id":"https:\/\/www.domsvitania.sk\/#\/schema\/logo\/image\/","url":"https:\/\/www.domsvitania.sk\/wp-content\/uploads\/2023\/01\/dom_svitania_logo.jpg","contentUrl":"https:\/\/www.domsvitania.sk\/wp-content\/uploads\/2023\/01\/dom_svitania_logo.jpg","width":243,"height":208,"caption":"Dom Svitania, n.o."},"image":{"@id":"https:\/\/www.domsvitania.sk\/#\/schema\/logo\/image\/"},"sameAs":["https:\/\/www.facebook.com\/domsvitaniask","https:\/\/www.instagram.com\/domsvitania"]}]}},"jetpack_sharing_enabled":true,"_links":{"self":[{"href":"https:\/\/www.domsvitania.sk\/index.php?rest_route=\/wp\/v2\/product\/3184","targetHints":{"allow":["GET"]}}],"collection":[{"href":"https:\/\/www.domsvitania.sk\/index.php?rest_route=\/wp\/v2\/product"}],"about":[{"href":"https:\/\/www.domsvitania.sk\/index.php?rest_route=\/wp\/v2\/types\/product"}],"replies":[{"embeddable":true,"href":"https:\/\/www.domsvitania.sk\/index.php?rest_route=%2Fwp%2Fv2%2Fcomments&post=3184"}],"wp:featuredmedia":[{"embeddable":true,"href":"https:\/\/www.domsvitania.sk\/index.php?rest_route=\/wp\/v2\/media\/3185"}],"wp:attachment":[{"href":"https:\/\/www.domsvitania.sk\/index.php?rest_route=%2Fwp%2Fv2%2Fmedia&parent=3184"}],"wp:term":[{"taxonomy":"product_brand","embeddable":true,"href":"https:\/\/www.domsvitania.sk\/index.php?rest_route=%2Fwp%2Fv2%2Fproduct_brand&post=3184"},{"taxonomy":"product_cat","embeddable":true,"href":"https:\/\/www.domsvitania.sk\/index.php?rest_route=%2Fwp%2Fv2%2Fproduct_cat&post=3184"},{"taxonomy":"product_tag","embeddable":true,"href":"https:\/\/www.domsvitania.sk\/index.php?rest_route=%2Fwp%2Fv2%2Fproduct_tag&post=3184"}],"curies":[{"name":"wp","href":"https:\/\/api.w.org\/{rel}","templated":true}]}}