{"id":3197,"date":"2026-02-27T14:45:56","date_gmt":"2026-02-27T13:45:56","guid":{"rendered":"https:\/\/www.domsvitania.sk\/?post_type=product&#038;p=3197"},"modified":"2026-03-02T14:06:48","modified_gmt":"2026-03-02T13:06:48","slug":"brosna-divy-mak","status":"publish","type":"product","link":"https:\/\/www.domsvitania.sk\/?product=brosna-divy-mak","title":{"rendered":"Bro\u0161\u0148a Div\u00fd mak"},"content":{"rendered":"<p data-start=\"93\" data-end=\"164\">Div\u00fd mak nerastie potichu.<br data-start=\"119\" data-end=\"122\" \/>Je odv\u00e1\u017eny, v\u00fdrazn\u00fd a ned\u00e1 sa prehliadnu\u0165.<\/p>\n<p data-start=\"166\" data-end=\"425\">Na\u0161a h\u00e1\u010dkovan\u00e1 bro\u0161\u0148a s mot\u00edvom div\u00e9ho maku vznikla pomaly \u2013 o\u010dko po o\u010dku \u2013 v ruk\u00e1ch \u013eud\u00ed z na\u0161ej chr\u00e1nenej dielne. Ka\u017ed\u00fd lupienok je vytvoren\u00fd s trpezlivos\u0165ou a s\u00fastreden\u00edm. Stred zdob\u00ed starostlivo pri\u0161it\u00fd gomb\u00edk, ktor\u00fd kvetu dod\u00e1va osobitos\u0165 a jemn\u00fd detail.<\/p>\n<p data-start=\"166\" data-end=\"425\">Je zabalen\u00e1 v kr\u00e1snej dar\u010dekovej krabi\u010dke vyrobenej ru\u010dne v na\u0161ich \u0161ikovn\u00fdch ruk\u00e1ch.<\/p>\n<p data-start=\"427\" data-end=\"591\">Je \u013eahk\u00e1, no v\u00fdrazn\u00e1.<br data-start=\"448\" data-end=\"451\" \/>O\u017eiv\u00ed kab\u00e1t, sako, \u0161aty aj jednoduch\u00fa \u013eanov\u00fa ko\u0161e\u013eu.<\/p>\n<p data-start=\"427\" data-end=\"591\">Ke\u010f si pripnete n\u00e1\u0161 Div\u00fd mak, neprip\u00ednate si len ozdobu.<br data-start=\"848\" data-end=\"851\" \/>Prip\u00ednate si pr\u00edbeh pr\u00e1ce, ktor\u00e1 m\u00e1 zmysel.<\/p>\n","protected":false},"excerpt":{"rendered":"<p>Div\u00fd mak nerastie potichu.Je odv\u00e1\u017eny, v\u00fdrazn\u00fd a ned\u00e1 sa prehliadnu\u0165. Na\u0161a h\u00e1\u010dkovan\u00e1 bro\u0161\u0148a s mot\u00edvom div\u00e9ho maku vznikla pomaly \u2013 o\u010dko po o\u010dku \u2013 v ruk\u00e1ch \u013eud\u00ed z na\u0161ej chr\u00e1nenej dielne. Ka\u017ed\u00fd lupienok je vytvoren\u00fd s trpezlivos\u0165ou a s\u00fastreden\u00edm. Stred zdob\u00ed starostlivo pri\u0161it\u00fd gomb\u00edk, ktor\u00fd kvetu dod\u00e1va osobitos\u0165 a jemn\u00fd detail. Je zabalen\u00e1 v kr\u00e1snej&#8230;<\/p>\n","protected":false},"featured_media":3196,"comment_status":"closed","ping_status":"closed","template":"","meta":{"_kad_post_transparent":"default","_kad_post_title":"","_kad_post_layout":"default","_kad_post_sidebar_id":"","_kad_post_content_style":"default","_kad_post_vertical_padding":"default","_kad_post_feature":"","_kad_post_feature_position":"","_kad_post_header":false,"_kad_post_footer":false,"_kad_post_classname":""},"product_brand":[],"product_cat":[66],"product_tag":[],"class_list":{"0":"post-3197","1":"product","2":"type-product","3":"status-publish","4":"has-post-thumbnail","6":"product_cat-male-radosti-na-kazdodenne-nosenie","8":"first","9":"instock","10":"shipping-taxable","11":"purchasable","12":"product-type-variable","13":"entry","14":"content-bg","15":"loop-entry"},"yoast_head":"<!-- This site is optimized with the Yoast SEO plugin v26.7 - https:\/\/yoast.com\/wordpress\/plugins\/seo\/ -->\n<title>Bro\u0161\u0148a Div\u00fd mak - Dom Svitania<\/title>\n<meta name=\"robots\" content=\"index, follow, max-snippet:-1, max-image-preview:large, max-video-preview:-1\" \/>\n<link rel=\"canonical\" href=\"https:\/\/www.domsvitania.sk\/?product=brosna-divy-mak\" \/>\n<meta property=\"og:locale\" content=\"sk_SK\" \/>\n<meta property=\"og:type\" content=\"article\" \/>\n<meta property=\"og:title\" content=\"Bro\u0161\u0148a Div\u00fd mak - Dom Svitania\" \/>\n<meta property=\"og:description\" content=\"Div\u00fd mak nerastie potichu.Je odv\u00e1\u017eny, v\u00fdrazn\u00fd a ned\u00e1 sa prehliadnu\u0165. Na\u0161a h\u00e1\u010dkovan\u00e1 bro\u0161\u0148a s mot\u00edvom div\u00e9ho maku vznikla pomaly \u2013 o\u010dko po o\u010dku \u2013 v ruk\u00e1ch \u013eud\u00ed z na\u0161ej chr\u00e1nenej dielne. Ka\u017ed\u00fd lupienok je vytvoren\u00fd s trpezlivos\u0165ou a s\u00fastreden\u00edm. Stred zdob\u00ed starostlivo pri\u0161it\u00fd gomb\u00edk, ktor\u00fd kvetu dod\u00e1va osobitos\u0165 a jemn\u00fd detail. Je zabalen\u00e1 v kr\u00e1snej...\" \/>\n<meta property=\"og:url\" content=\"https:\/\/www.domsvitania.sk\/?product=brosna-divy-mak\" \/>\n<meta property=\"og:site_name\" content=\"Dom Svitania\" \/>\n<meta property=\"article:publisher\" content=\"https:\/\/www.facebook.com\/domsvitaniask\" \/>\n<meta property=\"article:modified_time\" content=\"2026-03-02T13:06:48+00:00\" \/>\n<meta property=\"og:image\" content=\"https:\/\/www.domsvitania.sk\/wp-content\/uploads\/2026\/02\/IMG-20260227-WA0002.jpg\" \/>\n\t<meta property=\"og:image:width\" content=\"1537\" \/>\n\t<meta property=\"og:image:height\" content=\"2048\" \/>\n\t<meta property=\"og:image:type\" content=\"image\/jpeg\" \/>\n<meta name=\"twitter:card\" content=\"summary_large_image\" \/>\n<meta name=\"twitter:label1\" content=\"Predpokladan\u00fd \u010das \u010d\u00edtania\" \/>\n\t<meta name=\"twitter:data1\" content=\"1 min\u00fata\" \/>\n<script type=\"application\/ld+json\" class=\"yoast-schema-graph\">{\"@context\":\"https:\/\/schema.org\",\"@graph\":[{\"@type\":\"WebPage\",\"@id\":\"https:\/\/www.domsvitania.sk\/?product=brosna-divy-mak\",\"url\":\"https:\/\/www.domsvitania.sk\/?product=brosna-divy-mak\",\"name\":\"Bro\u0161\u0148a Div\u00fd mak - Dom Svitania\",\"isPartOf\":{\"@id\":\"https:\/\/www.domsvitania.sk\/#website\"},\"primaryImageOfPage\":{\"@id\":\"https:\/\/www.domsvitania.sk\/?product=brosna-divy-mak#primaryimage\"},\"image\":{\"@id\":\"https:\/\/www.domsvitania.sk\/?product=brosna-divy-mak#primaryimage\"},\"thumbnailUrl\":\"https:\/\/www.domsvitania.sk\/wp-content\/uploads\/2026\/02\/IMG-20260227-WA0002.jpg\",\"datePublished\":\"2026-02-27T13:45:56+00:00\",\"dateModified\":\"2026-03-02T13:06:48+00:00\",\"breadcrumb\":{\"@id\":\"https:\/\/www.domsvitania.sk\/?product=brosna-divy-mak#breadcrumb\"},\"inLanguage\":\"sk-SK\",\"potentialAction\":[{\"@type\":\"ReadAction\",\"target\":[\"https:\/\/www.domsvitania.sk\/?product=brosna-divy-mak\"]}]},{\"@type\":\"ImageObject\",\"inLanguage\":\"sk-SK\",\"@id\":\"https:\/\/www.domsvitania.sk\/?product=brosna-divy-mak#primaryimage\",\"url\":\"https:\/\/www.domsvitania.sk\/wp-content\/uploads\/2026\/02\/IMG-20260227-WA0002.jpg\",\"contentUrl\":\"https:\/\/www.domsvitania.sk\/wp-content\/uploads\/2026\/02\/IMG-20260227-WA0002.jpg\",\"width\":1537,\"height\":2048},{\"@type\":\"BreadcrumbList\",\"@id\":\"https:\/\/www.domsvitania.sk\/?product=brosna-divy-mak#breadcrumb\",\"itemListElement\":[{\"@type\":\"ListItem\",\"position\":1,\"name\":\"Domovsk\u00e1 str\u00e1nka\",\"item\":\"https:\/\/www.domsvitania.sk\/\"},{\"@type\":\"ListItem\",\"position\":2,\"name\":\"E-shop\",\"item\":\"https:\/\/www.domsvitania.sk\/?page_id=550\"},{\"@type\":\"ListItem\",\"position\":3,\"name\":\"Bro\u0161\u0148a Div\u00fd mak\"}]},{\"@type\":\"WebSite\",\"@id\":\"https:\/\/www.domsvitania.sk\/#website\",\"url\":\"https:\/\/www.domsvitania.sk\/\",\"name\":\"Dom Svitania\",\"description\":\"Rehabilita\u010dn\u00e9 stredisko a chr\u00e1nen\u00e1 diel\u0148a\",\"publisher\":{\"@id\":\"https:\/\/www.domsvitania.sk\/#organization\"},\"potentialAction\":[{\"@type\":\"SearchAction\",\"target\":{\"@type\":\"EntryPoint\",\"urlTemplate\":\"https:\/\/www.domsvitania.sk\/?s={search_term_string}\"},\"query-input\":{\"@type\":\"PropertyValueSpecification\",\"valueRequired\":true,\"valueName\":\"search_term_string\"}}],\"inLanguage\":\"sk-SK\"},{\"@type\":\"Organization\",\"@id\":\"https:\/\/www.domsvitania.sk\/#organization\",\"name\":\"Dom Svitania, n.o.\",\"url\":\"https:\/\/www.domsvitania.sk\/\",\"logo\":{\"@type\":\"ImageObject\",\"inLanguage\":\"sk-SK\",\"@id\":\"https:\/\/www.domsvitania.sk\/#\/schema\/logo\/image\/\",\"url\":\"https:\/\/www.domsvitania.sk\/wp-content\/uploads\/2023\/01\/dom_svitania_logo.jpg\",\"contentUrl\":\"https:\/\/www.domsvitania.sk\/wp-content\/uploads\/2023\/01\/dom_svitania_logo.jpg\",\"width\":243,\"height\":208,\"caption\":\"Dom Svitania, n.o.\"},\"image\":{\"@id\":\"https:\/\/www.domsvitania.sk\/#\/schema\/logo\/image\/\"},\"sameAs\":[\"https:\/\/www.facebook.com\/domsvitaniask\",\"https:\/\/www.instagram.com\/domsvitania\"]}]}<\/script>\n<!-- \/ Yoast SEO plugin. -->","yoast_head_json":{"title":"Bro\u0161\u0148a Div\u00fd mak - Dom Svitania","robots":{"index":"index","follow":"follow","max-snippet":"max-snippet:-1","max-image-preview":"max-image-preview:large","max-video-preview":"max-video-preview:-1"},"canonical":"https:\/\/www.domsvitania.sk\/?product=brosna-divy-mak","og_locale":"sk_SK","og_type":"article","og_title":"Bro\u0161\u0148a Div\u00fd mak - Dom Svitania","og_description":"Div\u00fd mak nerastie potichu.Je odv\u00e1\u017eny, v\u00fdrazn\u00fd a ned\u00e1 sa prehliadnu\u0165. Na\u0161a h\u00e1\u010dkovan\u00e1 bro\u0161\u0148a s mot\u00edvom div\u00e9ho maku vznikla pomaly \u2013 o\u010dko po o\u010dku \u2013 v ruk\u00e1ch \u013eud\u00ed z na\u0161ej chr\u00e1nenej dielne. Ka\u017ed\u00fd lupienok je vytvoren\u00fd s trpezlivos\u0165ou a s\u00fastreden\u00edm. Stred zdob\u00ed starostlivo pri\u0161it\u00fd gomb\u00edk, ktor\u00fd kvetu dod\u00e1va osobitos\u0165 a jemn\u00fd detail. Je zabalen\u00e1 v kr\u00e1snej...","og_url":"https:\/\/www.domsvitania.sk\/?product=brosna-divy-mak","og_site_name":"Dom Svitania","article_publisher":"https:\/\/www.facebook.com\/domsvitaniask","article_modified_time":"2026-03-02T13:06:48+00:00","og_image":[{"width":1537,"height":2048,"url":"https:\/\/www.domsvitania.sk\/wp-content\/uploads\/2026\/02\/IMG-20260227-WA0002.jpg","type":"image\/jpeg"}],"twitter_card":"summary_large_image","twitter_misc":{"Predpokladan\u00fd \u010das \u010d\u00edtania":"1 min\u00fata"},"schema":{"@context":"https:\/\/schema.org","@graph":[{"@type":"WebPage","@id":"https:\/\/www.domsvitania.sk\/?product=brosna-divy-mak","url":"https:\/\/www.domsvitania.sk\/?product=brosna-divy-mak","name":"Bro\u0161\u0148a Div\u00fd mak - Dom Svitania","isPartOf":{"@id":"https:\/\/www.domsvitania.sk\/#website"},"primaryImageOfPage":{"@id":"https:\/\/www.domsvitania.sk\/?product=brosna-divy-mak#primaryimage"},"image":{"@id":"https:\/\/www.domsvitania.sk\/?product=brosna-divy-mak#primaryimage"},"thumbnailUrl":"https:\/\/www.domsvitania.sk\/wp-content\/uploads\/2026\/02\/IMG-20260227-WA0002.jpg","datePublished":"2026-02-27T13:45:56+00:00","dateModified":"2026-03-02T13:06:48+00:00","breadcrumb":{"@id":"https:\/\/www.domsvitania.sk\/?product=brosna-divy-mak#breadcrumb"},"inLanguage":"sk-SK","potentialAction":[{"@type":"ReadAction","target":["https:\/\/www.domsvitania.sk\/?product=brosna-divy-mak"]}]},{"@type":"ImageObject","inLanguage":"sk-SK","@id":"https:\/\/www.domsvitania.sk\/?product=brosna-divy-mak#primaryimage","url":"https:\/\/www.domsvitania.sk\/wp-content\/uploads\/2026\/02\/IMG-20260227-WA0002.jpg","contentUrl":"https:\/\/www.domsvitania.sk\/wp-content\/uploads\/2026\/02\/IMG-20260227-WA0002.jpg","width":1537,"height":2048},{"@type":"BreadcrumbList","@id":"https:\/\/www.domsvitania.sk\/?product=brosna-divy-mak#breadcrumb","itemListElement":[{"@type":"ListItem","position":1,"name":"Domovsk\u00e1 str\u00e1nka","item":"https:\/\/www.domsvitania.sk\/"},{"@type":"ListItem","position":2,"name":"E-shop","item":"https:\/\/www.domsvitania.sk\/?page_id=550"},{"@type":"ListItem","position":3,"name":"Bro\u0161\u0148a Div\u00fd mak"}]},{"@type":"WebSite","@id":"https:\/\/www.domsvitania.sk\/#website","url":"https:\/\/www.domsvitania.sk\/","name":"Dom Svitania","description":"Rehabilita\u010dn\u00e9 stredisko a chr\u00e1nen\u00e1 diel\u0148a","publisher":{"@id":"https:\/\/www.domsvitania.sk\/#organization"},"potentialAction":[{"@type":"SearchAction","target":{"@type":"EntryPoint","urlTemplate":"https:\/\/www.domsvitania.sk\/?s={search_term_string}"},"query-input":{"@type":"PropertyValueSpecification","valueRequired":true,"valueName":"search_term_string"}}],"inLanguage":"sk-SK"},{"@type":"Organization","@id":"https:\/\/www.domsvitania.sk\/#organization","name":"Dom Svitania, n.o.","url":"https:\/\/www.domsvitania.sk\/","logo":{"@type":"ImageObject","inLanguage":"sk-SK","@id":"https:\/\/www.domsvitania.sk\/#\/schema\/logo\/image\/","url":"https:\/\/www.domsvitania.sk\/wp-content\/uploads\/2023\/01\/dom_svitania_logo.jpg","contentUrl":"https:\/\/www.domsvitania.sk\/wp-content\/uploads\/2023\/01\/dom_svitania_logo.jpg","width":243,"height":208,"caption":"Dom Svitania, n.o."},"image":{"@id":"https:\/\/www.domsvitania.sk\/#\/schema\/logo\/image\/"},"sameAs":["https:\/\/www.facebook.com\/domsvitaniask","https:\/\/www.instagram.com\/domsvitania"]}]}},"jetpack_sharing_enabled":true,"_links":{"self":[{"href":"https:\/\/www.domsvitania.sk\/index.php?rest_route=\/wp\/v2\/product\/3197","targetHints":{"allow":["GET"]}}],"collection":[{"href":"https:\/\/www.domsvitania.sk\/index.php?rest_route=\/wp\/v2\/product"}],"about":[{"href":"https:\/\/www.domsvitania.sk\/index.php?rest_route=\/wp\/v2\/types\/product"}],"replies":[{"embeddable":true,"href":"https:\/\/www.domsvitania.sk\/index.php?rest_route=%2Fwp%2Fv2%2Fcomments&post=3197"}],"wp:featuredmedia":[{"embeddable":true,"href":"https:\/\/www.domsvitania.sk\/index.php?rest_route=\/wp\/v2\/media\/3196"}],"wp:attachment":[{"href":"https:\/\/www.domsvitania.sk\/index.php?rest_route=%2Fwp%2Fv2%2Fmedia&parent=3197"}],"wp:term":[{"taxonomy":"product_brand","embeddable":true,"href":"https:\/\/www.domsvitania.sk\/index.php?rest_route=%2Fwp%2Fv2%2Fproduct_brand&post=3197"},{"taxonomy":"product_cat","embeddable":true,"href":"https:\/\/www.domsvitania.sk\/index.php?rest_route=%2Fwp%2Fv2%2Fproduct_cat&post=3197"},{"taxonomy":"product_tag","embeddable":true,"href":"https:\/\/www.domsvitania.sk\/index.php?rest_route=%2Fwp%2Fv2%2Fproduct_tag&post=3197"}],"curies":[{"name":"wp","href":"https:\/\/api.w.org\/{rel}","templated":true}]}}