{"id":3198,"date":"2026-02-27T14:51:22","date_gmt":"2026-02-27T13:51:22","guid":{"rendered":"https:\/\/www.domsvitania.sk\/?post_type=product&#038;p=3198"},"modified":"2026-03-02T14:27:12","modified_gmt":"2026-03-02T13:27:12","slug":"rucne-robeny-diar","status":"publish","type":"product","link":"https:\/\/www.domsvitania.sk\/?product=rucne-robeny-diar","title":{"rendered":"Ru\u010dne roben\u00fd di\u00e1r"},"content":{"rendered":"<p data-start=\"135\" data-end=\"213\">Niektor\u00e9 dni si zasl\u00fa\u017eia by\u0165 zap\u00edsan\u00e9.<br data-start=\"173\" data-end=\"176\" \/>Niektor\u00e9 sny potrebuj\u00fa svoj priestor.<\/p>\n<p data-start=\"215\" data-end=\"417\">N\u00e1\u0161 ru\u010dne roben\u00fd di\u00e1r vznik\u00e1 v chr\u00e1nenej dielni Domu Svitania \u2013 pomaly, s d\u00f4razom na detail a poctiv\u00fa pr\u00e1cu. Ka\u017ed\u00fd kus prejde rukami \u013eud\u00ed, ktor\u00ed do\u0148 vkladaj\u00fa s\u00fastredenie, trpezlivos\u0165 aj rados\u0165 z tvorby.<\/p>\n<p data-start=\"419\" data-end=\"679\"><strong data-start=\"419\" data-end=\"459\">Kompaktn\u00fd form\u00e1t A6 (10,5 \u00d7 14,8 cm)<\/strong> ho rob\u00ed ide\u00e1lnym spolo\u010dn\u00edkom na ka\u017ed\u00fd de\u0148 \u2013 pohodlne sa zmest\u00ed do kabelky, batohu alebo dokonca do v\u00e4\u010d\u0161ieho vrecka. Je praktick\u00fd, no st\u00e1le poskytuje dostatok priestoru pre pl\u00e1ny, pozn\u00e1mky a mal\u00e9 v\u00ed\u0165azstv\u00e1 ka\u017edodennosti.<\/p>\n<h3 data-start=\"681\" data-end=\"704\">Pre\u010do si ho vybra\u0165?<\/h3>\n<ul data-start=\"705\" data-end=\"871\">\n<li data-start=\"705\" data-end=\"748\">\n<p data-start=\"707\" data-end=\"748\">\ud83d\udcd6 ru\u010dn\u00e1 v\u00fdroba \u2013 ka\u017ed\u00fd kus je origin\u00e1l<\/p>\n<\/li>\n<li data-start=\"749\" data-end=\"794\">\n<p data-start=\"751\" data-end=\"794\">\ud83d\udcd6 praktick\u00fd A6 form\u00e1t, ide\u00e1lny kamko\u013evek<\/p>\n<\/li>\n<li data-start=\"795\" data-end=\"840\">\n<p data-start=\"797\" data-end=\"840\">\ud83d\udcd6 kvalitn\u00e9 spracovanie a d\u00f4raz na detail<\/p>\n<\/li>\n<li data-start=\"841\" data-end=\"871\">\n<p data-start=\"843\" data-end=\"871\">\ud83d\udcd6 dar\u010dek, ktor\u00fd m\u00e1 zmysel<\/p>\n<\/li>\n<\/ul>\n<p data-start=\"873\" data-end=\"1065\">Ke\u010f si k\u00fapite tento di\u00e1r, nekupujete si len miesto na pozn\u00e1mky.<br data-start=\"936\" data-end=\"939\" \/>Podporujete pracovn\u00e9 pr\u00edle\u017eitosti pre \u013eud\u00ed s ment\u00e1lnym postihnut\u00edm a d\u00e1vate hodnotu pr\u00e1ci, ktor\u00e1 vznik\u00e1 poctivo a s re\u0161pektom.<\/p>\n<p data-start=\"1067\" data-end=\"1184\">V Dome Svitania ver\u00edme, \u017ee kvalita a \u013eudskos\u0165 patria k sebe.<br data-start=\"1127\" data-end=\"1130\" \/>A \u017ee aj mal\u00fd di\u00e1r m\u00f4\u017ee by\u0165 za\u010diatkom ve\u013ek\u00fdch pl\u00e1nov.<\/p>\n","protected":false},"excerpt":{"rendered":"<p>Niektor\u00e9 dni si zasl\u00fa\u017eia by\u0165 zap\u00edsan\u00e9.Niektor\u00e9 sny potrebuj\u00fa svoj priestor. N\u00e1\u0161 ru\u010dne roben\u00fd di\u00e1r vznik\u00e1 v chr\u00e1nenej dielni Domu Svitania \u2013 pomaly, s d\u00f4razom na detail a poctiv\u00fa pr\u00e1cu. Ka\u017ed\u00fd kus prejde rukami \u013eud\u00ed, ktor\u00ed do\u0148 vkladaj\u00fa s\u00fastredenie, trpezlivos\u0165 aj rados\u0165 z tvorby. Kompaktn\u00fd form\u00e1t A6 (10,5 \u00d7 14,8 cm) ho rob\u00ed ide\u00e1lnym spolo\u010dn\u00edkom na&#8230;<\/p>\n","protected":false},"featured_media":3192,"comment_status":"closed","ping_status":"closed","template":"","meta":{"_kad_post_transparent":"default","_kad_post_title":"","_kad_post_layout":"default","_kad_post_sidebar_id":"","_kad_post_content_style":"default","_kad_post_vertical_padding":"default","_kad_post_feature":"","_kad_post_feature_position":"","_kad_post_header":false,"_kad_post_footer":false,"_kad_post_classname":""},"product_brand":[],"product_cat":[66],"product_tag":[],"class_list":{"0":"post-3198","1":"product","2":"type-product","3":"status-publish","4":"has-post-thumbnail","6":"product_cat-male-radosti-na-kazdodenne-nosenie","8":"first","9":"instock","10":"shipping-taxable","11":"purchasable","12":"product-type-simple","13":"entry","14":"content-bg","15":"loop-entry"},"yoast_head":"<!-- This site is optimized with the Yoast SEO plugin v26.7 - https:\/\/yoast.com\/wordpress\/plugins\/seo\/ -->\n<title>Ru\u010dne roben\u00fd di\u00e1r - Dom Svitania<\/title>\n<meta name=\"robots\" content=\"index, follow, max-snippet:-1, max-image-preview:large, max-video-preview:-1\" \/>\n<link rel=\"canonical\" href=\"https:\/\/www.domsvitania.sk\/?product=rucne-robeny-diar\" \/>\n<meta property=\"og:locale\" content=\"sk_SK\" \/>\n<meta property=\"og:type\" content=\"article\" \/>\n<meta property=\"og:title\" content=\"Ru\u010dne roben\u00fd di\u00e1r - Dom Svitania\" \/>\n<meta property=\"og:description\" content=\"Niektor\u00e9 dni si zasl\u00fa\u017eia by\u0165 zap\u00edsan\u00e9.Niektor\u00e9 sny potrebuj\u00fa svoj priestor. N\u00e1\u0161 ru\u010dne roben\u00fd di\u00e1r vznik\u00e1 v chr\u00e1nenej dielni Domu Svitania \u2013 pomaly, s d\u00f4razom na detail a poctiv\u00fa pr\u00e1cu. Ka\u017ed\u00fd kus prejde rukami \u013eud\u00ed, ktor\u00ed do\u0148 vkladaj\u00fa s\u00fastredenie, trpezlivos\u0165 aj rados\u0165 z tvorby. Kompaktn\u00fd form\u00e1t A6 (10,5 \u00d7 14,8 cm) ho rob\u00ed ide\u00e1lnym spolo\u010dn\u00edkom na...\" \/>\n<meta property=\"og:url\" content=\"https:\/\/www.domsvitania.sk\/?product=rucne-robeny-diar\" \/>\n<meta property=\"og:site_name\" content=\"Dom Svitania\" \/>\n<meta property=\"article:publisher\" content=\"https:\/\/www.facebook.com\/domsvitaniask\" \/>\n<meta property=\"article:modified_time\" content=\"2026-03-02T13:27:12+00:00\" \/>\n<meta property=\"og:image\" content=\"https:\/\/www.domsvitania.sk\/wp-content\/uploads\/2026\/02\/IMG-20260227-WA0003-1.jpg\" \/>\n\t<meta property=\"og:image:width\" content=\"1537\" \/>\n\t<meta property=\"og:image:height\" content=\"2048\" \/>\n\t<meta property=\"og:image:type\" content=\"image\/jpeg\" \/>\n<meta name=\"twitter:card\" content=\"summary_large_image\" \/>\n<meta name=\"twitter:label1\" content=\"Predpokladan\u00fd \u010das \u010d\u00edtania\" \/>\n\t<meta name=\"twitter:data1\" content=\"2 min\u00faty\" \/>\n<script type=\"application\/ld+json\" class=\"yoast-schema-graph\">{\"@context\":\"https:\/\/schema.org\",\"@graph\":[{\"@type\":\"WebPage\",\"@id\":\"https:\/\/www.domsvitania.sk\/?product=rucne-robeny-diar\",\"url\":\"https:\/\/www.domsvitania.sk\/?product=rucne-robeny-diar\",\"name\":\"Ru\u010dne roben\u00fd di\u00e1r - Dom Svitania\",\"isPartOf\":{\"@id\":\"https:\/\/www.domsvitania.sk\/#website\"},\"primaryImageOfPage\":{\"@id\":\"https:\/\/www.domsvitania.sk\/?product=rucne-robeny-diar#primaryimage\"},\"image\":{\"@id\":\"https:\/\/www.domsvitania.sk\/?product=rucne-robeny-diar#primaryimage\"},\"thumbnailUrl\":\"https:\/\/www.domsvitania.sk\/wp-content\/uploads\/2026\/02\/IMG-20260227-WA0003-1.jpg\",\"datePublished\":\"2026-02-27T13:51:22+00:00\",\"dateModified\":\"2026-03-02T13:27:12+00:00\",\"breadcrumb\":{\"@id\":\"https:\/\/www.domsvitania.sk\/?product=rucne-robeny-diar#breadcrumb\"},\"inLanguage\":\"sk-SK\",\"potentialAction\":[{\"@type\":\"ReadAction\",\"target\":[\"https:\/\/www.domsvitania.sk\/?product=rucne-robeny-diar\"]}]},{\"@type\":\"ImageObject\",\"inLanguage\":\"sk-SK\",\"@id\":\"https:\/\/www.domsvitania.sk\/?product=rucne-robeny-diar#primaryimage\",\"url\":\"https:\/\/www.domsvitania.sk\/wp-content\/uploads\/2026\/02\/IMG-20260227-WA0003-1.jpg\",\"contentUrl\":\"https:\/\/www.domsvitania.sk\/wp-content\/uploads\/2026\/02\/IMG-20260227-WA0003-1.jpg\",\"width\":1537,\"height\":2048},{\"@type\":\"BreadcrumbList\",\"@id\":\"https:\/\/www.domsvitania.sk\/?product=rucne-robeny-diar#breadcrumb\",\"itemListElement\":[{\"@type\":\"ListItem\",\"position\":1,\"name\":\"Domovsk\u00e1 str\u00e1nka\",\"item\":\"https:\/\/www.domsvitania.sk\/\"},{\"@type\":\"ListItem\",\"position\":2,\"name\":\"E-shop\",\"item\":\"https:\/\/www.domsvitania.sk\/?page_id=550\"},{\"@type\":\"ListItem\",\"position\":3,\"name\":\"Ru\u010dne roben\u00fd di\u00e1r\"}]},{\"@type\":\"WebSite\",\"@id\":\"https:\/\/www.domsvitania.sk\/#website\",\"url\":\"https:\/\/www.domsvitania.sk\/\",\"name\":\"Dom Svitania\",\"description\":\"Rehabilita\u010dn\u00e9 stredisko a chr\u00e1nen\u00e1 diel\u0148a\",\"publisher\":{\"@id\":\"https:\/\/www.domsvitania.sk\/#organization\"},\"potentialAction\":[{\"@type\":\"SearchAction\",\"target\":{\"@type\":\"EntryPoint\",\"urlTemplate\":\"https:\/\/www.domsvitania.sk\/?s={search_term_string}\"},\"query-input\":{\"@type\":\"PropertyValueSpecification\",\"valueRequired\":true,\"valueName\":\"search_term_string\"}}],\"inLanguage\":\"sk-SK\"},{\"@type\":\"Organization\",\"@id\":\"https:\/\/www.domsvitania.sk\/#organization\",\"name\":\"Dom Svitania, n.o.\",\"url\":\"https:\/\/www.domsvitania.sk\/\",\"logo\":{\"@type\":\"ImageObject\",\"inLanguage\":\"sk-SK\",\"@id\":\"https:\/\/www.domsvitania.sk\/#\/schema\/logo\/image\/\",\"url\":\"https:\/\/www.domsvitania.sk\/wp-content\/uploads\/2023\/01\/dom_svitania_logo.jpg\",\"contentUrl\":\"https:\/\/www.domsvitania.sk\/wp-content\/uploads\/2023\/01\/dom_svitania_logo.jpg\",\"width\":243,\"height\":208,\"caption\":\"Dom Svitania, n.o.\"},\"image\":{\"@id\":\"https:\/\/www.domsvitania.sk\/#\/schema\/logo\/image\/\"},\"sameAs\":[\"https:\/\/www.facebook.com\/domsvitaniask\",\"https:\/\/www.instagram.com\/domsvitania\"]}]}<\/script>\n<!-- \/ Yoast SEO plugin. -->","yoast_head_json":{"title":"Ru\u010dne roben\u00fd di\u00e1r - Dom Svitania","robots":{"index":"index","follow":"follow","max-snippet":"max-snippet:-1","max-image-preview":"max-image-preview:large","max-video-preview":"max-video-preview:-1"},"canonical":"https:\/\/www.domsvitania.sk\/?product=rucne-robeny-diar","og_locale":"sk_SK","og_type":"article","og_title":"Ru\u010dne roben\u00fd di\u00e1r - Dom Svitania","og_description":"Niektor\u00e9 dni si zasl\u00fa\u017eia by\u0165 zap\u00edsan\u00e9.Niektor\u00e9 sny potrebuj\u00fa svoj priestor. N\u00e1\u0161 ru\u010dne roben\u00fd di\u00e1r vznik\u00e1 v chr\u00e1nenej dielni Domu Svitania \u2013 pomaly, s d\u00f4razom na detail a poctiv\u00fa pr\u00e1cu. Ka\u017ed\u00fd kus prejde rukami \u013eud\u00ed, ktor\u00ed do\u0148 vkladaj\u00fa s\u00fastredenie, trpezlivos\u0165 aj rados\u0165 z tvorby. Kompaktn\u00fd form\u00e1t A6 (10,5 \u00d7 14,8 cm) ho rob\u00ed ide\u00e1lnym spolo\u010dn\u00edkom na...","og_url":"https:\/\/www.domsvitania.sk\/?product=rucne-robeny-diar","og_site_name":"Dom Svitania","article_publisher":"https:\/\/www.facebook.com\/domsvitaniask","article_modified_time":"2026-03-02T13:27:12+00:00","og_image":[{"width":1537,"height":2048,"url":"https:\/\/www.domsvitania.sk\/wp-content\/uploads\/2026\/02\/IMG-20260227-WA0003-1.jpg","type":"image\/jpeg"}],"twitter_card":"summary_large_image","twitter_misc":{"Predpokladan\u00fd \u010das \u010d\u00edtania":"2 min\u00faty"},"schema":{"@context":"https:\/\/schema.org","@graph":[{"@type":"WebPage","@id":"https:\/\/www.domsvitania.sk\/?product=rucne-robeny-diar","url":"https:\/\/www.domsvitania.sk\/?product=rucne-robeny-diar","name":"Ru\u010dne roben\u00fd di\u00e1r - Dom Svitania","isPartOf":{"@id":"https:\/\/www.domsvitania.sk\/#website"},"primaryImageOfPage":{"@id":"https:\/\/www.domsvitania.sk\/?product=rucne-robeny-diar#primaryimage"},"image":{"@id":"https:\/\/www.domsvitania.sk\/?product=rucne-robeny-diar#primaryimage"},"thumbnailUrl":"https:\/\/www.domsvitania.sk\/wp-content\/uploads\/2026\/02\/IMG-20260227-WA0003-1.jpg","datePublished":"2026-02-27T13:51:22+00:00","dateModified":"2026-03-02T13:27:12+00:00","breadcrumb":{"@id":"https:\/\/www.domsvitania.sk\/?product=rucne-robeny-diar#breadcrumb"},"inLanguage":"sk-SK","potentialAction":[{"@type":"ReadAction","target":["https:\/\/www.domsvitania.sk\/?product=rucne-robeny-diar"]}]},{"@type":"ImageObject","inLanguage":"sk-SK","@id":"https:\/\/www.domsvitania.sk\/?product=rucne-robeny-diar#primaryimage","url":"https:\/\/www.domsvitania.sk\/wp-content\/uploads\/2026\/02\/IMG-20260227-WA0003-1.jpg","contentUrl":"https:\/\/www.domsvitania.sk\/wp-content\/uploads\/2026\/02\/IMG-20260227-WA0003-1.jpg","width":1537,"height":2048},{"@type":"BreadcrumbList","@id":"https:\/\/www.domsvitania.sk\/?product=rucne-robeny-diar#breadcrumb","itemListElement":[{"@type":"ListItem","position":1,"name":"Domovsk\u00e1 str\u00e1nka","item":"https:\/\/www.domsvitania.sk\/"},{"@type":"ListItem","position":2,"name":"E-shop","item":"https:\/\/www.domsvitania.sk\/?page_id=550"},{"@type":"ListItem","position":3,"name":"Ru\u010dne roben\u00fd di\u00e1r"}]},{"@type":"WebSite","@id":"https:\/\/www.domsvitania.sk\/#website","url":"https:\/\/www.domsvitania.sk\/","name":"Dom Svitania","description":"Rehabilita\u010dn\u00e9 stredisko a chr\u00e1nen\u00e1 diel\u0148a","publisher":{"@id":"https:\/\/www.domsvitania.sk\/#organization"},"potentialAction":[{"@type":"SearchAction","target":{"@type":"EntryPoint","urlTemplate":"https:\/\/www.domsvitania.sk\/?s={search_term_string}"},"query-input":{"@type":"PropertyValueSpecification","valueRequired":true,"valueName":"search_term_string"}}],"inLanguage":"sk-SK"},{"@type":"Organization","@id":"https:\/\/www.domsvitania.sk\/#organization","name":"Dom Svitania, n.o.","url":"https:\/\/www.domsvitania.sk\/","logo":{"@type":"ImageObject","inLanguage":"sk-SK","@id":"https:\/\/www.domsvitania.sk\/#\/schema\/logo\/image\/","url":"https:\/\/www.domsvitania.sk\/wp-content\/uploads\/2023\/01\/dom_svitania_logo.jpg","contentUrl":"https:\/\/www.domsvitania.sk\/wp-content\/uploads\/2023\/01\/dom_svitania_logo.jpg","width":243,"height":208,"caption":"Dom Svitania, n.o."},"image":{"@id":"https:\/\/www.domsvitania.sk\/#\/schema\/logo\/image\/"},"sameAs":["https:\/\/www.facebook.com\/domsvitaniask","https:\/\/www.instagram.com\/domsvitania"]}]}},"jetpack_sharing_enabled":true,"_links":{"self":[{"href":"https:\/\/www.domsvitania.sk\/index.php?rest_route=\/wp\/v2\/product\/3198","targetHints":{"allow":["GET"]}}],"collection":[{"href":"https:\/\/www.domsvitania.sk\/index.php?rest_route=\/wp\/v2\/product"}],"about":[{"href":"https:\/\/www.domsvitania.sk\/index.php?rest_route=\/wp\/v2\/types\/product"}],"replies":[{"embeddable":true,"href":"https:\/\/www.domsvitania.sk\/index.php?rest_route=%2Fwp%2Fv2%2Fcomments&post=3198"}],"wp:featuredmedia":[{"embeddable":true,"href":"https:\/\/www.domsvitania.sk\/index.php?rest_route=\/wp\/v2\/media\/3192"}],"wp:attachment":[{"href":"https:\/\/www.domsvitania.sk\/index.php?rest_route=%2Fwp%2Fv2%2Fmedia&parent=3198"}],"wp:term":[{"taxonomy":"product_brand","embeddable":true,"href":"https:\/\/www.domsvitania.sk\/index.php?rest_route=%2Fwp%2Fv2%2Fproduct_brand&post=3198"},{"taxonomy":"product_cat","embeddable":true,"href":"https:\/\/www.domsvitania.sk\/index.php?rest_route=%2Fwp%2Fv2%2Fproduct_cat&post=3198"},{"taxonomy":"product_tag","embeddable":true,"href":"https:\/\/www.domsvitania.sk\/index.php?rest_route=%2Fwp%2Fv2%2Fproduct_tag&post=3198"}],"curies":[{"name":"wp","href":"https:\/\/api.w.org\/{rel}","templated":true}]}}