{"id":3282,"date":"2026-03-10T15:52:52","date_gmt":"2026-03-10T14:52:52","guid":{"rendered":"https:\/\/www.domsvitania.sk\/?post_type=product&#038;p=3282"},"modified":"2026-04-20T15:09:22","modified_gmt":"2026-04-20T13:09:22","slug":"jedinecna-riflova-taska-na-notebook","status":"publish","type":"product","link":"https:\/\/www.domsvitania.sk\/?product=jedinecna-riflova-taska-na-notebook","title":{"rendered":"Jedine\u010dn\u00e1 rif\u013eov\u00e1 ta\u0161ka na notebook"},"content":{"rendered":"<p class=\"isSelectedEnd\">Rif\u013eov\u00e1 ta\u0161ka, ktor\u00e1 je jedine\u010dn\u00e1 ako Vy.<br \/>\nKa\u017ed\u00fd kus vznikol z rif\u013eoviny, ktor\u00e1 dostala nov\u00fd \u017eivot, a premenil sa na elegantn\u00fa, odoln\u00fa ta\u0161ku na notebook s osobitou du\u0161ou.<\/p>\n<p class=\"isSelectedEnd\">Ru\u010dne h\u00e1\u010dkovan\u00fd mak rozkvitol na jej povrchu ako symbol trpezlivosti, n\u00e1deje a kr\u00e1sy, ktor\u00e1 vyrast\u00e1 z jednoduch\u00fdch vec\u00ed. Ka\u017ed\u00fd steh je starostlivo u\u0161it\u00fd a uh\u00e1\u010dkovan\u00fd na\u0161imi \u013eu\u010fmi v Dome Svitania, tak\u017ee nesie pr\u00edbeh remesla a \u013eudskej hodnoty.<\/p>\n<p class=\"isSelectedEnd\">T\u00e1to limitovan\u00e1 ed\u00edcia nie je len doplnok \u2014 je to <strong>origin\u00e1lny k\u00fasok udr\u017eate\u013en\u00e9ho umenia<\/strong>, ktor\u00fd kombinuje \u0161t\u00fdl, kvalitu a pr\u00edbeh. Nosen\u00edm jej nesiete viac ne\u017e notebook \u2014 nesiete pr\u00edbeh druh\u00fdch \u0161anc\u00ed a premyslenej pr\u00e1ce.<\/p>\n<p>Vyroben\u00e9 s l\u00e1skou a hrdos\u0165ou v Dome Svitania.<\/p>\n","protected":false},"excerpt":{"rendered":"<p>Rif\u013eov\u00e1 ta\u0161ka, ktor\u00e1 je jedine\u010dn\u00e1 ako Vy. Ka\u017ed\u00fd kus vznikol z rif\u013eoviny, ktor\u00e1 dostala nov\u00fd \u017eivot, a premenil sa na elegantn\u00fa, odoln\u00fa ta\u0161ku na notebook s osobitou du\u0161ou. Ru\u010dne h\u00e1\u010dkovan\u00fd mak rozkvitol na jej povrchu ako symbol trpezlivosti, n\u00e1deje a kr\u00e1sy, ktor\u00e1 vyrast\u00e1 z jednoduch\u00fdch vec\u00ed. Ka\u017ed\u00fd steh je starostlivo u\u0161it\u00fd a uh\u00e1\u010dkovan\u00fd na\u0161imi \u013eu\u010fmi&#8230;<\/p>\n","protected":false},"featured_media":3284,"comment_status":"closed","ping_status":"closed","template":"","meta":{"_kad_post_transparent":"default","_kad_post_title":"","_kad_post_layout":"default","_kad_post_sidebar_id":"","_kad_post_content_style":"default","_kad_post_vertical_padding":"default","_kad_post_feature":"","_kad_post_feature_position":"","_kad_post_header":false,"_kad_post_footer":false,"_kad_post_classname":""},"product_brand":[],"product_cat":[66],"product_tag":[],"class_list":{"0":"post-3282","1":"product","2":"type-product","3":"status-publish","4":"has-post-thumbnail","6":"product_cat-male-radosti-na-kazdodenne-nosenie","8":"first","9":"instock","10":"shipping-taxable","11":"purchasable","12":"product-type-variable","13":"entry","14":"content-bg","15":"loop-entry"},"yoast_head":"<!-- This site is optimized with the Yoast SEO plugin v26.7 - https:\/\/yoast.com\/wordpress\/plugins\/seo\/ -->\n<title>Jedine\u010dn\u00e1 rif\u013eov\u00e1 ta\u0161ka na notebook - Dom Svitania<\/title>\n<meta name=\"robots\" content=\"index, follow, max-snippet:-1, max-image-preview:large, max-video-preview:-1\" \/>\n<link rel=\"canonical\" href=\"https:\/\/www.domsvitania.sk\/?product=jedinecna-riflova-taska-na-notebook\" \/>\n<meta property=\"og:locale\" content=\"sk_SK\" \/>\n<meta property=\"og:type\" content=\"article\" \/>\n<meta property=\"og:title\" content=\"Jedine\u010dn\u00e1 rif\u013eov\u00e1 ta\u0161ka na notebook - Dom Svitania\" \/>\n<meta property=\"og:description\" content=\"Rif\u013eov\u00e1 ta\u0161ka, ktor\u00e1 je jedine\u010dn\u00e1 ako Vy. Ka\u017ed\u00fd kus vznikol z rif\u013eoviny, ktor\u00e1 dostala nov\u00fd \u017eivot, a premenil sa na elegantn\u00fa, odoln\u00fa ta\u0161ku na notebook s osobitou du\u0161ou. Ru\u010dne h\u00e1\u010dkovan\u00fd mak rozkvitol na jej povrchu ako symbol trpezlivosti, n\u00e1deje a kr\u00e1sy, ktor\u00e1 vyrast\u00e1 z jednoduch\u00fdch vec\u00ed. Ka\u017ed\u00fd steh je starostlivo u\u0161it\u00fd a uh\u00e1\u010dkovan\u00fd na\u0161imi \u013eu\u010fmi...\" \/>\n<meta property=\"og:url\" content=\"https:\/\/www.domsvitania.sk\/?product=jedinecna-riflova-taska-na-notebook\" \/>\n<meta property=\"og:site_name\" content=\"Dom Svitania\" \/>\n<meta property=\"article:publisher\" content=\"https:\/\/www.facebook.com\/domsvitaniask\" \/>\n<meta property=\"article:modified_time\" content=\"2026-04-20T13:09:22+00:00\" \/>\n<meta property=\"og:image\" content=\"https:\/\/www.domsvitania.sk\/wp-content\/uploads\/2026\/03\/IMG-20260310-WA0000.jpg\" \/>\n\t<meta property=\"og:image:width\" content=\"1537\" \/>\n\t<meta property=\"og:image:height\" content=\"2048\" \/>\n\t<meta property=\"og:image:type\" content=\"image\/jpeg\" \/>\n<meta name=\"twitter:card\" content=\"summary_large_image\" \/>\n<meta name=\"twitter:label1\" content=\"Predpokladan\u00fd \u010das \u010d\u00edtania\" \/>\n\t<meta name=\"twitter:data1\" content=\"1 min\u00fata\" \/>\n<script type=\"application\/ld+json\" class=\"yoast-schema-graph\">{\"@context\":\"https:\/\/schema.org\",\"@graph\":[{\"@type\":\"WebPage\",\"@id\":\"https:\/\/www.domsvitania.sk\/?product=jedinecna-riflova-taska-na-notebook\",\"url\":\"https:\/\/www.domsvitania.sk\/?product=jedinecna-riflova-taska-na-notebook\",\"name\":\"Jedine\u010dn\u00e1 rif\u013eov\u00e1 ta\u0161ka na notebook - Dom Svitania\",\"isPartOf\":{\"@id\":\"https:\/\/www.domsvitania.sk\/#website\"},\"primaryImageOfPage\":{\"@id\":\"https:\/\/www.domsvitania.sk\/?product=jedinecna-riflova-taska-na-notebook#primaryimage\"},\"image\":{\"@id\":\"https:\/\/www.domsvitania.sk\/?product=jedinecna-riflova-taska-na-notebook#primaryimage\"},\"thumbnailUrl\":\"https:\/\/www.domsvitania.sk\/wp-content\/uploads\/2026\/03\/IMG-20260310-WA0000.jpg\",\"datePublished\":\"2026-03-10T14:52:52+00:00\",\"dateModified\":\"2026-04-20T13:09:22+00:00\",\"breadcrumb\":{\"@id\":\"https:\/\/www.domsvitania.sk\/?product=jedinecna-riflova-taska-na-notebook#breadcrumb\"},\"inLanguage\":\"sk-SK\",\"potentialAction\":[{\"@type\":\"ReadAction\",\"target\":[\"https:\/\/www.domsvitania.sk\/?product=jedinecna-riflova-taska-na-notebook\"]}]},{\"@type\":\"ImageObject\",\"inLanguage\":\"sk-SK\",\"@id\":\"https:\/\/www.domsvitania.sk\/?product=jedinecna-riflova-taska-na-notebook#primaryimage\",\"url\":\"https:\/\/www.domsvitania.sk\/wp-content\/uploads\/2026\/03\/IMG-20260310-WA0000.jpg\",\"contentUrl\":\"https:\/\/www.domsvitania.sk\/wp-content\/uploads\/2026\/03\/IMG-20260310-WA0000.jpg\",\"width\":1537,\"height\":2048},{\"@type\":\"BreadcrumbList\",\"@id\":\"https:\/\/www.domsvitania.sk\/?product=jedinecna-riflova-taska-na-notebook#breadcrumb\",\"itemListElement\":[{\"@type\":\"ListItem\",\"position\":1,\"name\":\"Domovsk\u00e1 str\u00e1nka\",\"item\":\"https:\/\/www.domsvitania.sk\/\"},{\"@type\":\"ListItem\",\"position\":2,\"name\":\"E-shop\",\"item\":\"https:\/\/www.domsvitania.sk\/?page_id=550\"},{\"@type\":\"ListItem\",\"position\":3,\"name\":\"Jedine\u010dn\u00e1 rif\u013eov\u00e1 ta\u0161ka na notebook\"}]},{\"@type\":\"WebSite\",\"@id\":\"https:\/\/www.domsvitania.sk\/#website\",\"url\":\"https:\/\/www.domsvitania.sk\/\",\"name\":\"Dom Svitania\",\"description\":\"Rehabilita\u010dn\u00e9 stredisko a chr\u00e1nen\u00e1 diel\u0148a\",\"publisher\":{\"@id\":\"https:\/\/www.domsvitania.sk\/#organization\"},\"potentialAction\":[{\"@type\":\"SearchAction\",\"target\":{\"@type\":\"EntryPoint\",\"urlTemplate\":\"https:\/\/www.domsvitania.sk\/?s={search_term_string}\"},\"query-input\":{\"@type\":\"PropertyValueSpecification\",\"valueRequired\":true,\"valueName\":\"search_term_string\"}}],\"inLanguage\":\"sk-SK\"},{\"@type\":\"Organization\",\"@id\":\"https:\/\/www.domsvitania.sk\/#organization\",\"name\":\"Dom Svitania, n.o.\",\"url\":\"https:\/\/www.domsvitania.sk\/\",\"logo\":{\"@type\":\"ImageObject\",\"inLanguage\":\"sk-SK\",\"@id\":\"https:\/\/www.domsvitania.sk\/#\/schema\/logo\/image\/\",\"url\":\"https:\/\/www.domsvitania.sk\/wp-content\/uploads\/2023\/01\/dom_svitania_logo.jpg\",\"contentUrl\":\"https:\/\/www.domsvitania.sk\/wp-content\/uploads\/2023\/01\/dom_svitania_logo.jpg\",\"width\":243,\"height\":208,\"caption\":\"Dom Svitania, n.o.\"},\"image\":{\"@id\":\"https:\/\/www.domsvitania.sk\/#\/schema\/logo\/image\/\"},\"sameAs\":[\"https:\/\/www.facebook.com\/domsvitaniask\",\"https:\/\/www.instagram.com\/domsvitania\"]}]}<\/script>\n<!-- \/ Yoast SEO plugin. -->","yoast_head_json":{"title":"Jedine\u010dn\u00e1 rif\u013eov\u00e1 ta\u0161ka na notebook - Dom Svitania","robots":{"index":"index","follow":"follow","max-snippet":"max-snippet:-1","max-image-preview":"max-image-preview:large","max-video-preview":"max-video-preview:-1"},"canonical":"https:\/\/www.domsvitania.sk\/?product=jedinecna-riflova-taska-na-notebook","og_locale":"sk_SK","og_type":"article","og_title":"Jedine\u010dn\u00e1 rif\u013eov\u00e1 ta\u0161ka na notebook - Dom Svitania","og_description":"Rif\u013eov\u00e1 ta\u0161ka, ktor\u00e1 je jedine\u010dn\u00e1 ako Vy. Ka\u017ed\u00fd kus vznikol z rif\u013eoviny, ktor\u00e1 dostala nov\u00fd \u017eivot, a premenil sa na elegantn\u00fa, odoln\u00fa ta\u0161ku na notebook s osobitou du\u0161ou. Ru\u010dne h\u00e1\u010dkovan\u00fd mak rozkvitol na jej povrchu ako symbol trpezlivosti, n\u00e1deje a kr\u00e1sy, ktor\u00e1 vyrast\u00e1 z jednoduch\u00fdch vec\u00ed. Ka\u017ed\u00fd steh je starostlivo u\u0161it\u00fd a uh\u00e1\u010dkovan\u00fd na\u0161imi \u013eu\u010fmi...","og_url":"https:\/\/www.domsvitania.sk\/?product=jedinecna-riflova-taska-na-notebook","og_site_name":"Dom Svitania","article_publisher":"https:\/\/www.facebook.com\/domsvitaniask","article_modified_time":"2026-04-20T13:09:22+00:00","og_image":[{"width":1537,"height":2048,"url":"https:\/\/www.domsvitania.sk\/wp-content\/uploads\/2026\/03\/IMG-20260310-WA0000.jpg","type":"image\/jpeg"}],"twitter_card":"summary_large_image","twitter_misc":{"Predpokladan\u00fd \u010das \u010d\u00edtania":"1 min\u00fata"},"schema":{"@context":"https:\/\/schema.org","@graph":[{"@type":"WebPage","@id":"https:\/\/www.domsvitania.sk\/?product=jedinecna-riflova-taska-na-notebook","url":"https:\/\/www.domsvitania.sk\/?product=jedinecna-riflova-taska-na-notebook","name":"Jedine\u010dn\u00e1 rif\u013eov\u00e1 ta\u0161ka na notebook - Dom Svitania","isPartOf":{"@id":"https:\/\/www.domsvitania.sk\/#website"},"primaryImageOfPage":{"@id":"https:\/\/www.domsvitania.sk\/?product=jedinecna-riflova-taska-na-notebook#primaryimage"},"image":{"@id":"https:\/\/www.domsvitania.sk\/?product=jedinecna-riflova-taska-na-notebook#primaryimage"},"thumbnailUrl":"https:\/\/www.domsvitania.sk\/wp-content\/uploads\/2026\/03\/IMG-20260310-WA0000.jpg","datePublished":"2026-03-10T14:52:52+00:00","dateModified":"2026-04-20T13:09:22+00:00","breadcrumb":{"@id":"https:\/\/www.domsvitania.sk\/?product=jedinecna-riflova-taska-na-notebook#breadcrumb"},"inLanguage":"sk-SK","potentialAction":[{"@type":"ReadAction","target":["https:\/\/www.domsvitania.sk\/?product=jedinecna-riflova-taska-na-notebook"]}]},{"@type":"ImageObject","inLanguage":"sk-SK","@id":"https:\/\/www.domsvitania.sk\/?product=jedinecna-riflova-taska-na-notebook#primaryimage","url":"https:\/\/www.domsvitania.sk\/wp-content\/uploads\/2026\/03\/IMG-20260310-WA0000.jpg","contentUrl":"https:\/\/www.domsvitania.sk\/wp-content\/uploads\/2026\/03\/IMG-20260310-WA0000.jpg","width":1537,"height":2048},{"@type":"BreadcrumbList","@id":"https:\/\/www.domsvitania.sk\/?product=jedinecna-riflova-taska-na-notebook#breadcrumb","itemListElement":[{"@type":"ListItem","position":1,"name":"Domovsk\u00e1 str\u00e1nka","item":"https:\/\/www.domsvitania.sk\/"},{"@type":"ListItem","position":2,"name":"E-shop","item":"https:\/\/www.domsvitania.sk\/?page_id=550"},{"@type":"ListItem","position":3,"name":"Jedine\u010dn\u00e1 rif\u013eov\u00e1 ta\u0161ka na notebook"}]},{"@type":"WebSite","@id":"https:\/\/www.domsvitania.sk\/#website","url":"https:\/\/www.domsvitania.sk\/","name":"Dom Svitania","description":"Rehabilita\u010dn\u00e9 stredisko a chr\u00e1nen\u00e1 diel\u0148a","publisher":{"@id":"https:\/\/www.domsvitania.sk\/#organization"},"potentialAction":[{"@type":"SearchAction","target":{"@type":"EntryPoint","urlTemplate":"https:\/\/www.domsvitania.sk\/?s={search_term_string}"},"query-input":{"@type":"PropertyValueSpecification","valueRequired":true,"valueName":"search_term_string"}}],"inLanguage":"sk-SK"},{"@type":"Organization","@id":"https:\/\/www.domsvitania.sk\/#organization","name":"Dom Svitania, n.o.","url":"https:\/\/www.domsvitania.sk\/","logo":{"@type":"ImageObject","inLanguage":"sk-SK","@id":"https:\/\/www.domsvitania.sk\/#\/schema\/logo\/image\/","url":"https:\/\/www.domsvitania.sk\/wp-content\/uploads\/2023\/01\/dom_svitania_logo.jpg","contentUrl":"https:\/\/www.domsvitania.sk\/wp-content\/uploads\/2023\/01\/dom_svitania_logo.jpg","width":243,"height":208,"caption":"Dom Svitania, n.o."},"image":{"@id":"https:\/\/www.domsvitania.sk\/#\/schema\/logo\/image\/"},"sameAs":["https:\/\/www.facebook.com\/domsvitaniask","https:\/\/www.instagram.com\/domsvitania"]}]}},"jetpack_sharing_enabled":true,"_links":{"self":[{"href":"https:\/\/www.domsvitania.sk\/index.php?rest_route=\/wp\/v2\/product\/3282","targetHints":{"allow":["GET"]}}],"collection":[{"href":"https:\/\/www.domsvitania.sk\/index.php?rest_route=\/wp\/v2\/product"}],"about":[{"href":"https:\/\/www.domsvitania.sk\/index.php?rest_route=\/wp\/v2\/types\/product"}],"replies":[{"embeddable":true,"href":"https:\/\/www.domsvitania.sk\/index.php?rest_route=%2Fwp%2Fv2%2Fcomments&post=3282"}],"wp:featuredmedia":[{"embeddable":true,"href":"https:\/\/www.domsvitania.sk\/index.php?rest_route=\/wp\/v2\/media\/3284"}],"wp:attachment":[{"href":"https:\/\/www.domsvitania.sk\/index.php?rest_route=%2Fwp%2Fv2%2Fmedia&parent=3282"}],"wp:term":[{"taxonomy":"product_brand","embeddable":true,"href":"https:\/\/www.domsvitania.sk\/index.php?rest_route=%2Fwp%2Fv2%2Fproduct_brand&post=3282"},{"taxonomy":"product_cat","embeddable":true,"href":"https:\/\/www.domsvitania.sk\/index.php?rest_route=%2Fwp%2Fv2%2Fproduct_cat&post=3282"},{"taxonomy":"product_tag","embeddable":true,"href":"https:\/\/www.domsvitania.sk\/index.php?rest_route=%2Fwp%2Fv2%2Fproduct_tag&post=3282"}],"curies":[{"name":"wp","href":"https:\/\/api.w.org\/{rel}","templated":true}]}}