{"id":3553,"date":"2026-05-12T15:08:22","date_gmt":"2026-05-12T13:08:22","guid":{"rendered":"https:\/\/www.domsvitania.sk\/?post_type=product&#038;p=3553"},"modified":"2026-05-13T13:20:36","modified_gmt":"2026-05-13T11:20:36","slug":"jedinecna-spolahliva-vasa","status":"publish","type":"product","link":"https:\/\/www.domsvitania.sk\/?product=jedinecna-spolahliva-vasa","title":{"rendered":"Jedine\u010dn\u00e1. Spo\u013eahliv\u00e1. Va\u0161a."},"content":{"rendered":"<p data-start=\"38\" data-end=\"242\">Ru\u010dne vy\u0161\u00edvan\u00e1 ta\u0161ka vznikla v malej limitovanej kolekcii, kde m\u00e1 ka\u017ed\u00fd kus svoj vlastn\u00fd charakter. Nie je rovnak\u00e1 ani opakovate\u013en\u00e1 \u2013 ka\u017ed\u00e1 nesie jemn\u00e9 odch\u00fdlky ru\u010dnej pr\u00e1ce, ktor\u00e9 z nej robia origin\u00e1l.<\/p>\n<p data-start=\"244\" data-end=\"457\">Je vytvoren\u00e1 tak, aby v\u00e1s sprev\u00e1dzala v be\u017en\u00fdch d\u0148och \u2013 do pr\u00e1ce, do mesta, na n\u00e1kup \u010di stretnutie. Pevn\u00e1, praktick\u00e1 a pripraven\u00e1 nies\u0165 v\u0161etko potrebn\u00e9, no z\u00e1rove\u0148 s jemnos\u0165ou a osobit\u00fdm detailom ru\u010dnej v\u00fd\u0161ivky.<\/p>\n<p data-start=\"459\" data-end=\"624\">Vznikla u n\u00e1s v Dome Svitania \u2013 na mieste, kde m\u00e1 ka\u017ed\u00e1 pr\u00e1ca svoj \u010das, zmysel a \u013eudsk\u00fd dotyk. Ka\u017ed\u00fd steh je s\u00fa\u010das\u0165ou pr\u00edbehu \u013eud\u00ed, ktor\u00ed tvoria s trpezlivos\u0165ou a rados\u0165ou.<\/p>\n<p data-start=\"459\" data-end=\"624\">\u2728 Limitovan\u00e1 kolekcia<br data-start=\"21\" data-end=\"24\" \/>\u2728 Ru\u010dne vy\u0161\u00edvan\u00fd origin\u00e1l<br data-start=\"49\" data-end=\"52\" \/>\u2728 6 r\u00f4znych dizajnov<br data-start=\"72\" data-end=\"75\" \/>\u2728 Spolu len 16 kusov<\/p>\n","protected":false},"excerpt":{"rendered":"<p>Ru\u010dne vy\u0161\u00edvan\u00e1 ta\u0161ka vznikla v malej limitovanej kolekcii, kde m\u00e1 ka\u017ed\u00fd kus svoj vlastn\u00fd charakter. Nie je rovnak\u00e1 ani opakovate\u013en\u00e1 \u2013 ka\u017ed\u00e1 nesie jemn\u00e9 odch\u00fdlky ru\u010dnej pr\u00e1ce, ktor\u00e9 z nej robia origin\u00e1l. Je vytvoren\u00e1 tak, aby v\u00e1s sprev\u00e1dzala v be\u017en\u00fdch d\u0148och \u2013 do pr\u00e1ce, do mesta, na n\u00e1kup \u010di stretnutie. Pevn\u00e1, praktick\u00e1 a pripraven\u00e1 nies\u0165&#8230;<\/p>\n","protected":false},"featured_media":3559,"comment_status":"closed","ping_status":"closed","template":"","meta":{"_kad_post_transparent":"default","_kad_post_title":"","_kad_post_layout":"default","_kad_post_sidebar_id":"","_kad_post_content_style":"default","_kad_post_vertical_padding":"default","_kad_post_feature":"","_kad_post_feature_position":"","_kad_post_header":false,"_kad_post_footer":false,"_kad_post_classname":""},"product_brand":[],"product_cat":[66,69],"product_tag":[],"class_list":{"0":"post-3553","1":"product","2":"type-product","3":"status-publish","4":"has-post-thumbnail","6":"product_cat-male-radosti-na-kazdodenne-nosenie","7":"product_cat-tasky","9":"first","10":"instock","11":"shipping-taxable","12":"purchasable","13":"product-type-variable","14":"entry","15":"content-bg","16":"loop-entry"},"yoast_head":"<!-- This site is optimized with the Yoast SEO plugin v26.7 - https:\/\/yoast.com\/wordpress\/plugins\/seo\/ -->\n<title>Jedine\u010dn\u00e1. Spo\u013eahliv\u00e1. Va\u0161a. - Dom Svitania<\/title>\n<meta name=\"robots\" content=\"index, follow, max-snippet:-1, max-image-preview:large, max-video-preview:-1\" \/>\n<link rel=\"canonical\" href=\"https:\/\/www.domsvitania.sk\/?product=jedinecna-spolahliva-vasa\" \/>\n<meta property=\"og:locale\" content=\"sk_SK\" \/>\n<meta property=\"og:type\" content=\"article\" \/>\n<meta property=\"og:title\" content=\"Jedine\u010dn\u00e1. Spo\u013eahliv\u00e1. Va\u0161a. - Dom Svitania\" \/>\n<meta property=\"og:description\" content=\"Ru\u010dne vy\u0161\u00edvan\u00e1 ta\u0161ka vznikla v malej limitovanej kolekcii, kde m\u00e1 ka\u017ed\u00fd kus svoj vlastn\u00fd charakter. Nie je rovnak\u00e1 ani opakovate\u013en\u00e1 \u2013 ka\u017ed\u00e1 nesie jemn\u00e9 odch\u00fdlky ru\u010dnej pr\u00e1ce, ktor\u00e9 z nej robia origin\u00e1l. Je vytvoren\u00e1 tak, aby v\u00e1s sprev\u00e1dzala v be\u017en\u00fdch d\u0148och \u2013 do pr\u00e1ce, do mesta, na n\u00e1kup \u010di stretnutie. Pevn\u00e1, praktick\u00e1 a pripraven\u00e1 nies\u0165...\" \/>\n<meta property=\"og:url\" content=\"https:\/\/www.domsvitania.sk\/?product=jedinecna-spolahliva-vasa\" \/>\n<meta property=\"og:site_name\" content=\"Dom Svitania\" \/>\n<meta property=\"article:publisher\" content=\"https:\/\/www.facebook.com\/domsvitaniask\" \/>\n<meta property=\"article:modified_time\" content=\"2026-05-13T11:20:36+00:00\" \/>\n<meta property=\"og:image\" content=\"https:\/\/www.domsvitania.sk\/wp-content\/uploads\/2026\/05\/20260513_124641-scaled.jpg\" \/>\n\t<meta property=\"og:image:width\" content=\"1920\" \/>\n\t<meta property=\"og:image:height\" content=\"2560\" \/>\n\t<meta property=\"og:image:type\" content=\"image\/jpeg\" \/>\n<meta name=\"twitter:card\" content=\"summary_large_image\" \/>\n<meta name=\"twitter:label1\" content=\"Predpokladan\u00fd \u010das \u010d\u00edtania\" \/>\n\t<meta name=\"twitter:data1\" content=\"1 min\u00fata\" \/>\n<script type=\"application\/ld+json\" class=\"yoast-schema-graph\">{\"@context\":\"https:\/\/schema.org\",\"@graph\":[{\"@type\":\"WebPage\",\"@id\":\"https:\/\/www.domsvitania.sk\/?product=jedinecna-spolahliva-vasa\",\"url\":\"https:\/\/www.domsvitania.sk\/?product=jedinecna-spolahliva-vasa\",\"name\":\"Jedine\u010dn\u00e1. Spo\u013eahliv\u00e1. Va\u0161a. - Dom Svitania\",\"isPartOf\":{\"@id\":\"https:\/\/www.domsvitania.sk\/#website\"},\"primaryImageOfPage\":{\"@id\":\"https:\/\/www.domsvitania.sk\/?product=jedinecna-spolahliva-vasa#primaryimage\"},\"image\":{\"@id\":\"https:\/\/www.domsvitania.sk\/?product=jedinecna-spolahliva-vasa#primaryimage\"},\"thumbnailUrl\":\"https:\/\/www.domsvitania.sk\/wp-content\/uploads\/2026\/05\/20260513_124641-scaled.jpg\",\"datePublished\":\"2026-05-12T13:08:22+00:00\",\"dateModified\":\"2026-05-13T11:20:36+00:00\",\"breadcrumb\":{\"@id\":\"https:\/\/www.domsvitania.sk\/?product=jedinecna-spolahliva-vasa#breadcrumb\"},\"inLanguage\":\"sk-SK\",\"potentialAction\":[{\"@type\":\"ReadAction\",\"target\":[\"https:\/\/www.domsvitania.sk\/?product=jedinecna-spolahliva-vasa\"]}]},{\"@type\":\"ImageObject\",\"inLanguage\":\"sk-SK\",\"@id\":\"https:\/\/www.domsvitania.sk\/?product=jedinecna-spolahliva-vasa#primaryimage\",\"url\":\"https:\/\/www.domsvitania.sk\/wp-content\/uploads\/2026\/05\/20260513_124641-scaled.jpg\",\"contentUrl\":\"https:\/\/www.domsvitania.sk\/wp-content\/uploads\/2026\/05\/20260513_124641-scaled.jpg\",\"width\":1920,\"height\":2560},{\"@type\":\"BreadcrumbList\",\"@id\":\"https:\/\/www.domsvitania.sk\/?product=jedinecna-spolahliva-vasa#breadcrumb\",\"itemListElement\":[{\"@type\":\"ListItem\",\"position\":1,\"name\":\"Domovsk\u00e1 str\u00e1nka\",\"item\":\"https:\/\/www.domsvitania.sk\/\"},{\"@type\":\"ListItem\",\"position\":2,\"name\":\"E-shop\",\"item\":\"https:\/\/www.domsvitania.sk\/?page_id=550\"},{\"@type\":\"ListItem\",\"position\":3,\"name\":\"Jedine\u010dn\u00e1. Spo\u013eahliv\u00e1. Va\u0161a.\"}]},{\"@type\":\"WebSite\",\"@id\":\"https:\/\/www.domsvitania.sk\/#website\",\"url\":\"https:\/\/www.domsvitania.sk\/\",\"name\":\"Dom Svitania\",\"description\":\"Rehabilita\u010dn\u00e9 stredisko a chr\u00e1nen\u00e1 diel\u0148a\",\"publisher\":{\"@id\":\"https:\/\/www.domsvitania.sk\/#organization\"},\"potentialAction\":[{\"@type\":\"SearchAction\",\"target\":{\"@type\":\"EntryPoint\",\"urlTemplate\":\"https:\/\/www.domsvitania.sk\/?s={search_term_string}\"},\"query-input\":{\"@type\":\"PropertyValueSpecification\",\"valueRequired\":true,\"valueName\":\"search_term_string\"}}],\"inLanguage\":\"sk-SK\"},{\"@type\":\"Organization\",\"@id\":\"https:\/\/www.domsvitania.sk\/#organization\",\"name\":\"Dom Svitania, n.o.\",\"url\":\"https:\/\/www.domsvitania.sk\/\",\"logo\":{\"@type\":\"ImageObject\",\"inLanguage\":\"sk-SK\",\"@id\":\"https:\/\/www.domsvitania.sk\/#\/schema\/logo\/image\/\",\"url\":\"https:\/\/www.domsvitania.sk\/wp-content\/uploads\/2023\/01\/dom_svitania_logo.jpg\",\"contentUrl\":\"https:\/\/www.domsvitania.sk\/wp-content\/uploads\/2023\/01\/dom_svitania_logo.jpg\",\"width\":243,\"height\":208,\"caption\":\"Dom Svitania, n.o.\"},\"image\":{\"@id\":\"https:\/\/www.domsvitania.sk\/#\/schema\/logo\/image\/\"},\"sameAs\":[\"https:\/\/www.facebook.com\/domsvitaniask\",\"https:\/\/www.instagram.com\/domsvitania\"]}]}<\/script>\n<!-- \/ Yoast SEO plugin. -->","yoast_head_json":{"title":"Jedine\u010dn\u00e1. Spo\u013eahliv\u00e1. Va\u0161a. - Dom Svitania","robots":{"index":"index","follow":"follow","max-snippet":"max-snippet:-1","max-image-preview":"max-image-preview:large","max-video-preview":"max-video-preview:-1"},"canonical":"https:\/\/www.domsvitania.sk\/?product=jedinecna-spolahliva-vasa","og_locale":"sk_SK","og_type":"article","og_title":"Jedine\u010dn\u00e1. Spo\u013eahliv\u00e1. Va\u0161a. - Dom Svitania","og_description":"Ru\u010dne vy\u0161\u00edvan\u00e1 ta\u0161ka vznikla v malej limitovanej kolekcii, kde m\u00e1 ka\u017ed\u00fd kus svoj vlastn\u00fd charakter. Nie je rovnak\u00e1 ani opakovate\u013en\u00e1 \u2013 ka\u017ed\u00e1 nesie jemn\u00e9 odch\u00fdlky ru\u010dnej pr\u00e1ce, ktor\u00e9 z nej robia origin\u00e1l. Je vytvoren\u00e1 tak, aby v\u00e1s sprev\u00e1dzala v be\u017en\u00fdch d\u0148och \u2013 do pr\u00e1ce, do mesta, na n\u00e1kup \u010di stretnutie. Pevn\u00e1, praktick\u00e1 a pripraven\u00e1 nies\u0165...","og_url":"https:\/\/www.domsvitania.sk\/?product=jedinecna-spolahliva-vasa","og_site_name":"Dom Svitania","article_publisher":"https:\/\/www.facebook.com\/domsvitaniask","article_modified_time":"2026-05-13T11:20:36+00:00","og_image":[{"width":1920,"height":2560,"url":"https:\/\/www.domsvitania.sk\/wp-content\/uploads\/2026\/05\/20260513_124641-scaled.jpg","type":"image\/jpeg"}],"twitter_card":"summary_large_image","twitter_misc":{"Predpokladan\u00fd \u010das \u010d\u00edtania":"1 min\u00fata"},"schema":{"@context":"https:\/\/schema.org","@graph":[{"@type":"WebPage","@id":"https:\/\/www.domsvitania.sk\/?product=jedinecna-spolahliva-vasa","url":"https:\/\/www.domsvitania.sk\/?product=jedinecna-spolahliva-vasa","name":"Jedine\u010dn\u00e1. Spo\u013eahliv\u00e1. Va\u0161a. - Dom Svitania","isPartOf":{"@id":"https:\/\/www.domsvitania.sk\/#website"},"primaryImageOfPage":{"@id":"https:\/\/www.domsvitania.sk\/?product=jedinecna-spolahliva-vasa#primaryimage"},"image":{"@id":"https:\/\/www.domsvitania.sk\/?product=jedinecna-spolahliva-vasa#primaryimage"},"thumbnailUrl":"https:\/\/www.domsvitania.sk\/wp-content\/uploads\/2026\/05\/20260513_124641-scaled.jpg","datePublished":"2026-05-12T13:08:22+00:00","dateModified":"2026-05-13T11:20:36+00:00","breadcrumb":{"@id":"https:\/\/www.domsvitania.sk\/?product=jedinecna-spolahliva-vasa#breadcrumb"},"inLanguage":"sk-SK","potentialAction":[{"@type":"ReadAction","target":["https:\/\/www.domsvitania.sk\/?product=jedinecna-spolahliva-vasa"]}]},{"@type":"ImageObject","inLanguage":"sk-SK","@id":"https:\/\/www.domsvitania.sk\/?product=jedinecna-spolahliva-vasa#primaryimage","url":"https:\/\/www.domsvitania.sk\/wp-content\/uploads\/2026\/05\/20260513_124641-scaled.jpg","contentUrl":"https:\/\/www.domsvitania.sk\/wp-content\/uploads\/2026\/05\/20260513_124641-scaled.jpg","width":1920,"height":2560},{"@type":"BreadcrumbList","@id":"https:\/\/www.domsvitania.sk\/?product=jedinecna-spolahliva-vasa#breadcrumb","itemListElement":[{"@type":"ListItem","position":1,"name":"Domovsk\u00e1 str\u00e1nka","item":"https:\/\/www.domsvitania.sk\/"},{"@type":"ListItem","position":2,"name":"E-shop","item":"https:\/\/www.domsvitania.sk\/?page_id=550"},{"@type":"ListItem","position":3,"name":"Jedine\u010dn\u00e1. Spo\u013eahliv\u00e1. Va\u0161a."}]},{"@type":"WebSite","@id":"https:\/\/www.domsvitania.sk\/#website","url":"https:\/\/www.domsvitania.sk\/","name":"Dom Svitania","description":"Rehabilita\u010dn\u00e9 stredisko a chr\u00e1nen\u00e1 diel\u0148a","publisher":{"@id":"https:\/\/www.domsvitania.sk\/#organization"},"potentialAction":[{"@type":"SearchAction","target":{"@type":"EntryPoint","urlTemplate":"https:\/\/www.domsvitania.sk\/?s={search_term_string}"},"query-input":{"@type":"PropertyValueSpecification","valueRequired":true,"valueName":"search_term_string"}}],"inLanguage":"sk-SK"},{"@type":"Organization","@id":"https:\/\/www.domsvitania.sk\/#organization","name":"Dom Svitania, n.o.","url":"https:\/\/www.domsvitania.sk\/","logo":{"@type":"ImageObject","inLanguage":"sk-SK","@id":"https:\/\/www.domsvitania.sk\/#\/schema\/logo\/image\/","url":"https:\/\/www.domsvitania.sk\/wp-content\/uploads\/2023\/01\/dom_svitania_logo.jpg","contentUrl":"https:\/\/www.domsvitania.sk\/wp-content\/uploads\/2023\/01\/dom_svitania_logo.jpg","width":243,"height":208,"caption":"Dom Svitania, n.o."},"image":{"@id":"https:\/\/www.domsvitania.sk\/#\/schema\/logo\/image\/"},"sameAs":["https:\/\/www.facebook.com\/domsvitaniask","https:\/\/www.instagram.com\/domsvitania"]}]}},"jetpack_sharing_enabled":true,"_links":{"self":[{"href":"https:\/\/www.domsvitania.sk\/index.php?rest_route=\/wp\/v2\/product\/3553","targetHints":{"allow":["GET"]}}],"collection":[{"href":"https:\/\/www.domsvitania.sk\/index.php?rest_route=\/wp\/v2\/product"}],"about":[{"href":"https:\/\/www.domsvitania.sk\/index.php?rest_route=\/wp\/v2\/types\/product"}],"replies":[{"embeddable":true,"href":"https:\/\/www.domsvitania.sk\/index.php?rest_route=%2Fwp%2Fv2%2Fcomments&post=3553"}],"wp:featuredmedia":[{"embeddable":true,"href":"https:\/\/www.domsvitania.sk\/index.php?rest_route=\/wp\/v2\/media\/3559"}],"wp:attachment":[{"href":"https:\/\/www.domsvitania.sk\/index.php?rest_route=%2Fwp%2Fv2%2Fmedia&parent=3553"}],"wp:term":[{"taxonomy":"product_brand","embeddable":true,"href":"https:\/\/www.domsvitania.sk\/index.php?rest_route=%2Fwp%2Fv2%2Fproduct_brand&post=3553"},{"taxonomy":"product_cat","embeddable":true,"href":"https:\/\/www.domsvitania.sk\/index.php?rest_route=%2Fwp%2Fv2%2Fproduct_cat&post=3553"},{"taxonomy":"product_tag","embeddable":true,"href":"https:\/\/www.domsvitania.sk\/index.php?rest_route=%2Fwp%2Fv2%2Fproduct_tag&post=3553"}],"curies":[{"name":"wp","href":"https:\/\/api.w.org\/{rel}","templated":true}]}}